{"id":9438,"date":"2023-07-13T12:35:55","date_gmt":"2023-07-13T17:35:55","guid":{"rendered":"https:\/\/fiasportsbrands.com\/peru\/?post_type=product&#038;p=9438"},"modified":"2025-12-10T11:59:24","modified_gmt":"2025-12-10T16:59:24","slug":"zecto-250-lm-front-zecto-80lm-rear-pair-black","status":"publish","type":"product","link":"https:\/\/fiasportsbrands.com\/peru\/producto\/zecto-250-lm-front-zecto-80lm-rear-pair-black\/","title":{"rendered":"ZECTO 250 LM FRONT \/ ZECTO 80LM REAR PAIR BLACK"},"content":{"rendered":"<div class=\"row\">\n<div class=\"col-md-12 text-center\">\n<div id=\"langdiv_specs\" class=\"h4\">SPECS<\/div>\n<\/div>\n<div class=\"row text-center\">\n<div>\n<div id=\"langdiv_maxlumens\" class=\"techname\">MAX LUMENS:<\/div>\n<p>250 Front \/ 80 Rear<\/p>\n<div id=\"langdiv_weight\" class=\"techname\">WEIGHT:<\/div>\n<p>47g<\/p>\n<div id=\"langdiv_maxruntime\" class=\"techname\">MAX RUNTIME:<\/div>\n<p>15:30 Front \/ 11:00 Rear<\/p>\n<div id=\"langdiv_hours\" class=\"langdivinlineblock\">hours<\/div>\n<div id=\"langdiv_rechargetime\" class=\"techname\">RECHARGE TIME:<\/div>\n<p>2.5<\/p>\n<div id=\"langdiv_hours2\" class=\"langdivinlineblock\">hours<\/div>\n<div id=\"langdiv_colors\" class=\"techname\">COLORS:<\/div>\n<p><img decoding=\"async\" src=\"https:\/\/www.lezyne.com\/images\/silver.jpg\" alt=\"silver\/high polish\" \/><img decoding=\"async\" src=\"https:\/\/www.lezyne.com\/images\/black.jpg\" alt=\"black\/high polish\" \/><img decoding=\"async\" src=\"https:\/\/www.lezyne.com\/images\/red.jpg\" alt=\"red\/high polish\" \/><\/p>\n<\/div>\n<\/div>\n<\/div>\n<div class=\"product-page-section\">\n<div class=\"product-page-row\">\n<div class=\"techname\">FRONT:<\/div>\n<p><img decoding=\"async\" class=\"\" src=\"https:\/\/cdn.shopify.com\/s\/files\/1\/0043\/1246\/5494\/files\/Y13_Zecto_Drive_Front.png?v=1653506698\" alt=\"Lezyne Zecto Drive Front LED FL1 Chart\" width=\"465\" height=\"85\" \/><\/p>\n<\/div>\n<\/div>\n<div class=\"product-page-section\">\n<div class=\"product-page-row\">\n<div class=\"techname\">REAR:<\/div>\n<p><img decoding=\"async\" class=\"\" src=\"https:\/\/cdn.shopify.com\/s\/files\/1\/0043\/1246\/5494\/files\/Y13_Zecto_Drive_Rear.png?v=1653508907\" alt=\"Lezyne Zecto Drive Rear LED FL1 Chart\" width=\"475\" height=\"77\" \/><\/p>\n<\/div>\n<\/div>\n","protected":false},"excerpt":{"rendered":"<p>El Zecto Drive Front es una luz de perfil bajo y alta visibilidad con tres LED ultra brillantes, que ofrecen hasta 250 l\u00famenes y siete opciones de salida diferentes. Est\u00e1 construido con un cuerpo de Composite Matrix ligero y duradero, junto con una placa frontal de aluminio mecanizado. Un indicador de energ\u00eda inteligente muestra la duraci\u00f3n de la bater\u00eda y proporciona una mayor visibilidad lateral. El sistema patentado 2 en 1 Clip-On se puede sujetar a manillares o enganchar a presillas. La luz se recarga mediante Micro-USB.<\/p>\n","protected":false},"featured_media":9439,"comment_status":"open","ping_status":"closed","template":"","meta":{"site-sidebar-layout":"default","site-content-layout":"default","ast-site-content-layout":"default","site-content-style":"default","site-sidebar-style":"default","ast-global-header-display":"","ast-banner-title-visibility":"","ast-main-header-display":"","ast-hfb-above-header-display":"","ast-hfb-below-header-display":"","ast-hfb-mobile-header-display":"","site-post-title":"","ast-breadcrumbs-content":"","ast-featured-img":"","footer-sml-layout":"","ast-disable-related-posts":"","theme-transparent-header-meta":"default","adv-header-id-meta":"","stick-header-meta":"","header-above-stick-meta":"","header-main-stick-meta":"","header-below-stick-meta":"","astra-migrate-meta-layouts":"default","ast-page-background-enabled":"default","ast-page-background-meta":{"desktop":{"background-color":"","background-image":"","background-repeat":"repeat","background-position":"center center","background-size":"auto","background-attachment":"scroll","background-type":"","background-media":"","overlay-type":"","overlay-color":"","overlay-opacity":"","overlay-gradient":""},"tablet":{"background-color":"","background-image":"","background-repeat":"repeat","background-position":"center center","background-size":"auto","background-attachment":"scroll","background-type":"","background-media":"","overlay-type":"","overlay-color":"","overlay-opacity":"","overlay-gradient":""},"mobile":{"background-color":"","background-image":"","background-repeat":"repeat","background-position":"center center","background-size":"auto","background-attachment":"scroll","background-type":"","background-media":"","overlay-type":"","overlay-color":"","overlay-opacity":"","overlay-gradient":""}},"ast-content-background-meta":{"desktop":{"background-color":"var(--ast-global-color-5)","background-image":"","background-repeat":"repeat","background-position":"center center","background-size":"auto","background-attachment":"scroll","background-type":"","background-media":"","overlay-type":"","overlay-color":"","overlay-opacity":"","overlay-gradient":""},"tablet":{"background-color":"var(--ast-global-color-5)","background-image":"","background-repeat":"repeat","background-position":"center center","background-size":"auto","background-attachment":"scroll","background-type":"","background-media":"","overlay-type":"","overlay-color":"","overlay-opacity":"","overlay-gradient":""},"mobile":{"background-color":"var(--ast-global-color-5)","background-image":"","background-repeat":"repeat","background-position":"center center","background-size":"auto","background-attachment":"scroll","background-type":"","background-media":"","overlay-type":"","overlay-color":"","overlay-opacity":"","overlay-gradient":""}}},"product_brand":[],"product_cat":[465,532,530],"product_tag":[],"class_list":{"0":"post-9438","1":"product","2":"type-product","3":"status-publish","4":"has-post-thumbnail","6":"product_cat-ciclismo","7":"product_cat-leds","8":"product_cat-lezyne","9":"desktop-align-left","10":"tablet-align-left","11":"mobile-align-left","13":"first","14":"instock","15":"shipping-taxable","16":"purchasable","17":"product-type-simple"},"yoast_head":"<!-- This site is optimized with the Yoast SEO plugin v27.5 - https:\/\/yoast.com\/product\/yoast-seo-wordpress\/ -->\n<title>ZECTO 250 LM FRONT \/ ZECTO 80LM REAR PAIR BLACK - FiaSports Per\u00fa<\/title>\n<meta name=\"robots\" content=\"index, follow, max-snippet:-1, max-image-preview:large, max-video-preview:-1\" \/>\n<link rel=\"canonical\" href=\"https:\/\/fiasportsbrands.com\/peru\/producto\/zecto-250-lm-front-zecto-80lm-rear-pair-black\/\" \/>\n<meta property=\"og:locale\" content=\"es_ES\" \/>\n<meta property=\"og:type\" content=\"article\" \/>\n<meta property=\"og:title\" content=\"ZECTO 250 LM FRONT \/ ZECTO 80LM REAR PAIR BLACK - FiaSports Per\u00fa\" \/>\n<meta property=\"og:description\" content=\"El Zecto Drive Front es una luz de perfil bajo y alta visibilidad con tres LED ultra brillantes, que ofrecen hasta 250 l\u00famenes y siete opciones de salida diferentes. Est\u00e1 construido con un cuerpo de Composite Matrix ligero y duradero, junto con una placa frontal de aluminio mecanizado. Un indicador de energ\u00eda inteligente muestra la duraci\u00f3n de la bater\u00eda y proporciona una mayor visibilidad lateral. El sistema patentado 2 en 1 Clip-On se puede sujetar a manillares o enganchar a presillas. La luz se recarga mediante Micro-USB.\" \/>\n<meta property=\"og:url\" content=\"https:\/\/fiasportsbrands.com\/peru\/producto\/zecto-250-lm-front-zecto-80lm-rear-pair-black\/\" \/>\n<meta property=\"og:site_name\" content=\"FiaSports Per\u00fa\" \/>\n<meta property=\"article:publisher\" content=\"https:\/\/www.facebook.com\/bolleperuu\" \/>\n<meta property=\"article:modified_time\" content=\"2025-12-10T16:59:24+00:00\" \/>\n<meta property=\"og:image\" content=\"https:\/\/fiasportsbrands.com\/peru\/wp-content\/uploads\/sites\/2\/2023\/07\/1-LED-8P-V304_ZectoDrivePair_Black_v1_R1_9e437233-ded2-4c96-ba0b-eacc4a4c4cf3_720x.webp\" \/>\n\t<meta property=\"og:image:width\" content=\"720\" \/>\n\t<meta property=\"og:image:height\" content=\"720\" \/>\n\t<meta property=\"og:image:type\" content=\"image\/webp\" \/>\n<meta name=\"twitter:card\" content=\"summary_large_image\" \/>\n<script type=\"application\/ld+json\" class=\"yoast-schema-graph\">{\"@context\":\"https:\\\/\\\/schema.org\",\"@graph\":[{\"@type\":\"WebPage\",\"@id\":\"https:\\\/\\\/fiasportsbrands.com\\\/peru\\\/producto\\\/zecto-250-lm-front-zecto-80lm-rear-pair-black\\\/\",\"url\":\"https:\\\/\\\/fiasportsbrands.com\\\/peru\\\/producto\\\/zecto-250-lm-front-zecto-80lm-rear-pair-black\\\/\",\"name\":\"ZECTO 250 LM FRONT \\\/ ZECTO 80LM REAR PAIR BLACK - FiaSports Per\u00fa\",\"isPartOf\":{\"@id\":\"https:\\\/\\\/fiasportsbrands.com\\\/peru\\\/#website\"},\"primaryImageOfPage\":{\"@id\":\"https:\\\/\\\/fiasportsbrands.com\\\/peru\\\/producto\\\/zecto-250-lm-front-zecto-80lm-rear-pair-black\\\/#primaryimage\"},\"image\":{\"@id\":\"https:\\\/\\\/fiasportsbrands.com\\\/peru\\\/producto\\\/zecto-250-lm-front-zecto-80lm-rear-pair-black\\\/#primaryimage\"},\"thumbnailUrl\":\"https:\\\/\\\/fiasportsbrands.com\\\/peru\\\/wp-content\\\/uploads\\\/sites\\\/2\\\/2023\\\/07\\\/1-LED-8P-V304_ZectoDrivePair_Black_v1_R1_9e437233-ded2-4c96-ba0b-eacc4a4c4cf3_720x.webp\",\"datePublished\":\"2023-07-13T17:35:55+00:00\",\"dateModified\":\"2025-12-10T16:59:24+00:00\",\"breadcrumb\":{\"@id\":\"https:\\\/\\\/fiasportsbrands.com\\\/peru\\\/producto\\\/zecto-250-lm-front-zecto-80lm-rear-pair-black\\\/#breadcrumb\"},\"inLanguage\":\"es\",\"potentialAction\":[{\"@type\":\"ReadAction\",\"target\":[\"https:\\\/\\\/fiasportsbrands.com\\\/peru\\\/producto\\\/zecto-250-lm-front-zecto-80lm-rear-pair-black\\\/\"]}]},{\"@type\":\"ImageObject\",\"inLanguage\":\"es\",\"@id\":\"https:\\\/\\\/fiasportsbrands.com\\\/peru\\\/producto\\\/zecto-250-lm-front-zecto-80lm-rear-pair-black\\\/#primaryimage\",\"url\":\"https:\\\/\\\/fiasportsbrands.com\\\/peru\\\/wp-content\\\/uploads\\\/sites\\\/2\\\/2023\\\/07\\\/1-LED-8P-V304_ZectoDrivePair_Black_v1_R1_9e437233-ded2-4c96-ba0b-eacc4a4c4cf3_720x.webp\",\"contentUrl\":\"https:\\\/\\\/fiasportsbrands.com\\\/peru\\\/wp-content\\\/uploads\\\/sites\\\/2\\\/2023\\\/07\\\/1-LED-8P-V304_ZectoDrivePair_Black_v1_R1_9e437233-ded2-4c96-ba0b-eacc4a4c4cf3_720x.webp\",\"width\":720,\"height\":720},{\"@type\":\"BreadcrumbList\",\"@id\":\"https:\\\/\\\/fiasportsbrands.com\\\/peru\\\/producto\\\/zecto-250-lm-front-zecto-80lm-rear-pair-black\\\/#breadcrumb\",\"itemListElement\":[{\"@type\":\"ListItem\",\"position\":1,\"name\":\"Portada\",\"item\":\"https:\\\/\\\/fiasportsbrands.com\\\/peru\\\/\"},{\"@type\":\"ListItem\",\"position\":2,\"name\":\"Tienda\",\"item\":\"https:\\\/\\\/fiasportsbrands.com\\\/peru\\\/tienda\\\/\"},{\"@type\":\"ListItem\",\"position\":3,\"name\":\"ZECTO 250 LM FRONT \\\/ ZECTO 80LM REAR PAIR BLACK\"}]},{\"@type\":\"WebSite\",\"@id\":\"https:\\\/\\\/fiasportsbrands.com\\\/peru\\\/#website\",\"url\":\"https:\\\/\\\/fiasportsbrands.com\\\/peru\\\/\",\"name\":\"FiaSports Per\u00fa\",\"description\":\"Distribuidor oficial de marcas deportivas\",\"publisher\":{\"@id\":\"https:\\\/\\\/fiasportsbrands.com\\\/peru\\\/#organization\"},\"potentialAction\":[{\"@type\":\"SearchAction\",\"target\":{\"@type\":\"EntryPoint\",\"urlTemplate\":\"https:\\\/\\\/fiasportsbrands.com\\\/peru\\\/?s={search_term_string}\"},\"query-input\":{\"@type\":\"PropertyValueSpecification\",\"valueRequired\":true,\"valueName\":\"search_term_string\"}}],\"inLanguage\":\"es\"},{\"@type\":\"Organization\",\"@id\":\"https:\\\/\\\/fiasportsbrands.com\\\/peru\\\/#organization\",\"name\":\"FiaSports Per\u00fa\",\"url\":\"https:\\\/\\\/fiasportsbrands.com\\\/peru\\\/\",\"logo\":{\"@type\":\"ImageObject\",\"inLanguage\":\"es\",\"@id\":\"https:\\\/\\\/fiasportsbrands.com\\\/peru\\\/#\\\/schema\\\/logo\\\/image\\\/\",\"url\":\"https:\\\/\\\/fiasportsbrands.com\\\/peru\\\/wp-content\\\/uploads\\\/sites\\\/2\\\/2023\\\/04\\\/logo_fiasports.png\",\"contentUrl\":\"https:\\\/\\\/fiasportsbrands.com\\\/peru\\\/wp-content\\\/uploads\\\/sites\\\/2\\\/2023\\\/04\\\/logo_fiasports.png\",\"width\":512,\"height\":128,\"caption\":\"FiaSports Per\u00fa\"},\"image\":{\"@id\":\"https:\\\/\\\/fiasportsbrands.com\\\/peru\\\/#\\\/schema\\\/logo\\\/image\\\/\"},\"sameAs\":[\"https:\\\/\\\/www.facebook.com\\\/bolleperuu\",\"https:\\\/\\\/www.instagram.com\\\/bolleperu\\\/\"]}]}<\/script>\n<!-- \/ Yoast SEO plugin. -->","yoast_head_json":{"title":"ZECTO 250 LM FRONT \/ ZECTO 80LM REAR PAIR BLACK - FiaSports Per\u00fa","robots":{"index":"index","follow":"follow","max-snippet":"max-snippet:-1","max-image-preview":"max-image-preview:large","max-video-preview":"max-video-preview:-1"},"canonical":"https:\/\/fiasportsbrands.com\/peru\/producto\/zecto-250-lm-front-zecto-80lm-rear-pair-black\/","og_locale":"es_ES","og_type":"article","og_title":"ZECTO 250 LM FRONT \/ ZECTO 80LM REAR PAIR BLACK - FiaSports Per\u00fa","og_description":"El Zecto Drive Front es una luz de perfil bajo y alta visibilidad con tres LED ultra brillantes, que ofrecen hasta 250 l\u00famenes y siete opciones de salida diferentes. Est\u00e1 construido con un cuerpo de Composite Matrix ligero y duradero, junto con una placa frontal de aluminio mecanizado. Un indicador de energ\u00eda inteligente muestra la duraci\u00f3n de la bater\u00eda y proporciona una mayor visibilidad lateral. El sistema patentado 2 en 1 Clip-On se puede sujetar a manillares o enganchar a presillas. La luz se recarga mediante Micro-USB.","og_url":"https:\/\/fiasportsbrands.com\/peru\/producto\/zecto-250-lm-front-zecto-80lm-rear-pair-black\/","og_site_name":"FiaSports Per\u00fa","article_publisher":"https:\/\/www.facebook.com\/bolleperuu","article_modified_time":"2025-12-10T16:59:24+00:00","og_image":[{"width":720,"height":720,"url":"https:\/\/fiasportsbrands.com\/peru\/wp-content\/uploads\/sites\/2\/2023\/07\/1-LED-8P-V304_ZectoDrivePair_Black_v1_R1_9e437233-ded2-4c96-ba0b-eacc4a4c4cf3_720x.webp","type":"image\/webp"}],"twitter_card":"summary_large_image","schema":{"@context":"https:\/\/schema.org","@graph":[{"@type":"WebPage","@id":"https:\/\/fiasportsbrands.com\/peru\/producto\/zecto-250-lm-front-zecto-80lm-rear-pair-black\/","url":"https:\/\/fiasportsbrands.com\/peru\/producto\/zecto-250-lm-front-zecto-80lm-rear-pair-black\/","name":"ZECTO 250 LM FRONT \/ ZECTO 80LM REAR PAIR BLACK - FiaSports Per\u00fa","isPartOf":{"@id":"https:\/\/fiasportsbrands.com\/peru\/#website"},"primaryImageOfPage":{"@id":"https:\/\/fiasportsbrands.com\/peru\/producto\/zecto-250-lm-front-zecto-80lm-rear-pair-black\/#primaryimage"},"image":{"@id":"https:\/\/fiasportsbrands.com\/peru\/producto\/zecto-250-lm-front-zecto-80lm-rear-pair-black\/#primaryimage"},"thumbnailUrl":"https:\/\/fiasportsbrands.com\/peru\/wp-content\/uploads\/sites\/2\/2023\/07\/1-LED-8P-V304_ZectoDrivePair_Black_v1_R1_9e437233-ded2-4c96-ba0b-eacc4a4c4cf3_720x.webp","datePublished":"2023-07-13T17:35:55+00:00","dateModified":"2025-12-10T16:59:24+00:00","breadcrumb":{"@id":"https:\/\/fiasportsbrands.com\/peru\/producto\/zecto-250-lm-front-zecto-80lm-rear-pair-black\/#breadcrumb"},"inLanguage":"es","potentialAction":[{"@type":"ReadAction","target":["https:\/\/fiasportsbrands.com\/peru\/producto\/zecto-250-lm-front-zecto-80lm-rear-pair-black\/"]}]},{"@type":"ImageObject","inLanguage":"es","@id":"https:\/\/fiasportsbrands.com\/peru\/producto\/zecto-250-lm-front-zecto-80lm-rear-pair-black\/#primaryimage","url":"https:\/\/fiasportsbrands.com\/peru\/wp-content\/uploads\/sites\/2\/2023\/07\/1-LED-8P-V304_ZectoDrivePair_Black_v1_R1_9e437233-ded2-4c96-ba0b-eacc4a4c4cf3_720x.webp","contentUrl":"https:\/\/fiasportsbrands.com\/peru\/wp-content\/uploads\/sites\/2\/2023\/07\/1-LED-8P-V304_ZectoDrivePair_Black_v1_R1_9e437233-ded2-4c96-ba0b-eacc4a4c4cf3_720x.webp","width":720,"height":720},{"@type":"BreadcrumbList","@id":"https:\/\/fiasportsbrands.com\/peru\/producto\/zecto-250-lm-front-zecto-80lm-rear-pair-black\/#breadcrumb","itemListElement":[{"@type":"ListItem","position":1,"name":"Portada","item":"https:\/\/fiasportsbrands.com\/peru\/"},{"@type":"ListItem","position":2,"name":"Tienda","item":"https:\/\/fiasportsbrands.com\/peru\/tienda\/"},{"@type":"ListItem","position":3,"name":"ZECTO 250 LM FRONT \/ ZECTO 80LM REAR PAIR BLACK"}]},{"@type":"WebSite","@id":"https:\/\/fiasportsbrands.com\/peru\/#website","url":"https:\/\/fiasportsbrands.com\/peru\/","name":"FiaSports Per\u00fa","description":"Distribuidor oficial de marcas deportivas","publisher":{"@id":"https:\/\/fiasportsbrands.com\/peru\/#organization"},"potentialAction":[{"@type":"SearchAction","target":{"@type":"EntryPoint","urlTemplate":"https:\/\/fiasportsbrands.com\/peru\/?s={search_term_string}"},"query-input":{"@type":"PropertyValueSpecification","valueRequired":true,"valueName":"search_term_string"}}],"inLanguage":"es"},{"@type":"Organization","@id":"https:\/\/fiasportsbrands.com\/peru\/#organization","name":"FiaSports Per\u00fa","url":"https:\/\/fiasportsbrands.com\/peru\/","logo":{"@type":"ImageObject","inLanguage":"es","@id":"https:\/\/fiasportsbrands.com\/peru\/#\/schema\/logo\/image\/","url":"https:\/\/fiasportsbrands.com\/peru\/wp-content\/uploads\/sites\/2\/2023\/04\/logo_fiasports.png","contentUrl":"https:\/\/fiasportsbrands.com\/peru\/wp-content\/uploads\/sites\/2\/2023\/04\/logo_fiasports.png","width":512,"height":128,"caption":"FiaSports Per\u00fa"},"image":{"@id":"https:\/\/fiasportsbrands.com\/peru\/#\/schema\/logo\/image\/"},"sameAs":["https:\/\/www.facebook.com\/bolleperuu","https:\/\/www.instagram.com\/bolleperu\/"]}]}},"_links":{"self":[{"href":"https:\/\/fiasportsbrands.com\/peru\/wp-json\/wp\/v2\/product\/9438","targetHints":{"allow":["GET"]}}],"collection":[{"href":"https:\/\/fiasportsbrands.com\/peru\/wp-json\/wp\/v2\/product"}],"about":[{"href":"https:\/\/fiasportsbrands.com\/peru\/wp-json\/wp\/v2\/types\/product"}],"replies":[{"embeddable":true,"href":"https:\/\/fiasportsbrands.com\/peru\/wp-json\/wp\/v2\/comments?post=9438"}],"version-history":[{"count":2,"href":"https:\/\/fiasportsbrands.com\/peru\/wp-json\/wp\/v2\/product\/9438\/revisions"}],"predecessor-version":[{"id":10319,"href":"https:\/\/fiasportsbrands.com\/peru\/wp-json\/wp\/v2\/product\/9438\/revisions\/10319"}],"wp:featuredmedia":[{"embeddable":true,"href":"https:\/\/fiasportsbrands.com\/peru\/wp-json\/wp\/v2\/media\/9439"}],"wp:attachment":[{"href":"https:\/\/fiasportsbrands.com\/peru\/wp-json\/wp\/v2\/media?parent=9438"}],"wp:term":[{"taxonomy":"product_brand","embeddable":true,"href":"https:\/\/fiasportsbrands.com\/peru\/wp-json\/wp\/v2\/product_brand?post=9438"},{"taxonomy":"product_cat","embeddable":true,"href":"https:\/\/fiasportsbrands.com\/peru\/wp-json\/wp\/v2\/product_cat?post=9438"},{"taxonomy":"product_tag","embeddable":true,"href":"https:\/\/fiasportsbrands.com\/peru\/wp-json\/wp\/v2\/product_tag?post=9438"}],"curies":[{"name":"wp","href":"https:\/\/api.w.org\/{rel}","templated":true}]}}