{"id":9398,"date":"2023-07-13T09:51:24","date_gmt":"2023-07-13T14:51:24","guid":{"rendered":"https:\/\/fiasportsbrands.com\/peru\/?post_type=product&#038;p=9398"},"modified":"2024-11-05T17:22:29","modified_gmt":"2024-11-05T22:22:29","slug":"tent-nemesi-2-pro-olive-green","status":"publish","type":"product","link":"https:\/\/fiasportsbrands.com\/peru\/producto\/tent-nemesi-2-pro-olive-green\/","title":{"rendered":"TENT NEMESI 2 PRO OLIVE GREEN"},"content":{"rendered":"<div class=\"col-md-6 col-sm-6 col-xs-12\">\n<div class=\"item__description\">\n<p><strong>Descripci\u00f3n<\/strong><\/p>\n<ul>\n<li><strong>Estructura<\/strong>: Dome<\/li>\n<li><strong>Materiales<\/strong>: Doble techo 100% poli\u00e9ster reciclado Ripstop 70D, 85 g\/m2, recubierto con poliuretano, impermeabilidad 3000 mm, hidr\u00f3fugo, tratado FR | Tejido interior con mosquitera tratado FR | Suelo 100% poli\u00e9ster reciclado 70D, 95 g\/m2, recubierto con poliuretano, impermeabilidad 8.000 mm, tratado FR | Costuras termoselladas en el doble techo y en el suelo para asegurar una impermeabilidad total | Fabricaci\u00f3n con tres capas para reforzar las esquinas de la tienda<\/li>\n<li><strong>Varillas<\/strong>: Varillas de aleaci\u00f3n de aluminio templado 7001 T6 con extraordinarias caracter\u00edsticas de ligereza, resistencia y elasticidad | 3 varillas de duraluminio previamente unidas | Varillas de colores diferentes para facilitar el montaje | Tienda interior suspendida de las varillas con ganchos y canales | Piquetas de aluminio Superlight<\/li>\n<li><strong>Entradas y ventilaci\u00f3n<\/strong>: Dos vest\u00edbulos | Puertas mosquitera | Bocas de ventilaci\u00f3n en la parte delantera y posterior | Sistema de ventilaci\u00f3n \u201ccamera air\u201d con mosquitera<\/li>\n<li><strong>Almacenamiento<\/strong>: Bolsillos interiores portaobjetos<\/li>\n<li><strong>Accesorios<\/strong>: Regulaci\u00f3n de los tensores Fast Adjustment | Gancho para l\u00e1mpara | Funda incluida | Kit de reparaci\u00f3n incluido | V\u00eddeo de instrucciones activable mediante c\u00f3digo QR<\/li>\n<\/ul>\n<\/div>\n<\/div>\n<div class=\"col-md-5 col-md-offset-1 col-sm-6 col-xs-12\">\n<div class=\"item__description\"><\/div>\n<\/div>\n","protected":false},"excerpt":{"rendered":"<p>Nemesi 2 PRO es la tienda de 2 plazas ultraligera, fiable\u00a0y f\u00e1cil de montar. Las varillas preformadas y la estaca\u00a0separadora mejoran la habitabilidad y solidez.\u00a0Pensada como refugio para trekkers, senderistas, monta\u00f1istas\u00a0o ciclistas que efect\u00faan viajes a pie o en bicicleta.<\/p>\n<div class=\"details-links\"><\/div>\n","protected":false},"featured_media":9420,"comment_status":"open","ping_status":"closed","template":"","meta":{"site-sidebar-layout":"default","site-content-layout":"","ast-site-content-layout":"default","site-content-style":"default","site-sidebar-style":"default","ast-global-header-display":"","ast-banner-title-visibility":"","ast-main-header-display":"","ast-hfb-above-header-display":"","ast-hfb-below-header-display":"","ast-hfb-mobile-header-display":"","site-post-title":"","ast-breadcrumbs-content":"","ast-featured-img":"","footer-sml-layout":"","ast-disable-related-posts":"","theme-transparent-header-meta":"","adv-header-id-meta":"","stick-header-meta":"","header-above-stick-meta":"","header-main-stick-meta":"","header-below-stick-meta":"","astra-migrate-meta-layouts":"default","ast-page-background-enabled":"default","ast-page-background-meta":{"desktop":{"background-color":"","background-image":"","background-repeat":"repeat","background-position":"center center","background-size":"auto","background-attachment":"scroll","background-type":"","background-media":"","overlay-type":"","overlay-color":"","overlay-opacity":"","overlay-gradient":""},"tablet":{"background-color":"","background-image":"","background-repeat":"repeat","background-position":"center center","background-size":"auto","background-attachment":"scroll","background-type":"","background-media":"","overlay-type":"","overlay-color":"","overlay-opacity":"","overlay-gradient":""},"mobile":{"background-color":"","background-image":"","background-repeat":"repeat","background-position":"center center","background-size":"auto","background-attachment":"scroll","background-type":"","background-media":"","overlay-type":"","overlay-color":"","overlay-opacity":"","overlay-gradient":""}},"ast-content-background-meta":{"desktop":{"background-color":"var(--ast-global-color-5)","background-image":"","background-repeat":"repeat","background-position":"center center","background-size":"auto","background-attachment":"scroll","background-type":"","background-media":"","overlay-type":"","overlay-color":"","overlay-opacity":"","overlay-gradient":""},"tablet":{"background-color":"var(--ast-global-color-5)","background-image":"","background-repeat":"repeat","background-position":"center center","background-size":"auto","background-attachment":"scroll","background-type":"","background-media":"","overlay-type":"","overlay-color":"","overlay-opacity":"","overlay-gradient":""},"mobile":{"background-color":"var(--ast-global-color-5)","background-image":"","background-repeat":"repeat","background-position":"center center","background-size":"auto","background-attachment":"scroll","background-type":"","background-media":"","overlay-type":"","overlay-color":"","overlay-opacity":"","overlay-gradient":""}}},"product_brand":[],"product_cat":[529,476,468],"product_tag":[],"class_list":{"0":"post-9398","1":"product","2":"type-product","3":"status-publish","4":"has-post-thumbnail","6":"product_cat-carpas","7":"product_cat-ferrino","8":"product_cat-montanismo-outdoor","9":"desktop-align-left","10":"tablet-align-left","11":"mobile-align-left","13":"first","14":"outofstock","15":"shipping-taxable","16":"purchasable","17":"product-type-simple"},"yoast_head":"<!-- This site is optimized with the Yoast SEO plugin v27.4 - https:\/\/yoast.com\/product\/yoast-seo-wordpress\/ -->\n<title>TENT NEMESI 2 PRO OLIVE GREEN - FiaSports Per\u00fa<\/title>\n<meta name=\"robots\" content=\"index, follow, max-snippet:-1, max-image-preview:large, max-video-preview:-1\" \/>\n<link rel=\"canonical\" href=\"https:\/\/fiasportsbrands.com\/peru\/producto\/tent-nemesi-2-pro-olive-green\/\" \/>\n<meta property=\"og:locale\" content=\"es_ES\" \/>\n<meta property=\"og:type\" content=\"article\" \/>\n<meta property=\"og:title\" content=\"TENT NEMESI 2 PRO OLIVE GREEN - FiaSports Per\u00fa\" \/>\n<meta property=\"og:description\" content=\"Nemesi 2 PRO es la tienda de 2 plazas ultraligera, fiable\u00a0y f\u00e1cil de montar. Las varillas preformadas y la estaca\u00a0separadora mejoran la habitabilidad y solidez.\u00a0Pensada como refugio para trekkers, senderistas, monta\u00f1istas\u00a0o ciclistas que efect\u00faan viajes a pie o en bicicleta.\" \/>\n<meta property=\"og:url\" content=\"https:\/\/fiasportsbrands.com\/peru\/producto\/tent-nemesi-2-pro-olive-green\/\" \/>\n<meta property=\"og:site_name\" content=\"FiaSports Per\u00fa\" \/>\n<meta property=\"article:publisher\" content=\"https:\/\/www.facebook.com\/bolleperuu\" \/>\n<meta property=\"article:modified_time\" content=\"2024-11-05T22:22:29+00:00\" \/>\n<meta property=\"og:image\" content=\"https:\/\/fiasportsbrands.com\/peru\/wp-content\/uploads\/sites\/2\/2023\/07\/91212MOOFR-tent-nemesi-2-pro-olive-green.jpg\" \/>\n\t<meta property=\"og:image:width\" content=\"600\" \/>\n\t<meta property=\"og:image:height\" content=\"600\" \/>\n\t<meta property=\"og:image:type\" content=\"image\/jpeg\" \/>\n<meta name=\"twitter:card\" content=\"summary_large_image\" \/>\n<meta name=\"twitter:label1\" content=\"Tiempo de lectura\" \/>\n\t<meta name=\"twitter:data1\" content=\"1 minuto\" \/>\n<script type=\"application\/ld+json\" class=\"yoast-schema-graph\">{\"@context\":\"https:\\\/\\\/schema.org\",\"@graph\":[{\"@type\":\"WebPage\",\"@id\":\"https:\\\/\\\/fiasportsbrands.com\\\/peru\\\/producto\\\/tent-nemesi-2-pro-olive-green\\\/\",\"url\":\"https:\\\/\\\/fiasportsbrands.com\\\/peru\\\/producto\\\/tent-nemesi-2-pro-olive-green\\\/\",\"name\":\"TENT NEMESI 2 PRO OLIVE GREEN - FiaSports Per\u00fa\",\"isPartOf\":{\"@id\":\"https:\\\/\\\/fiasportsbrands.com\\\/peru\\\/#website\"},\"primaryImageOfPage\":{\"@id\":\"https:\\\/\\\/fiasportsbrands.com\\\/peru\\\/producto\\\/tent-nemesi-2-pro-olive-green\\\/#primaryimage\"},\"image\":{\"@id\":\"https:\\\/\\\/fiasportsbrands.com\\\/peru\\\/producto\\\/tent-nemesi-2-pro-olive-green\\\/#primaryimage\"},\"thumbnailUrl\":\"https:\\\/\\\/fiasportsbrands.com\\\/peru\\\/wp-content\\\/uploads\\\/sites\\\/2\\\/2023\\\/07\\\/91212MOOFR-tent-nemesi-2-pro-olive-green.jpg\",\"datePublished\":\"2023-07-13T14:51:24+00:00\",\"dateModified\":\"2024-11-05T22:22:29+00:00\",\"breadcrumb\":{\"@id\":\"https:\\\/\\\/fiasportsbrands.com\\\/peru\\\/producto\\\/tent-nemesi-2-pro-olive-green\\\/#breadcrumb\"},\"inLanguage\":\"es\",\"potentialAction\":[{\"@type\":\"ReadAction\",\"target\":[\"https:\\\/\\\/fiasportsbrands.com\\\/peru\\\/producto\\\/tent-nemesi-2-pro-olive-green\\\/\"]}]},{\"@type\":\"ImageObject\",\"inLanguage\":\"es\",\"@id\":\"https:\\\/\\\/fiasportsbrands.com\\\/peru\\\/producto\\\/tent-nemesi-2-pro-olive-green\\\/#primaryimage\",\"url\":\"https:\\\/\\\/fiasportsbrands.com\\\/peru\\\/wp-content\\\/uploads\\\/sites\\\/2\\\/2023\\\/07\\\/91212MOOFR-tent-nemesi-2-pro-olive-green.jpg\",\"contentUrl\":\"https:\\\/\\\/fiasportsbrands.com\\\/peru\\\/wp-content\\\/uploads\\\/sites\\\/2\\\/2023\\\/07\\\/91212MOOFR-tent-nemesi-2-pro-olive-green.jpg\",\"width\":600,\"height\":600},{\"@type\":\"BreadcrumbList\",\"@id\":\"https:\\\/\\\/fiasportsbrands.com\\\/peru\\\/producto\\\/tent-nemesi-2-pro-olive-green\\\/#breadcrumb\",\"itemListElement\":[{\"@type\":\"ListItem\",\"position\":1,\"name\":\"Portada\",\"item\":\"https:\\\/\\\/fiasportsbrands.com\\\/peru\\\/\"},{\"@type\":\"ListItem\",\"position\":2,\"name\":\"Tienda\",\"item\":\"https:\\\/\\\/fiasportsbrands.com\\\/peru\\\/tienda\\\/\"},{\"@type\":\"ListItem\",\"position\":3,\"name\":\"TENT NEMESI 2 PRO OLIVE GREEN\"}]},{\"@type\":\"WebSite\",\"@id\":\"https:\\\/\\\/fiasportsbrands.com\\\/peru\\\/#website\",\"url\":\"https:\\\/\\\/fiasportsbrands.com\\\/peru\\\/\",\"name\":\"FiaSports Per\u00fa\",\"description\":\"Distribuidor oficial de marcas deportivas\",\"publisher\":{\"@id\":\"https:\\\/\\\/fiasportsbrands.com\\\/peru\\\/#organization\"},\"potentialAction\":[{\"@type\":\"SearchAction\",\"target\":{\"@type\":\"EntryPoint\",\"urlTemplate\":\"https:\\\/\\\/fiasportsbrands.com\\\/peru\\\/?s={search_term_string}\"},\"query-input\":{\"@type\":\"PropertyValueSpecification\",\"valueRequired\":true,\"valueName\":\"search_term_string\"}}],\"inLanguage\":\"es\"},{\"@type\":\"Organization\",\"@id\":\"https:\\\/\\\/fiasportsbrands.com\\\/peru\\\/#organization\",\"name\":\"FiaSports Per\u00fa\",\"url\":\"https:\\\/\\\/fiasportsbrands.com\\\/peru\\\/\",\"logo\":{\"@type\":\"ImageObject\",\"inLanguage\":\"es\",\"@id\":\"https:\\\/\\\/fiasportsbrands.com\\\/peru\\\/#\\\/schema\\\/logo\\\/image\\\/\",\"url\":\"https:\\\/\\\/fiasportsbrands.com\\\/peru\\\/wp-content\\\/uploads\\\/sites\\\/2\\\/2023\\\/04\\\/logo_fiasports.png\",\"contentUrl\":\"https:\\\/\\\/fiasportsbrands.com\\\/peru\\\/wp-content\\\/uploads\\\/sites\\\/2\\\/2023\\\/04\\\/logo_fiasports.png\",\"width\":512,\"height\":128,\"caption\":\"FiaSports Per\u00fa\"},\"image\":{\"@id\":\"https:\\\/\\\/fiasportsbrands.com\\\/peru\\\/#\\\/schema\\\/logo\\\/image\\\/\"},\"sameAs\":[\"https:\\\/\\\/www.facebook.com\\\/bolleperuu\",\"https:\\\/\\\/www.instagram.com\\\/bolleperu\\\/\"]}]}<\/script>\n<!-- \/ Yoast SEO plugin. -->","yoast_head_json":{"title":"TENT NEMESI 2 PRO OLIVE GREEN - FiaSports Per\u00fa","robots":{"index":"index","follow":"follow","max-snippet":"max-snippet:-1","max-image-preview":"max-image-preview:large","max-video-preview":"max-video-preview:-1"},"canonical":"https:\/\/fiasportsbrands.com\/peru\/producto\/tent-nemesi-2-pro-olive-green\/","og_locale":"es_ES","og_type":"article","og_title":"TENT NEMESI 2 PRO OLIVE GREEN - FiaSports Per\u00fa","og_description":"Nemesi 2 PRO es la tienda de 2 plazas ultraligera, fiable\u00a0y f\u00e1cil de montar. Las varillas preformadas y la estaca\u00a0separadora mejoran la habitabilidad y solidez.\u00a0Pensada como refugio para trekkers, senderistas, monta\u00f1istas\u00a0o ciclistas que efect\u00faan viajes a pie o en bicicleta.","og_url":"https:\/\/fiasportsbrands.com\/peru\/producto\/tent-nemesi-2-pro-olive-green\/","og_site_name":"FiaSports Per\u00fa","article_publisher":"https:\/\/www.facebook.com\/bolleperuu","article_modified_time":"2024-11-05T22:22:29+00:00","og_image":[{"width":600,"height":600,"url":"https:\/\/fiasportsbrands.com\/peru\/wp-content\/uploads\/sites\/2\/2023\/07\/91212MOOFR-tent-nemesi-2-pro-olive-green.jpg","type":"image\/jpeg"}],"twitter_card":"summary_large_image","twitter_misc":{"Tiempo de lectura":"1 minuto"},"schema":{"@context":"https:\/\/schema.org","@graph":[{"@type":"WebPage","@id":"https:\/\/fiasportsbrands.com\/peru\/producto\/tent-nemesi-2-pro-olive-green\/","url":"https:\/\/fiasportsbrands.com\/peru\/producto\/tent-nemesi-2-pro-olive-green\/","name":"TENT NEMESI 2 PRO OLIVE GREEN - FiaSports Per\u00fa","isPartOf":{"@id":"https:\/\/fiasportsbrands.com\/peru\/#website"},"primaryImageOfPage":{"@id":"https:\/\/fiasportsbrands.com\/peru\/producto\/tent-nemesi-2-pro-olive-green\/#primaryimage"},"image":{"@id":"https:\/\/fiasportsbrands.com\/peru\/producto\/tent-nemesi-2-pro-olive-green\/#primaryimage"},"thumbnailUrl":"https:\/\/fiasportsbrands.com\/peru\/wp-content\/uploads\/sites\/2\/2023\/07\/91212MOOFR-tent-nemesi-2-pro-olive-green.jpg","datePublished":"2023-07-13T14:51:24+00:00","dateModified":"2024-11-05T22:22:29+00:00","breadcrumb":{"@id":"https:\/\/fiasportsbrands.com\/peru\/producto\/tent-nemesi-2-pro-olive-green\/#breadcrumb"},"inLanguage":"es","potentialAction":[{"@type":"ReadAction","target":["https:\/\/fiasportsbrands.com\/peru\/producto\/tent-nemesi-2-pro-olive-green\/"]}]},{"@type":"ImageObject","inLanguage":"es","@id":"https:\/\/fiasportsbrands.com\/peru\/producto\/tent-nemesi-2-pro-olive-green\/#primaryimage","url":"https:\/\/fiasportsbrands.com\/peru\/wp-content\/uploads\/sites\/2\/2023\/07\/91212MOOFR-tent-nemesi-2-pro-olive-green.jpg","contentUrl":"https:\/\/fiasportsbrands.com\/peru\/wp-content\/uploads\/sites\/2\/2023\/07\/91212MOOFR-tent-nemesi-2-pro-olive-green.jpg","width":600,"height":600},{"@type":"BreadcrumbList","@id":"https:\/\/fiasportsbrands.com\/peru\/producto\/tent-nemesi-2-pro-olive-green\/#breadcrumb","itemListElement":[{"@type":"ListItem","position":1,"name":"Portada","item":"https:\/\/fiasportsbrands.com\/peru\/"},{"@type":"ListItem","position":2,"name":"Tienda","item":"https:\/\/fiasportsbrands.com\/peru\/tienda\/"},{"@type":"ListItem","position":3,"name":"TENT NEMESI 2 PRO OLIVE GREEN"}]},{"@type":"WebSite","@id":"https:\/\/fiasportsbrands.com\/peru\/#website","url":"https:\/\/fiasportsbrands.com\/peru\/","name":"FiaSports Per\u00fa","description":"Distribuidor oficial de marcas deportivas","publisher":{"@id":"https:\/\/fiasportsbrands.com\/peru\/#organization"},"potentialAction":[{"@type":"SearchAction","target":{"@type":"EntryPoint","urlTemplate":"https:\/\/fiasportsbrands.com\/peru\/?s={search_term_string}"},"query-input":{"@type":"PropertyValueSpecification","valueRequired":true,"valueName":"search_term_string"}}],"inLanguage":"es"},{"@type":"Organization","@id":"https:\/\/fiasportsbrands.com\/peru\/#organization","name":"FiaSports Per\u00fa","url":"https:\/\/fiasportsbrands.com\/peru\/","logo":{"@type":"ImageObject","inLanguage":"es","@id":"https:\/\/fiasportsbrands.com\/peru\/#\/schema\/logo\/image\/","url":"https:\/\/fiasportsbrands.com\/peru\/wp-content\/uploads\/sites\/2\/2023\/04\/logo_fiasports.png","contentUrl":"https:\/\/fiasportsbrands.com\/peru\/wp-content\/uploads\/sites\/2\/2023\/04\/logo_fiasports.png","width":512,"height":128,"caption":"FiaSports Per\u00fa"},"image":{"@id":"https:\/\/fiasportsbrands.com\/peru\/#\/schema\/logo\/image\/"},"sameAs":["https:\/\/www.facebook.com\/bolleperuu","https:\/\/www.instagram.com\/bolleperu\/"]}]}},"_links":{"self":[{"href":"https:\/\/fiasportsbrands.com\/peru\/wp-json\/wp\/v2\/product\/9398","targetHints":{"allow":["GET"]}}],"collection":[{"href":"https:\/\/fiasportsbrands.com\/peru\/wp-json\/wp\/v2\/product"}],"about":[{"href":"https:\/\/fiasportsbrands.com\/peru\/wp-json\/wp\/v2\/types\/product"}],"replies":[{"embeddable":true,"href":"https:\/\/fiasportsbrands.com\/peru\/wp-json\/wp\/v2\/comments?post=9398"}],"version-history":[{"count":1,"href":"https:\/\/fiasportsbrands.com\/peru\/wp-json\/wp\/v2\/product\/9398\/revisions"}],"predecessor-version":[{"id":9424,"href":"https:\/\/fiasportsbrands.com\/peru\/wp-json\/wp\/v2\/product\/9398\/revisions\/9424"}],"wp:featuredmedia":[{"embeddable":true,"href":"https:\/\/fiasportsbrands.com\/peru\/wp-json\/wp\/v2\/media\/9420"}],"wp:attachment":[{"href":"https:\/\/fiasportsbrands.com\/peru\/wp-json\/wp\/v2\/media?parent=9398"}],"wp:term":[{"taxonomy":"product_brand","embeddable":true,"href":"https:\/\/fiasportsbrands.com\/peru\/wp-json\/wp\/v2\/product_brand?post=9398"},{"taxonomy":"product_cat","embeddable":true,"href":"https:\/\/fiasportsbrands.com\/peru\/wp-json\/wp\/v2\/product_cat?post=9398"},{"taxonomy":"product_tag","embeddable":true,"href":"https:\/\/fiasportsbrands.com\/peru\/wp-json\/wp\/v2\/product_tag?post=9398"}],"curies":[{"name":"wp","href":"https:\/\/api.w.org\/{rel}","templated":true}]}}