{"id":9121,"date":"2023-07-13T09:42:38","date_gmt":"2023-07-13T14:42:38","guid":{"rendered":"https:\/\/fiasportsbrands.com\/peru\/?post_type=product&#038;p=9121"},"modified":"2026-01-13T12:33:55","modified_gmt":"2026-01-13T17:33:55","slug":"shifter","status":"publish","type":"product","link":"https:\/\/fiasportsbrands.com\/peru\/producto\/shifter\/","title":{"rendered":"SHIFTER"},"content":{"rendered":"<p>El SHIFTER est\u00e1 repleto de caracter\u00edsticas simples pero progresivas para disfrutar del viaje. Con patillas curvas, protector ventilado y lentes Phantom, tambi\u00e9n ofrecen excelentes combinaciones de colores para combinar con tu atuendo. Montura que utiliza el equipo de ciclistas profesional de AG2R La Mondiale.<\/p>\n<p>&nbsp;<\/p>\n<div class=\"container details long-description collapsible-section my-3\">\n<div class=\"row align-items-top\">\n<div class=\"col-12 col-lg\">\n<div class=\"row\">\n<div class=\"col-12\">\n<h3 class=\"title mb-3\" data-toggle=\"collapse\">DESTACADO:<\/h3>\n<\/div>\n<\/div>\n<div id=\"collapsibleDescription\" class=\"row justify-content-start mb-5 collapse show\">\n<div class=\"col-sm-12 col-lg-8 long-description_content\">\n<ul class=\"List\">\n<li>Peso : 30g<\/li>\n<li>Disponible en graduado<\/li>\n<li>Thermogrip\u00ae<\/li>\n<\/ul>\n<\/div>\n<\/div>\n<\/div>\n<div class=\"col-12 col-lg p-0\">\n<div class=\"size-description\"><\/div>\n<\/div>\n<\/div>\n<\/div>\n<div class=\"content-asset-section\">\n<div class=\"container content-section collapsible-section my-3 pdp-content-section-fit-guide-2298-SHIFTER\">\n<div class=\"row\">\n<div class=\"col-12\">\n<h3 class=\"title mb-3\" data-toggle=\"collapse\">GU\u00cdA DE AJUSTE:<\/h3>\n<p><img fetchpriority=\"high\" decoding=\"async\" class=\"alignnone wp-image-1693\" src=\"https:\/\/fiasports.com.ec\/wp-content\/uploads\/2020\/08\/SHIFTER_2.jpg\" alt=\"\" width=\"558\" height=\"299\" \/><img decoding=\"async\" class=\"alignnone wp-image-1694\" style=\"letter-spacing: 0.15px\" src=\"https:\/\/fiasports.com.ec\/wp-content\/uploads\/2020\/08\/SHIFTER_1.jpg\" alt=\"\" width=\"560\" height=\"300\" \/><span style=\"letter-spacing: 0.01em\">\u00a0<\/span><\/p>\n<\/div>\n<\/div>\n<\/div>\n<\/div>\n","protected":false},"excerpt":{"rendered":"<p>El SHIFTER est\u00e1 repleto de caracter\u00edsticas simples pero progresivas para disfrutar del viaje. Con patillas curvas, protector ventilado y lentes Phantom, tambi\u00e9n ofrecen excelentes combinaciones de colores para combinar con tu atuendo. Montura que utiliza el equipo de ciclistas profesional de AG2R La Mondiale. &nbsp; DESTACADO: Peso : 30g Disponible en graduado Thermogrip\u00ae GU\u00cdA DE [&hellip;]<\/p>\n","protected":false},"featured_media":5589,"comment_status":"open","ping_status":"closed","template":"","meta":{"site-sidebar-layout":"default","site-content-layout":"default","ast-site-content-layout":"default","site-content-style":"default","site-sidebar-style":"default","ast-global-header-display":"","ast-banner-title-visibility":"","ast-main-header-display":"","ast-hfb-above-header-display":"","ast-hfb-below-header-display":"","ast-hfb-mobile-header-display":"","site-post-title":"","ast-breadcrumbs-content":"","ast-featured-img":"","footer-sml-layout":"","ast-disable-related-posts":"","theme-transparent-header-meta":"default","adv-header-id-meta":"","stick-header-meta":"","header-above-stick-meta":"","header-main-stick-meta":"","header-below-stick-meta":"","astra-migrate-meta-layouts":"default","ast-page-background-enabled":"default","ast-page-background-meta":{"desktop":{"background-color":"","background-image":"","background-repeat":"repeat","background-position":"center center","background-size":"auto","background-attachment":"scroll","background-type":"","background-media":"","overlay-type":"","overlay-color":"","overlay-opacity":"","overlay-gradient":""},"tablet":{"background-color":"","background-image":"","background-repeat":"repeat","background-position":"center center","background-size":"auto","background-attachment":"scroll","background-type":"","background-media":"","overlay-type":"","overlay-color":"","overlay-opacity":"","overlay-gradient":""},"mobile":{"background-color":"","background-image":"","background-repeat":"repeat","background-position":"center center","background-size":"auto","background-attachment":"scroll","background-type":"","background-media":"","overlay-type":"","overlay-color":"","overlay-opacity":"","overlay-gradient":""}},"ast-content-background-meta":{"desktop":{"background-color":"var(--ast-global-color-5)","background-image":"","background-repeat":"repeat","background-position":"center center","background-size":"auto","background-attachment":"scroll","background-type":"","background-media":"","overlay-type":"","overlay-color":"","overlay-opacity":"","overlay-gradient":""},"tablet":{"background-color":"var(--ast-global-color-5)","background-image":"","background-repeat":"repeat","background-position":"center center","background-size":"auto","background-attachment":"scroll","background-type":"","background-media":"","overlay-type":"","overlay-color":"","overlay-opacity":"","overlay-gradient":""},"mobile":{"background-color":"var(--ast-global-color-5)","background-image":"","background-repeat":"repeat","background-position":"center center","background-size":"auto","background-attachment":"scroll","background-type":"","background-media":"","overlay-type":"","overlay-color":"","overlay-opacity":"","overlay-gradient":""}}},"product_brand":[],"product_cat":[659,460,465,666,466,542,468,467,668,665,537],"product_tag":[],"class_list":{"0":"post-9121","1":"product","2":"type-product","3":"status-publish","4":"has-post-thumbnail","6":"product_cat-active-life","7":"product_cat-bolle","8":"product_cat-ciclismo","9":"product_cat-deportes-acuaticos","10":"product_cat-deportes-golf","11":"product_cat-lentes-performance","12":"product_cat-montanismo-outdoor","13":"product_cat-running","14":"product_cat-tenis","15":"product_cat-trail-running","16":"product_cat-triatlon","17":"desktop-align-left","18":"tablet-align-left","19":"mobile-align-left","21":"first","22":"instock","23":"shipping-taxable","24":"purchasable","25":"product-type-variable"},"yoast_head":"<!-- This site is optimized with the Yoast SEO plugin v27.4 - https:\/\/yoast.com\/product\/yoast-seo-wordpress\/ -->\n<title>SHIFTER - FiaSports Per\u00fa<\/title>\n<meta name=\"robots\" content=\"index, follow, max-snippet:-1, max-image-preview:large, max-video-preview:-1\" \/>\n<link rel=\"canonical\" href=\"https:\/\/fiasportsbrands.com\/peru\/producto\/shifter\/\" \/>\n<meta property=\"og:locale\" content=\"es_ES\" \/>\n<meta property=\"og:type\" content=\"article\" \/>\n<meta property=\"og:title\" content=\"SHIFTER - FiaSports Per\u00fa\" \/>\n<meta property=\"og:description\" content=\"El SHIFTER est\u00e1 repleto de caracter\u00edsticas simples pero progresivas para disfrutar del viaje. Con patillas curvas, protector ventilado y lentes Phantom, tambi\u00e9n ofrecen excelentes combinaciones de colores para combinar con tu atuendo. Montura que utiliza el equipo de ciclistas profesional de AG2R La Mondiale. &nbsp; DESTACADO: Peso : 30g Disponible en graduado Thermogrip\u00ae GU\u00cdA DE [&hellip;]\" \/>\n<meta property=\"og:url\" content=\"https:\/\/fiasportsbrands.com\/peru\/producto\/shifter\/\" \/>\n<meta property=\"og:site_name\" content=\"FiaSports Per\u00fa\" \/>\n<meta property=\"article:publisher\" content=\"https:\/\/www.facebook.com\/bolleperuu\" \/>\n<meta property=\"article:modified_time\" content=\"2026-01-13T17:33:55+00:00\" \/>\n<meta property=\"og:image\" content=\"https:\/\/fiasportsbrands.com\/peru\/wp-content\/uploads\/sites\/2\/2023\/05\/Shifter_Acid-Yellow-Matte-Volt-Gun-Cat-3-01-1.jpg\" \/>\n\t<meta property=\"og:image:width\" content=\"1340\" \/>\n\t<meta property=\"og:image:height\" content=\"1340\" \/>\n\t<meta property=\"og:image:type\" content=\"image\/jpeg\" \/>\n<meta name=\"twitter:card\" content=\"summary_large_image\" \/>\n<meta name=\"twitter:label1\" content=\"Tiempo de lectura\" \/>\n\t<meta name=\"twitter:data1\" content=\"1 minuto\" \/>\n<script type=\"application\/ld+json\" class=\"yoast-schema-graph\">{\"@context\":\"https:\\\/\\\/schema.org\",\"@graph\":[{\"@type\":\"WebPage\",\"@id\":\"https:\\\/\\\/fiasportsbrands.com\\\/peru\\\/producto\\\/shifter\\\/\",\"url\":\"https:\\\/\\\/fiasportsbrands.com\\\/peru\\\/producto\\\/shifter\\\/\",\"name\":\"SHIFTER - FiaSports Per\u00fa\",\"isPartOf\":{\"@id\":\"https:\\\/\\\/fiasportsbrands.com\\\/peru\\\/#website\"},\"primaryImageOfPage\":{\"@id\":\"https:\\\/\\\/fiasportsbrands.com\\\/peru\\\/producto\\\/shifter\\\/#primaryimage\"},\"image\":{\"@id\":\"https:\\\/\\\/fiasportsbrands.com\\\/peru\\\/producto\\\/shifter\\\/#primaryimage\"},\"thumbnailUrl\":\"https:\\\/\\\/fiasportsbrands.com\\\/peru\\\/wp-content\\\/uploads\\\/sites\\\/2\\\/2023\\\/05\\\/Shifter_Acid-Yellow-Matte-Volt-Gun-Cat-3-01-1.jpg\",\"datePublished\":\"2023-07-13T14:42:38+00:00\",\"dateModified\":\"2026-01-13T17:33:55+00:00\",\"breadcrumb\":{\"@id\":\"https:\\\/\\\/fiasportsbrands.com\\\/peru\\\/producto\\\/shifter\\\/#breadcrumb\"},\"inLanguage\":\"es\",\"potentialAction\":[{\"@type\":\"ReadAction\",\"target\":[\"https:\\\/\\\/fiasportsbrands.com\\\/peru\\\/producto\\\/shifter\\\/\"]}]},{\"@type\":\"ImageObject\",\"inLanguage\":\"es\",\"@id\":\"https:\\\/\\\/fiasportsbrands.com\\\/peru\\\/producto\\\/shifter\\\/#primaryimage\",\"url\":\"https:\\\/\\\/fiasportsbrands.com\\\/peru\\\/wp-content\\\/uploads\\\/sites\\\/2\\\/2023\\\/05\\\/Shifter_Acid-Yellow-Matte-Volt-Gun-Cat-3-01-1.jpg\",\"contentUrl\":\"https:\\\/\\\/fiasportsbrands.com\\\/peru\\\/wp-content\\\/uploads\\\/sites\\\/2\\\/2023\\\/05\\\/Shifter_Acid-Yellow-Matte-Volt-Gun-Cat-3-01-1.jpg\",\"width\":1340,\"height\":1340},{\"@type\":\"BreadcrumbList\",\"@id\":\"https:\\\/\\\/fiasportsbrands.com\\\/peru\\\/producto\\\/shifter\\\/#breadcrumb\",\"itemListElement\":[{\"@type\":\"ListItem\",\"position\":1,\"name\":\"Portada\",\"item\":\"https:\\\/\\\/fiasportsbrands.com\\\/peru\\\/\"},{\"@type\":\"ListItem\",\"position\":2,\"name\":\"Tienda\",\"item\":\"https:\\\/\\\/fiasportsbrands.com\\\/peru\\\/tienda\\\/\"},{\"@type\":\"ListItem\",\"position\":3,\"name\":\"SHIFTER\"}]},{\"@type\":\"WebSite\",\"@id\":\"https:\\\/\\\/fiasportsbrands.com\\\/peru\\\/#website\",\"url\":\"https:\\\/\\\/fiasportsbrands.com\\\/peru\\\/\",\"name\":\"FiaSports Per\u00fa\",\"description\":\"Distribuidor oficial de marcas deportivas\",\"publisher\":{\"@id\":\"https:\\\/\\\/fiasportsbrands.com\\\/peru\\\/#organization\"},\"potentialAction\":[{\"@type\":\"SearchAction\",\"target\":{\"@type\":\"EntryPoint\",\"urlTemplate\":\"https:\\\/\\\/fiasportsbrands.com\\\/peru\\\/?s={search_term_string}\"},\"query-input\":{\"@type\":\"PropertyValueSpecification\",\"valueRequired\":true,\"valueName\":\"search_term_string\"}}],\"inLanguage\":\"es\"},{\"@type\":\"Organization\",\"@id\":\"https:\\\/\\\/fiasportsbrands.com\\\/peru\\\/#organization\",\"name\":\"FiaSports Per\u00fa\",\"url\":\"https:\\\/\\\/fiasportsbrands.com\\\/peru\\\/\",\"logo\":{\"@type\":\"ImageObject\",\"inLanguage\":\"es\",\"@id\":\"https:\\\/\\\/fiasportsbrands.com\\\/peru\\\/#\\\/schema\\\/logo\\\/image\\\/\",\"url\":\"https:\\\/\\\/fiasportsbrands.com\\\/peru\\\/wp-content\\\/uploads\\\/sites\\\/2\\\/2023\\\/04\\\/logo_fiasports.png\",\"contentUrl\":\"https:\\\/\\\/fiasportsbrands.com\\\/peru\\\/wp-content\\\/uploads\\\/sites\\\/2\\\/2023\\\/04\\\/logo_fiasports.png\",\"width\":512,\"height\":128,\"caption\":\"FiaSports Per\u00fa\"},\"image\":{\"@id\":\"https:\\\/\\\/fiasportsbrands.com\\\/peru\\\/#\\\/schema\\\/logo\\\/image\\\/\"},\"sameAs\":[\"https:\\\/\\\/www.facebook.com\\\/bolleperuu\",\"https:\\\/\\\/www.instagram.com\\\/bolleperu\\\/\"]}]}<\/script>\n<!-- \/ Yoast SEO plugin. -->","yoast_head_json":{"title":"SHIFTER - FiaSports Per\u00fa","robots":{"index":"index","follow":"follow","max-snippet":"max-snippet:-1","max-image-preview":"max-image-preview:large","max-video-preview":"max-video-preview:-1"},"canonical":"https:\/\/fiasportsbrands.com\/peru\/producto\/shifter\/","og_locale":"es_ES","og_type":"article","og_title":"SHIFTER - FiaSports Per\u00fa","og_description":"El SHIFTER est\u00e1 repleto de caracter\u00edsticas simples pero progresivas para disfrutar del viaje. Con patillas curvas, protector ventilado y lentes Phantom, tambi\u00e9n ofrecen excelentes combinaciones de colores para combinar con tu atuendo. Montura que utiliza el equipo de ciclistas profesional de AG2R La Mondiale. &nbsp; DESTACADO: Peso : 30g Disponible en graduado Thermogrip\u00ae GU\u00cdA DE [&hellip;]","og_url":"https:\/\/fiasportsbrands.com\/peru\/producto\/shifter\/","og_site_name":"FiaSports Per\u00fa","article_publisher":"https:\/\/www.facebook.com\/bolleperuu","article_modified_time":"2026-01-13T17:33:55+00:00","og_image":[{"width":1340,"height":1340,"url":"https:\/\/fiasportsbrands.com\/peru\/wp-content\/uploads\/sites\/2\/2023\/05\/Shifter_Acid-Yellow-Matte-Volt-Gun-Cat-3-01-1.jpg","type":"image\/jpeg"}],"twitter_card":"summary_large_image","twitter_misc":{"Tiempo de lectura":"1 minuto"},"schema":{"@context":"https:\/\/schema.org","@graph":[{"@type":"WebPage","@id":"https:\/\/fiasportsbrands.com\/peru\/producto\/shifter\/","url":"https:\/\/fiasportsbrands.com\/peru\/producto\/shifter\/","name":"SHIFTER - FiaSports Per\u00fa","isPartOf":{"@id":"https:\/\/fiasportsbrands.com\/peru\/#website"},"primaryImageOfPage":{"@id":"https:\/\/fiasportsbrands.com\/peru\/producto\/shifter\/#primaryimage"},"image":{"@id":"https:\/\/fiasportsbrands.com\/peru\/producto\/shifter\/#primaryimage"},"thumbnailUrl":"https:\/\/fiasportsbrands.com\/peru\/wp-content\/uploads\/sites\/2\/2023\/05\/Shifter_Acid-Yellow-Matte-Volt-Gun-Cat-3-01-1.jpg","datePublished":"2023-07-13T14:42:38+00:00","dateModified":"2026-01-13T17:33:55+00:00","breadcrumb":{"@id":"https:\/\/fiasportsbrands.com\/peru\/producto\/shifter\/#breadcrumb"},"inLanguage":"es","potentialAction":[{"@type":"ReadAction","target":["https:\/\/fiasportsbrands.com\/peru\/producto\/shifter\/"]}]},{"@type":"ImageObject","inLanguage":"es","@id":"https:\/\/fiasportsbrands.com\/peru\/producto\/shifter\/#primaryimage","url":"https:\/\/fiasportsbrands.com\/peru\/wp-content\/uploads\/sites\/2\/2023\/05\/Shifter_Acid-Yellow-Matte-Volt-Gun-Cat-3-01-1.jpg","contentUrl":"https:\/\/fiasportsbrands.com\/peru\/wp-content\/uploads\/sites\/2\/2023\/05\/Shifter_Acid-Yellow-Matte-Volt-Gun-Cat-3-01-1.jpg","width":1340,"height":1340},{"@type":"BreadcrumbList","@id":"https:\/\/fiasportsbrands.com\/peru\/producto\/shifter\/#breadcrumb","itemListElement":[{"@type":"ListItem","position":1,"name":"Portada","item":"https:\/\/fiasportsbrands.com\/peru\/"},{"@type":"ListItem","position":2,"name":"Tienda","item":"https:\/\/fiasportsbrands.com\/peru\/tienda\/"},{"@type":"ListItem","position":3,"name":"SHIFTER"}]},{"@type":"WebSite","@id":"https:\/\/fiasportsbrands.com\/peru\/#website","url":"https:\/\/fiasportsbrands.com\/peru\/","name":"FiaSports Per\u00fa","description":"Distribuidor oficial de marcas deportivas","publisher":{"@id":"https:\/\/fiasportsbrands.com\/peru\/#organization"},"potentialAction":[{"@type":"SearchAction","target":{"@type":"EntryPoint","urlTemplate":"https:\/\/fiasportsbrands.com\/peru\/?s={search_term_string}"},"query-input":{"@type":"PropertyValueSpecification","valueRequired":true,"valueName":"search_term_string"}}],"inLanguage":"es"},{"@type":"Organization","@id":"https:\/\/fiasportsbrands.com\/peru\/#organization","name":"FiaSports Per\u00fa","url":"https:\/\/fiasportsbrands.com\/peru\/","logo":{"@type":"ImageObject","inLanguage":"es","@id":"https:\/\/fiasportsbrands.com\/peru\/#\/schema\/logo\/image\/","url":"https:\/\/fiasportsbrands.com\/peru\/wp-content\/uploads\/sites\/2\/2023\/04\/logo_fiasports.png","contentUrl":"https:\/\/fiasportsbrands.com\/peru\/wp-content\/uploads\/sites\/2\/2023\/04\/logo_fiasports.png","width":512,"height":128,"caption":"FiaSports Per\u00fa"},"image":{"@id":"https:\/\/fiasportsbrands.com\/peru\/#\/schema\/logo\/image\/"},"sameAs":["https:\/\/www.facebook.com\/bolleperuu","https:\/\/www.instagram.com\/bolleperu\/"]}]}},"_links":{"self":[{"href":"https:\/\/fiasportsbrands.com\/peru\/wp-json\/wp\/v2\/product\/9121","targetHints":{"allow":["GET"]}}],"collection":[{"href":"https:\/\/fiasportsbrands.com\/peru\/wp-json\/wp\/v2\/product"}],"about":[{"href":"https:\/\/fiasportsbrands.com\/peru\/wp-json\/wp\/v2\/types\/product"}],"replies":[{"embeddable":true,"href":"https:\/\/fiasportsbrands.com\/peru\/wp-json\/wp\/v2\/comments?post=9121"}],"version-history":[{"count":4,"href":"https:\/\/fiasportsbrands.com\/peru\/wp-json\/wp\/v2\/product\/9121\/revisions"}],"predecessor-version":[{"id":14848,"href":"https:\/\/fiasportsbrands.com\/peru\/wp-json\/wp\/v2\/product\/9121\/revisions\/14848"}],"wp:featuredmedia":[{"embeddable":true,"href":"https:\/\/fiasportsbrands.com\/peru\/wp-json\/wp\/v2\/media\/5589"}],"wp:attachment":[{"href":"https:\/\/fiasportsbrands.com\/peru\/wp-json\/wp\/v2\/media?parent=9121"}],"wp:term":[{"taxonomy":"product_brand","embeddable":true,"href":"https:\/\/fiasportsbrands.com\/peru\/wp-json\/wp\/v2\/product_brand?post=9121"},{"taxonomy":"product_cat","embeddable":true,"href":"https:\/\/fiasportsbrands.com\/peru\/wp-json\/wp\/v2\/product_cat?post=9121"},{"taxonomy":"product_tag","embeddable":true,"href":"https:\/\/fiasportsbrands.com\/peru\/wp-json\/wp\/v2\/product_tag?post=9121"}],"curies":[{"name":"wp","href":"https:\/\/api.w.org\/{rel}","templated":true}]}}