{"id":8944,"date":"2023-07-13T09:41:24","date_gmt":"2023-07-13T14:41:24","guid":{"rendered":"https:\/\/fiasportsbrands.com\/peru\/?post_type=product&#038;p=8944"},"modified":"2024-11-22T13:40:12","modified_gmt":"2024-11-22T18:40:12","slug":"stick-jet-cm-120-pair","status":"publish","type":"product","link":"https:\/\/fiasportsbrands.com\/peru\/producto\/stick-jet-cm-120-pair\/","title":{"rendered":"STICK JET CM.120 (PAIR)"},"content":{"rendered":"<p><strong>Descripci\u00f3n:<\/strong><\/p>\n<p><strong>Principales caracter\u00edsticas:<\/strong>\u00a0Material de los tramos: aluminio 7075 de 14 mm de di\u00e1metro | 4 tramos plegables gracias al cable interno del bast\u00f3n | Sistema de montaje y desmontaje ultrar\u00e1pidos | Empu\u00f1adura anat\u00f3mica y antideslizamiento | Punta de tungsteno | Roseta de trekking incluida | Punta silenciosa<\/p>\n<p><strong>Tech data:<\/strong><\/p>\n<div class=\"my-list tech-list\">\n<div>PESO (Kg \/g): 400 g<\/div>\n<div>DIMENSIONES (cm): \u00a035 cm (chiuso)<\/div>\n<\/div>\n","protected":false},"excerpt":{"rendered":"<p>Jet es el bast\u00f3n ultraligero espec\u00edficamente dise\u00f1ado para running y excursionismo de mochila.<\/p>\n<div class=\"details-links\"><\/div>\n","protected":false},"featured_media":9037,"comment_status":"open","ping_status":"closed","template":"","meta":{"site-sidebar-layout":"default","site-content-layout":"default","ast-global-header-display":"","ast-banner-title-visibility":"","ast-main-header-display":"","ast-hfb-above-header-display":"","ast-hfb-below-header-display":"","ast-hfb-mobile-header-display":"","site-post-title":"","ast-breadcrumbs-content":"","ast-featured-img":"","footer-sml-layout":"","theme-transparent-header-meta":"","adv-header-id-meta":"","stick-header-meta":"","header-above-stick-meta":"","header-main-stick-meta":"","header-below-stick-meta":""},"product_cat":[710,476,464],"product_tag":[],"yoast_head":"<!-- This site is optimized with the Yoast SEO plugin v22.2 - https:\/\/yoast.com\/wordpress\/plugins\/seo\/ -->\n<title>STICK JET CM.120 (PAIR) - FiaSports Per\u00fa<\/title>\n<meta name=\"robots\" content=\"index, follow, max-snippet:-1, max-image-preview:large, max-video-preview:-1\" \/>\n<link rel=\"canonical\" href=\"https:\/\/fiasportsbrands.com\/peru\/producto\/stick-jet-cm-120-pair\/\" \/>\n<meta property=\"og:locale\" content=\"es_ES\" \/>\n<meta property=\"og:type\" content=\"article\" \/>\n<meta property=\"og:title\" content=\"STICK JET CM.120 (PAIR) - FiaSports Per\u00fa\" \/>\n<meta property=\"og:description\" content=\"Jet es el bast\u00f3n ultraligero espec\u00edficamente dise\u00f1ado para running y excursionismo de mochila.\" \/>\n<meta property=\"og:url\" content=\"https:\/\/fiasportsbrands.com\/peru\/producto\/stick-jet-cm-120-pair\/\" \/>\n<meta property=\"og:site_name\" content=\"FiaSports Per\u00fa\" \/>\n<meta property=\"article:publisher\" content=\"https:\/\/www.facebook.com\/bolleperuu\" \/>\n<meta property=\"article:modified_time\" content=\"2024-11-22T18:40:12+00:00\" \/>\n<meta property=\"og:image\" content=\"https:\/\/fiasportsbrands.com\/peru\/wp-content\/uploads\/sites\/2\/2023\/07\/STICK-JET-CM.120-PAIR-1380-v1.jpg\" \/>\n\t<meta property=\"og:image:width\" content=\"600\" \/>\n\t<meta property=\"og:image:height\" content=\"600\" \/>\n\t<meta property=\"og:image:type\" content=\"image\/jpeg\" \/>\n<meta name=\"twitter:card\" content=\"summary_large_image\" \/>\n<script type=\"application\/ld+json\" class=\"yoast-schema-graph\">{\"@context\":\"https:\/\/schema.org\",\"@graph\":[{\"@type\":\"WebPage\",\"@id\":\"https:\/\/fiasportsbrands.com\/peru\/producto\/stick-jet-cm-120-pair\/\",\"url\":\"https:\/\/fiasportsbrands.com\/peru\/producto\/stick-jet-cm-120-pair\/\",\"name\":\"STICK JET CM.120 (PAIR) - FiaSports Per\u00fa\",\"isPartOf\":{\"@id\":\"https:\/\/fiasportsbrands.com\/peru\/#website\"},\"primaryImageOfPage\":{\"@id\":\"https:\/\/fiasportsbrands.com\/peru\/producto\/stick-jet-cm-120-pair\/#primaryimage\"},\"image\":{\"@id\":\"https:\/\/fiasportsbrands.com\/peru\/producto\/stick-jet-cm-120-pair\/#primaryimage\"},\"thumbnailUrl\":\"https:\/\/fiasportsbrands.com\/peru\/wp-content\/uploads\/sites\/2\/2023\/07\/STICK-JET-CM.120-PAIR-1380-v1.jpg\",\"datePublished\":\"2023-07-13T14:41:24+00:00\",\"dateModified\":\"2024-11-22T18:40:12+00:00\",\"breadcrumb\":{\"@id\":\"https:\/\/fiasportsbrands.com\/peru\/producto\/stick-jet-cm-120-pair\/#breadcrumb\"},\"inLanguage\":\"es\",\"potentialAction\":[{\"@type\":\"ReadAction\",\"target\":[\"https:\/\/fiasportsbrands.com\/peru\/producto\/stick-jet-cm-120-pair\/\"]}]},{\"@type\":\"ImageObject\",\"inLanguage\":\"es\",\"@id\":\"https:\/\/fiasportsbrands.com\/peru\/producto\/stick-jet-cm-120-pair\/#primaryimage\",\"url\":\"https:\/\/fiasportsbrands.com\/peru\/wp-content\/uploads\/sites\/2\/2023\/07\/STICK-JET-CM.120-PAIR-1380-v1.jpg\",\"contentUrl\":\"https:\/\/fiasportsbrands.com\/peru\/wp-content\/uploads\/sites\/2\/2023\/07\/STICK-JET-CM.120-PAIR-1380-v1.jpg\",\"width\":600,\"height\":600},{\"@type\":\"BreadcrumbList\",\"@id\":\"https:\/\/fiasportsbrands.com\/peru\/producto\/stick-jet-cm-120-pair\/#breadcrumb\",\"itemListElement\":[{\"@type\":\"ListItem\",\"position\":1,\"name\":\"Portada\",\"item\":\"https:\/\/fiasportsbrands.com\/peru\/\"},{\"@type\":\"ListItem\",\"position\":2,\"name\":\"Tienda\",\"item\":\"https:\/\/fiasportsbrands.com\/peru\/tienda\/\"},{\"@type\":\"ListItem\",\"position\":3,\"name\":\"STICK JET CM.120 (PAIR)\"}]},{\"@type\":\"WebSite\",\"@id\":\"https:\/\/fiasportsbrands.com\/peru\/#website\",\"url\":\"https:\/\/fiasportsbrands.com\/peru\/\",\"name\":\"FiaSports Per\u00fa\",\"description\":\"Distribuidor oficial de marcas deportivas\",\"publisher\":{\"@id\":\"https:\/\/fiasportsbrands.com\/peru\/#organization\"},\"potentialAction\":[{\"@type\":\"SearchAction\",\"target\":{\"@type\":\"EntryPoint\",\"urlTemplate\":\"https:\/\/fiasportsbrands.com\/peru\/?s={search_term_string}\"},\"query-input\":\"required name=search_term_string\"}],\"inLanguage\":\"es\"},{\"@type\":\"Organization\",\"@id\":\"https:\/\/fiasportsbrands.com\/peru\/#organization\",\"name\":\"FiaSports Per\u00fa\",\"url\":\"https:\/\/fiasportsbrands.com\/peru\/\",\"logo\":{\"@type\":\"ImageObject\",\"inLanguage\":\"es\",\"@id\":\"https:\/\/fiasportsbrands.com\/peru\/#\/schema\/logo\/image\/\",\"url\":\"https:\/\/fiasportsbrands.com\/peru\/wp-content\/uploads\/sites\/2\/2023\/04\/logo_fiasports.png\",\"contentUrl\":\"https:\/\/fiasportsbrands.com\/peru\/wp-content\/uploads\/sites\/2\/2023\/04\/logo_fiasports.png\",\"width\":512,\"height\":128,\"caption\":\"FiaSports Per\u00fa\"},\"image\":{\"@id\":\"https:\/\/fiasportsbrands.com\/peru\/#\/schema\/logo\/image\/\"},\"sameAs\":[\"https:\/\/www.facebook.com\/bolleperuu\",\"https:\/\/www.instagram.com\/bolleperu\/\"]}]}<\/script>\n<!-- \/ Yoast SEO plugin. -->","yoast_head_json":{"title":"STICK JET CM.120 (PAIR) - FiaSports Per\u00fa","robots":{"index":"index","follow":"follow","max-snippet":"max-snippet:-1","max-image-preview":"max-image-preview:large","max-video-preview":"max-video-preview:-1"},"canonical":"https:\/\/fiasportsbrands.com\/peru\/producto\/stick-jet-cm-120-pair\/","og_locale":"es_ES","og_type":"article","og_title":"STICK JET CM.120 (PAIR) - FiaSports Per\u00fa","og_description":"Jet es el bast\u00f3n ultraligero espec\u00edficamente dise\u00f1ado para running y excursionismo de mochila.","og_url":"https:\/\/fiasportsbrands.com\/peru\/producto\/stick-jet-cm-120-pair\/","og_site_name":"FiaSports Per\u00fa","article_publisher":"https:\/\/www.facebook.com\/bolleperuu","article_modified_time":"2024-11-22T18:40:12+00:00","og_image":[{"width":600,"height":600,"url":"https:\/\/fiasportsbrands.com\/peru\/wp-content\/uploads\/sites\/2\/2023\/07\/STICK-JET-CM.120-PAIR-1380-v1.jpg","type":"image\/jpeg"}],"twitter_card":"summary_large_image","schema":{"@context":"https:\/\/schema.org","@graph":[{"@type":"WebPage","@id":"https:\/\/fiasportsbrands.com\/peru\/producto\/stick-jet-cm-120-pair\/","url":"https:\/\/fiasportsbrands.com\/peru\/producto\/stick-jet-cm-120-pair\/","name":"STICK JET CM.120 (PAIR) - FiaSports Per\u00fa","isPartOf":{"@id":"https:\/\/fiasportsbrands.com\/peru\/#website"},"primaryImageOfPage":{"@id":"https:\/\/fiasportsbrands.com\/peru\/producto\/stick-jet-cm-120-pair\/#primaryimage"},"image":{"@id":"https:\/\/fiasportsbrands.com\/peru\/producto\/stick-jet-cm-120-pair\/#primaryimage"},"thumbnailUrl":"https:\/\/fiasportsbrands.com\/peru\/wp-content\/uploads\/sites\/2\/2023\/07\/STICK-JET-CM.120-PAIR-1380-v1.jpg","datePublished":"2023-07-13T14:41:24+00:00","dateModified":"2024-11-22T18:40:12+00:00","breadcrumb":{"@id":"https:\/\/fiasportsbrands.com\/peru\/producto\/stick-jet-cm-120-pair\/#breadcrumb"},"inLanguage":"es","potentialAction":[{"@type":"ReadAction","target":["https:\/\/fiasportsbrands.com\/peru\/producto\/stick-jet-cm-120-pair\/"]}]},{"@type":"ImageObject","inLanguage":"es","@id":"https:\/\/fiasportsbrands.com\/peru\/producto\/stick-jet-cm-120-pair\/#primaryimage","url":"https:\/\/fiasportsbrands.com\/peru\/wp-content\/uploads\/sites\/2\/2023\/07\/STICK-JET-CM.120-PAIR-1380-v1.jpg","contentUrl":"https:\/\/fiasportsbrands.com\/peru\/wp-content\/uploads\/sites\/2\/2023\/07\/STICK-JET-CM.120-PAIR-1380-v1.jpg","width":600,"height":600},{"@type":"BreadcrumbList","@id":"https:\/\/fiasportsbrands.com\/peru\/producto\/stick-jet-cm-120-pair\/#breadcrumb","itemListElement":[{"@type":"ListItem","position":1,"name":"Portada","item":"https:\/\/fiasportsbrands.com\/peru\/"},{"@type":"ListItem","position":2,"name":"Tienda","item":"https:\/\/fiasportsbrands.com\/peru\/tienda\/"},{"@type":"ListItem","position":3,"name":"STICK JET CM.120 (PAIR)"}]},{"@type":"WebSite","@id":"https:\/\/fiasportsbrands.com\/peru\/#website","url":"https:\/\/fiasportsbrands.com\/peru\/","name":"FiaSports Per\u00fa","description":"Distribuidor oficial de marcas deportivas","publisher":{"@id":"https:\/\/fiasportsbrands.com\/peru\/#organization"},"potentialAction":[{"@type":"SearchAction","target":{"@type":"EntryPoint","urlTemplate":"https:\/\/fiasportsbrands.com\/peru\/?s={search_term_string}"},"query-input":"required name=search_term_string"}],"inLanguage":"es"},{"@type":"Organization","@id":"https:\/\/fiasportsbrands.com\/peru\/#organization","name":"FiaSports Per\u00fa","url":"https:\/\/fiasportsbrands.com\/peru\/","logo":{"@type":"ImageObject","inLanguage":"es","@id":"https:\/\/fiasportsbrands.com\/peru\/#\/schema\/logo\/image\/","url":"https:\/\/fiasportsbrands.com\/peru\/wp-content\/uploads\/sites\/2\/2023\/04\/logo_fiasports.png","contentUrl":"https:\/\/fiasportsbrands.com\/peru\/wp-content\/uploads\/sites\/2\/2023\/04\/logo_fiasports.png","width":512,"height":128,"caption":"FiaSports Per\u00fa"},"image":{"@id":"https:\/\/fiasportsbrands.com\/peru\/#\/schema\/logo\/image\/"},"sameAs":["https:\/\/www.facebook.com\/bolleperuu","https:\/\/www.instagram.com\/bolleperu\/"]}]}},"_links":{"self":[{"href":"https:\/\/fiasportsbrands.com\/peru\/wp-json\/wp\/v2\/product\/8944"}],"collection":[{"href":"https:\/\/fiasportsbrands.com\/peru\/wp-json\/wp\/v2\/product"}],"about":[{"href":"https:\/\/fiasportsbrands.com\/peru\/wp-json\/wp\/v2\/types\/product"}],"replies":[{"embeddable":true,"href":"https:\/\/fiasportsbrands.com\/peru\/wp-json\/wp\/v2\/comments?post=8944"}],"version-history":[{"count":1,"href":"https:\/\/fiasportsbrands.com\/peru\/wp-json\/wp\/v2\/product\/8944\/revisions"}],"predecessor-version":[{"id":9040,"href":"https:\/\/fiasportsbrands.com\/peru\/wp-json\/wp\/v2\/product\/8944\/revisions\/9040"}],"wp:featuredmedia":[{"embeddable":true,"href":"https:\/\/fiasportsbrands.com\/peru\/wp-json\/wp\/v2\/media\/9037"}],"wp:attachment":[{"href":"https:\/\/fiasportsbrands.com\/peru\/wp-json\/wp\/v2\/media?parent=8944"}],"wp:term":[{"taxonomy":"product_cat","embeddable":true,"href":"https:\/\/fiasportsbrands.com\/peru\/wp-json\/wp\/v2\/product_cat?post=8944"},{"taxonomy":"product_tag","embeddable":true,"href":"https:\/\/fiasportsbrands.com\/peru\/wp-json\/wp\/v2\/product_tag?post=8944"}],"curies":[{"name":"wp","href":"https:\/\/api.w.org\/{rel}","templated":true}]}}