{"id":8883,"date":"2023-07-13T09:40:57","date_gmt":"2023-07-13T14:40:57","guid":{"rendered":"https:\/\/fiasportsbrands.com\/peru\/?post_type=product&#038;p=8883"},"modified":"2026-01-13T13:26:35","modified_gmt":"2026-01-13T18:26:35","slug":"micro-edge","status":"publish","type":"product","link":"https:\/\/fiasportsbrands.com\/peru\/producto\/micro-edge\/","title":{"rendered":"MICRO EDGE"},"content":{"rendered":"<p>Las gafas MICRO EDGE forman parte de la historia de Boll\u00e9 y mejores deportistas del mundo han optado por ellas. Son el s\u00edmbolo del dise\u00f1o avanzado y la creatividad de la marca. Con su escudo estrecho y sus l\u00edneas afiladas, esta versi\u00f3n modernizada es de las que no se olvidan. La montura semi al aire se centra al 100\u00a0% en el rendimiento con un campo de visi\u00f3n horizontal y perif\u00e9rico excepcional. Son ultrac\u00f3modas y cuentan con un puente y extremos de patillas ajustables que garantizan un ajuste perfecto. Las gafas MICRO EDGE, ligeras y flexibles, tambi\u00e9n son respetuosas con el medioambiente, dado que la montura, las patillas y el puente son de origen 100\u00a0% biol\u00f3gico (est\u00e1n fabricados a base de aceite de ricino). Est\u00e1n disponibles con Phantom, nuestras mejores lentes fotocrom\u00e1ticas que ofrecen una visi\u00f3n perfecta, y con Volt+, nuestras revolucionarias lentes de alto contraste y polarizadas.<\/p>\n<p>&nbsp;<\/p>\n<p><img fetchpriority=\"high\" decoding=\"async\" class=\"alignnone wp-image-11404 size-full\" src=\"https:\/\/fiasportsbrands.com\/peru\/wp-content\/uploads\/sites\/2\/2023\/07\/MICROEDGE_02.jpg\" alt=\"\" width=\"771\" height=\"386\" srcset=\"https:\/\/fiasportsbrands.com\/peru\/wp-content\/uploads\/sites\/2\/2023\/07\/MICROEDGE_02.jpg 771w, https:\/\/fiasportsbrands.com\/peru\/wp-content\/uploads\/sites\/2\/2023\/07\/MICROEDGE_02-300x150.jpg 300w, https:\/\/fiasportsbrands.com\/peru\/wp-content\/uploads\/sites\/2\/2023\/07\/MICROEDGE_02-768x384.jpg 768w, https:\/\/fiasportsbrands.com\/peru\/wp-content\/uploads\/sites\/2\/2023\/07\/MICROEDGE_02-600x300.jpg 600w\" sizes=\"(max-width: 771px) 100vw, 771px\" \/> <img decoding=\"async\" class=\"alignnone wp-image-11405 size-full\" src=\"https:\/\/fiasportsbrands.com\/peru\/wp-content\/uploads\/sites\/2\/2023\/07\/MICROEDGE_01.jpg\" alt=\"\" width=\"669\" height=\"386\" srcset=\"https:\/\/fiasportsbrands.com\/peru\/wp-content\/uploads\/sites\/2\/2023\/07\/MICROEDGE_01.jpg 669w, https:\/\/fiasportsbrands.com\/peru\/wp-content\/uploads\/sites\/2\/2023\/07\/MICROEDGE_01-300x173.jpg 300w, https:\/\/fiasportsbrands.com\/peru\/wp-content\/uploads\/sites\/2\/2023\/07\/MICROEDGE_01-600x346.jpg 600w\" sizes=\"(max-width: 669px) 100vw, 669px\" \/><\/p>\n","protected":false},"excerpt":{"rendered":"<p>Las gafas MICRO EDGE forman parte de la historia de Boll\u00e9 y mejores deportistas del mundo han optado por ellas. Son el s\u00edmbolo del dise\u00f1o avanzado y la creatividad de la marca. Con su escudo estrecho y sus l\u00edneas afiladas, esta versi\u00f3n modernizada es de las que no se olvidan. La montura semi al aire se centra al 100\u00a0% en el rendimiento con un campo de visi\u00f3n horizontal y perif\u00e9rico excepcional. Son ultrac\u00f3modas y cuentan con un puente y extremos de patillas ajustables que garantizan un ajuste perfecto. Las gafas MICRO EDGE, ligeras y flexibles, tambi\u00e9n son respetuosas con el medioambiente, dado que la montura, las patillas y el puente son de origen 100\u00a0% biol\u00f3gico (est\u00e1n fabricados a base de aceite de ricino). Est\u00e1n disponibles con Phantom, nuestras mejores lentes fotocrom\u00e1ticas que ofrecen una visi\u00f3n perfecta, y con Volt+, nuestras revolucionarias lentes de alto contraste y polarizadas.<\/p>\n","protected":false},"featured_media":11408,"comment_status":"open","ping_status":"closed","template":"","meta":{"site-sidebar-layout":"default","site-content-layout":"default","ast-site-content-layout":"default","site-content-style":"default","site-sidebar-style":"default","ast-global-header-display":"","ast-banner-title-visibility":"","ast-main-header-display":"","ast-hfb-above-header-display":"","ast-hfb-below-header-display":"","ast-hfb-mobile-header-display":"","site-post-title":"","ast-breadcrumbs-content":"","ast-featured-img":"","footer-sml-layout":"","ast-disable-related-posts":"","theme-transparent-header-meta":"default","adv-header-id-meta":"","stick-header-meta":"","header-above-stick-meta":"","header-main-stick-meta":"","header-below-stick-meta":"","astra-migrate-meta-layouts":"default","ast-page-background-enabled":"default","ast-page-background-meta":{"desktop":{"background-color":"","background-image":"","background-repeat":"repeat","background-position":"center center","background-size":"auto","background-attachment":"scroll","background-type":"","background-media":"","overlay-type":"","overlay-color":"","overlay-opacity":"","overlay-gradient":""},"tablet":{"background-color":"","background-image":"","background-repeat":"repeat","background-position":"center center","background-size":"auto","background-attachment":"scroll","background-type":"","background-media":"","overlay-type":"","overlay-color":"","overlay-opacity":"","overlay-gradient":""},"mobile":{"background-color":"","background-image":"","background-repeat":"repeat","background-position":"center center","background-size":"auto","background-attachment":"scroll","background-type":"","background-media":"","overlay-type":"","overlay-color":"","overlay-opacity":"","overlay-gradient":""}},"ast-content-background-meta":{"desktop":{"background-color":"var(--ast-global-color-5)","background-image":"","background-repeat":"repeat","background-position":"center center","background-size":"auto","background-attachment":"scroll","background-type":"","background-media":"","overlay-type":"","overlay-color":"","overlay-opacity":"","overlay-gradient":""},"tablet":{"background-color":"var(--ast-global-color-5)","background-image":"","background-repeat":"repeat","background-position":"center center","background-size":"auto","background-attachment":"scroll","background-type":"","background-media":"","overlay-type":"","overlay-color":"","overlay-opacity":"","overlay-gradient":""},"mobile":{"background-color":"var(--ast-global-color-5)","background-image":"","background-repeat":"repeat","background-position":"center center","background-size":"auto","background-attachment":"scroll","background-type":"","background-media":"","overlay-type":"","overlay-color":"","overlay-opacity":"","overlay-gradient":""}}},"product_brand":[],"product_cat":[659,460,465,666,466,542,468,467,668,665,537],"product_tag":[],"class_list":{"0":"post-8883","1":"product","2":"type-product","3":"status-publish","4":"has-post-thumbnail","6":"product_cat-active-life","7":"product_cat-bolle","8":"product_cat-ciclismo","9":"product_cat-deportes-acuaticos","10":"product_cat-deportes-golf","11":"product_cat-lentes-performance","12":"product_cat-montanismo-outdoor","13":"product_cat-running","14":"product_cat-tenis","15":"product_cat-trail-running","16":"product_cat-triatlon","17":"desktop-align-left","18":"tablet-align-left","19":"mobile-align-left","21":"first","22":"instock","23":"shipping-taxable","24":"purchasable","25":"product-type-variable","26":"has-default-attributes"},"yoast_head":"<!-- This site is optimized with the Yoast SEO plugin v27.4 - https:\/\/yoast.com\/product\/yoast-seo-wordpress\/ -->\n<title>MICRO EDGE - FiaSports Per\u00fa<\/title>\n<meta name=\"robots\" content=\"index, follow, max-snippet:-1, max-image-preview:large, max-video-preview:-1\" \/>\n<link rel=\"canonical\" href=\"https:\/\/fiasportsbrands.com\/peru\/producto\/micro-edge\/\" \/>\n<meta property=\"og:locale\" content=\"es_ES\" \/>\n<meta property=\"og:type\" content=\"article\" \/>\n<meta property=\"og:title\" content=\"MICRO EDGE - FiaSports Per\u00fa\" \/>\n<meta property=\"og:description\" content=\"Las gafas MICRO EDGE forman parte de la historia de Boll\u00e9 y mejores deportistas del mundo han optado por ellas. Son el s\u00edmbolo del dise\u00f1o avanzado y la creatividad de la marca. Con su escudo estrecho y sus l\u00edneas afiladas, esta versi\u00f3n modernizada es de las que no se olvidan. La montura semi al aire se centra al 100\u00a0% en el rendimiento con un campo de visi\u00f3n horizontal y perif\u00e9rico excepcional. Son ultrac\u00f3modas y cuentan con un puente y extremos de patillas ajustables que garantizan un ajuste perfecto. Las gafas MICRO EDGE, ligeras y flexibles, tambi\u00e9n son respetuosas con el medioambiente, dado que la montura, las patillas y el puente son de origen 100\u00a0% biol\u00f3gico (est\u00e1n fabricados a base de aceite de ricino). Est\u00e1n disponibles con Phantom, nuestras mejores lentes fotocrom\u00e1ticas que ofrecen una visi\u00f3n perfecta, y con Volt+, nuestras revolucionarias lentes de alto contraste y polarizadas.\" \/>\n<meta property=\"og:url\" content=\"https:\/\/fiasportsbrands.com\/peru\/producto\/micro-edge\/\" \/>\n<meta property=\"og:site_name\" content=\"FiaSports Per\u00fa\" \/>\n<meta property=\"article:publisher\" content=\"https:\/\/www.facebook.com\/bolleperuu\" \/>\n<meta property=\"article:modified_time\" content=\"2026-01-13T18:26:35+00:00\" \/>\n<meta property=\"og:image\" content=\"https:\/\/fiasportsbrands.com\/peru\/wp-content\/uploads\/sites\/2\/2023\/07\/Micro-Edge_Black-Matte-TNS-Gun-010.jpg\" \/>\n\t<meta property=\"og:image:width\" content=\"1340\" \/>\n\t<meta property=\"og:image:height\" content=\"1340\" \/>\n\t<meta property=\"og:image:type\" content=\"image\/jpeg\" \/>\n<meta name=\"twitter:card\" content=\"summary_large_image\" \/>\n<meta name=\"twitter:label1\" content=\"Tiempo de lectura\" \/>\n\t<meta name=\"twitter:data1\" content=\"2 minutos\" \/>\n<script type=\"application\/ld+json\" class=\"yoast-schema-graph\">{\"@context\":\"https:\\\/\\\/schema.org\",\"@graph\":[{\"@type\":\"WebPage\",\"@id\":\"https:\\\/\\\/fiasportsbrands.com\\\/peru\\\/producto\\\/micro-edge\\\/\",\"url\":\"https:\\\/\\\/fiasportsbrands.com\\\/peru\\\/producto\\\/micro-edge\\\/\",\"name\":\"MICRO EDGE - FiaSports Per\u00fa\",\"isPartOf\":{\"@id\":\"https:\\\/\\\/fiasportsbrands.com\\\/peru\\\/#website\"},\"primaryImageOfPage\":{\"@id\":\"https:\\\/\\\/fiasportsbrands.com\\\/peru\\\/producto\\\/micro-edge\\\/#primaryimage\"},\"image\":{\"@id\":\"https:\\\/\\\/fiasportsbrands.com\\\/peru\\\/producto\\\/micro-edge\\\/#primaryimage\"},\"thumbnailUrl\":\"https:\\\/\\\/fiasportsbrands.com\\\/peru\\\/wp-content\\\/uploads\\\/sites\\\/2\\\/2023\\\/07\\\/Micro-Edge_Black-Matte-TNS-Gun-010.jpg\",\"datePublished\":\"2023-07-13T14:40:57+00:00\",\"dateModified\":\"2026-01-13T18:26:35+00:00\",\"breadcrumb\":{\"@id\":\"https:\\\/\\\/fiasportsbrands.com\\\/peru\\\/producto\\\/micro-edge\\\/#breadcrumb\"},\"inLanguage\":\"es\",\"potentialAction\":[{\"@type\":\"ReadAction\",\"target\":[\"https:\\\/\\\/fiasportsbrands.com\\\/peru\\\/producto\\\/micro-edge\\\/\"]}]},{\"@type\":\"ImageObject\",\"inLanguage\":\"es\",\"@id\":\"https:\\\/\\\/fiasportsbrands.com\\\/peru\\\/producto\\\/micro-edge\\\/#primaryimage\",\"url\":\"https:\\\/\\\/fiasportsbrands.com\\\/peru\\\/wp-content\\\/uploads\\\/sites\\\/2\\\/2023\\\/07\\\/Micro-Edge_Black-Matte-TNS-Gun-010.jpg\",\"contentUrl\":\"https:\\\/\\\/fiasportsbrands.com\\\/peru\\\/wp-content\\\/uploads\\\/sites\\\/2\\\/2023\\\/07\\\/Micro-Edge_Black-Matte-TNS-Gun-010.jpg\",\"width\":1340,\"height\":1340},{\"@type\":\"BreadcrumbList\",\"@id\":\"https:\\\/\\\/fiasportsbrands.com\\\/peru\\\/producto\\\/micro-edge\\\/#breadcrumb\",\"itemListElement\":[{\"@type\":\"ListItem\",\"position\":1,\"name\":\"Portada\",\"item\":\"https:\\\/\\\/fiasportsbrands.com\\\/peru\\\/\"},{\"@type\":\"ListItem\",\"position\":2,\"name\":\"Tienda\",\"item\":\"https:\\\/\\\/fiasportsbrands.com\\\/peru\\\/tienda\\\/\"},{\"@type\":\"ListItem\",\"position\":3,\"name\":\"MICRO EDGE\"}]},{\"@type\":\"WebSite\",\"@id\":\"https:\\\/\\\/fiasportsbrands.com\\\/peru\\\/#website\",\"url\":\"https:\\\/\\\/fiasportsbrands.com\\\/peru\\\/\",\"name\":\"FiaSports Per\u00fa\",\"description\":\"Distribuidor oficial de marcas deportivas\",\"publisher\":{\"@id\":\"https:\\\/\\\/fiasportsbrands.com\\\/peru\\\/#organization\"},\"potentialAction\":[{\"@type\":\"SearchAction\",\"target\":{\"@type\":\"EntryPoint\",\"urlTemplate\":\"https:\\\/\\\/fiasportsbrands.com\\\/peru\\\/?s={search_term_string}\"},\"query-input\":{\"@type\":\"PropertyValueSpecification\",\"valueRequired\":true,\"valueName\":\"search_term_string\"}}],\"inLanguage\":\"es\"},{\"@type\":\"Organization\",\"@id\":\"https:\\\/\\\/fiasportsbrands.com\\\/peru\\\/#organization\",\"name\":\"FiaSports Per\u00fa\",\"url\":\"https:\\\/\\\/fiasportsbrands.com\\\/peru\\\/\",\"logo\":{\"@type\":\"ImageObject\",\"inLanguage\":\"es\",\"@id\":\"https:\\\/\\\/fiasportsbrands.com\\\/peru\\\/#\\\/schema\\\/logo\\\/image\\\/\",\"url\":\"https:\\\/\\\/fiasportsbrands.com\\\/peru\\\/wp-content\\\/uploads\\\/sites\\\/2\\\/2023\\\/04\\\/logo_fiasports.png\",\"contentUrl\":\"https:\\\/\\\/fiasportsbrands.com\\\/peru\\\/wp-content\\\/uploads\\\/sites\\\/2\\\/2023\\\/04\\\/logo_fiasports.png\",\"width\":512,\"height\":128,\"caption\":\"FiaSports Per\u00fa\"},\"image\":{\"@id\":\"https:\\\/\\\/fiasportsbrands.com\\\/peru\\\/#\\\/schema\\\/logo\\\/image\\\/\"},\"sameAs\":[\"https:\\\/\\\/www.facebook.com\\\/bolleperuu\",\"https:\\\/\\\/www.instagram.com\\\/bolleperu\\\/\"]}]}<\/script>\n<!-- \/ Yoast SEO plugin. -->","yoast_head_json":{"title":"MICRO EDGE - FiaSports Per\u00fa","robots":{"index":"index","follow":"follow","max-snippet":"max-snippet:-1","max-image-preview":"max-image-preview:large","max-video-preview":"max-video-preview:-1"},"canonical":"https:\/\/fiasportsbrands.com\/peru\/producto\/micro-edge\/","og_locale":"es_ES","og_type":"article","og_title":"MICRO EDGE - FiaSports Per\u00fa","og_description":"Las gafas MICRO EDGE forman parte de la historia de Boll\u00e9 y mejores deportistas del mundo han optado por ellas. Son el s\u00edmbolo del dise\u00f1o avanzado y la creatividad de la marca. Con su escudo estrecho y sus l\u00edneas afiladas, esta versi\u00f3n modernizada es de las que no se olvidan. La montura semi al aire se centra al 100\u00a0% en el rendimiento con un campo de visi\u00f3n horizontal y perif\u00e9rico excepcional. Son ultrac\u00f3modas y cuentan con un puente y extremos de patillas ajustables que garantizan un ajuste perfecto. Las gafas MICRO EDGE, ligeras y flexibles, tambi\u00e9n son respetuosas con el medioambiente, dado que la montura, las patillas y el puente son de origen 100\u00a0% biol\u00f3gico (est\u00e1n fabricados a base de aceite de ricino). Est\u00e1n disponibles con Phantom, nuestras mejores lentes fotocrom\u00e1ticas que ofrecen una visi\u00f3n perfecta, y con Volt+, nuestras revolucionarias lentes de alto contraste y polarizadas.","og_url":"https:\/\/fiasportsbrands.com\/peru\/producto\/micro-edge\/","og_site_name":"FiaSports Per\u00fa","article_publisher":"https:\/\/www.facebook.com\/bolleperuu","article_modified_time":"2026-01-13T18:26:35+00:00","og_image":[{"width":1340,"height":1340,"url":"https:\/\/fiasportsbrands.com\/peru\/wp-content\/uploads\/sites\/2\/2023\/07\/Micro-Edge_Black-Matte-TNS-Gun-010.jpg","type":"image\/jpeg"}],"twitter_card":"summary_large_image","twitter_misc":{"Tiempo de lectura":"2 minutos"},"schema":{"@context":"https:\/\/schema.org","@graph":[{"@type":"WebPage","@id":"https:\/\/fiasportsbrands.com\/peru\/producto\/micro-edge\/","url":"https:\/\/fiasportsbrands.com\/peru\/producto\/micro-edge\/","name":"MICRO EDGE - FiaSports Per\u00fa","isPartOf":{"@id":"https:\/\/fiasportsbrands.com\/peru\/#website"},"primaryImageOfPage":{"@id":"https:\/\/fiasportsbrands.com\/peru\/producto\/micro-edge\/#primaryimage"},"image":{"@id":"https:\/\/fiasportsbrands.com\/peru\/producto\/micro-edge\/#primaryimage"},"thumbnailUrl":"https:\/\/fiasportsbrands.com\/peru\/wp-content\/uploads\/sites\/2\/2023\/07\/Micro-Edge_Black-Matte-TNS-Gun-010.jpg","datePublished":"2023-07-13T14:40:57+00:00","dateModified":"2026-01-13T18:26:35+00:00","breadcrumb":{"@id":"https:\/\/fiasportsbrands.com\/peru\/producto\/micro-edge\/#breadcrumb"},"inLanguage":"es","potentialAction":[{"@type":"ReadAction","target":["https:\/\/fiasportsbrands.com\/peru\/producto\/micro-edge\/"]}]},{"@type":"ImageObject","inLanguage":"es","@id":"https:\/\/fiasportsbrands.com\/peru\/producto\/micro-edge\/#primaryimage","url":"https:\/\/fiasportsbrands.com\/peru\/wp-content\/uploads\/sites\/2\/2023\/07\/Micro-Edge_Black-Matte-TNS-Gun-010.jpg","contentUrl":"https:\/\/fiasportsbrands.com\/peru\/wp-content\/uploads\/sites\/2\/2023\/07\/Micro-Edge_Black-Matte-TNS-Gun-010.jpg","width":1340,"height":1340},{"@type":"BreadcrumbList","@id":"https:\/\/fiasportsbrands.com\/peru\/producto\/micro-edge\/#breadcrumb","itemListElement":[{"@type":"ListItem","position":1,"name":"Portada","item":"https:\/\/fiasportsbrands.com\/peru\/"},{"@type":"ListItem","position":2,"name":"Tienda","item":"https:\/\/fiasportsbrands.com\/peru\/tienda\/"},{"@type":"ListItem","position":3,"name":"MICRO EDGE"}]},{"@type":"WebSite","@id":"https:\/\/fiasportsbrands.com\/peru\/#website","url":"https:\/\/fiasportsbrands.com\/peru\/","name":"FiaSports Per\u00fa","description":"Distribuidor oficial de marcas deportivas","publisher":{"@id":"https:\/\/fiasportsbrands.com\/peru\/#organization"},"potentialAction":[{"@type":"SearchAction","target":{"@type":"EntryPoint","urlTemplate":"https:\/\/fiasportsbrands.com\/peru\/?s={search_term_string}"},"query-input":{"@type":"PropertyValueSpecification","valueRequired":true,"valueName":"search_term_string"}}],"inLanguage":"es"},{"@type":"Organization","@id":"https:\/\/fiasportsbrands.com\/peru\/#organization","name":"FiaSports Per\u00fa","url":"https:\/\/fiasportsbrands.com\/peru\/","logo":{"@type":"ImageObject","inLanguage":"es","@id":"https:\/\/fiasportsbrands.com\/peru\/#\/schema\/logo\/image\/","url":"https:\/\/fiasportsbrands.com\/peru\/wp-content\/uploads\/sites\/2\/2023\/04\/logo_fiasports.png","contentUrl":"https:\/\/fiasportsbrands.com\/peru\/wp-content\/uploads\/sites\/2\/2023\/04\/logo_fiasports.png","width":512,"height":128,"caption":"FiaSports Per\u00fa"},"image":{"@id":"https:\/\/fiasportsbrands.com\/peru\/#\/schema\/logo\/image\/"},"sameAs":["https:\/\/www.facebook.com\/bolleperuu","https:\/\/www.instagram.com\/bolleperu\/"]}]}},"_links":{"self":[{"href":"https:\/\/fiasportsbrands.com\/peru\/wp-json\/wp\/v2\/product\/8883","targetHints":{"allow":["GET"]}}],"collection":[{"href":"https:\/\/fiasportsbrands.com\/peru\/wp-json\/wp\/v2\/product"}],"about":[{"href":"https:\/\/fiasportsbrands.com\/peru\/wp-json\/wp\/v2\/types\/product"}],"replies":[{"embeddable":true,"href":"https:\/\/fiasportsbrands.com\/peru\/wp-json\/wp\/v2\/comments?post=8883"}],"version-history":[{"count":5,"href":"https:\/\/fiasportsbrands.com\/peru\/wp-json\/wp\/v2\/product\/8883\/revisions"}],"predecessor-version":[{"id":11403,"href":"https:\/\/fiasportsbrands.com\/peru\/wp-json\/wp\/v2\/product\/8883\/revisions\/11403"}],"wp:featuredmedia":[{"embeddable":true,"href":"https:\/\/fiasportsbrands.com\/peru\/wp-json\/wp\/v2\/media\/11408"}],"wp:attachment":[{"href":"https:\/\/fiasportsbrands.com\/peru\/wp-json\/wp\/v2\/media?parent=8883"}],"wp:term":[{"taxonomy":"product_brand","embeddable":true,"href":"https:\/\/fiasportsbrands.com\/peru\/wp-json\/wp\/v2\/product_brand?post=8883"},{"taxonomy":"product_cat","embeddable":true,"href":"https:\/\/fiasportsbrands.com\/peru\/wp-json\/wp\/v2\/product_cat?post=8883"},{"taxonomy":"product_tag","embeddable":true,"href":"https:\/\/fiasportsbrands.com\/peru\/wp-json\/wp\/v2\/product_tag?post=8883"}],"curies":[{"name":"wp","href":"https:\/\/api.w.org\/{rel}","templated":true}]}}