{"id":7084,"date":"2023-06-13T16:27:35","date_gmt":"2023-06-13T21:27:35","guid":{"rendered":"https:\/\/fiasportsbrands.com\/peru\/?post_type=product&#038;p=7084"},"modified":"2024-11-05T16:43:23","modified_gmt":"2024-11-05T21:43:23","slug":"backpack-mizar-18-orange","status":"publish","type":"product","link":"https:\/\/fiasportsbrands.com\/peru\/producto\/backpack-mizar-18-orange\/","title":{"rendered":"BACKPACK MIZAR 18 orange"},"content":{"rendered":"<h6>Descripci\u00f3n:<\/h6>\n<ul>\n<li><strong>Tejidos:<\/strong>\u00a0Poli\u00e9ster invisible Ripstop 210D<\/li>\n<li><strong>Espalda:<\/strong>\u00a0Espalda y tirantes acolchados y ergon\u00f3micos de tejido reticular muy transpirable<\/li>\n<li><strong>Bolsillos:<\/strong>\u00a0Delantero | Laterales de malla<\/li>\n<li><strong>Accesorios:<\/strong>\u00a0Cintur\u00f3n extra\u00edble | Organizador interior | Fundas interiores acolchadas para transportar el ordenador port\u00e1til y la tableta | Correas de compresi\u00f3n lateral | \u00a0 Compatible con portacascos.<\/li>\n<\/ul>\n<h6>Datos t\u00e9cnicos:<\/h6>\n<div class=\"my-list tech-list\">\n<div>PESO (Kg \/g)\u00a0 \u00a0 \u00a0 \u00a0500 g<\/div>\n<div>CAPACIDAD&#8217; (l)\u00a0 18 litros<\/div>\n<div>DIMENSIONES (cm)<br \/>\n50x29x15 cm<\/div>\n<div><\/div>\n<\/div>\n","protected":false},"excerpt":{"rendered":"<p>Mizar es la mochila de 18 litros multifuncional ideal para ir a trabajar pero tambi\u00e9n para llevarla en viajes o actividades al aire libre no intensas. Con funda interior y parte inferior acolchada para transportar el ordenador port\u00e1til y organizador interior para mantener todo perfectamente ordenado.<\/p>\n","protected":false},"featured_media":11995,"comment_status":"open","ping_status":"closed","template":"","meta":{"site-sidebar-layout":"default","site-content-layout":"default","ast-global-header-display":"","ast-banner-title-visibility":"","ast-main-header-display":"","ast-hfb-above-header-display":"","ast-hfb-below-header-display":"","ast-hfb-mobile-header-display":"","site-post-title":"","ast-breadcrumbs-content":"","ast-featured-img":"","footer-sml-layout":"","theme-transparent-header-meta":"default","adv-header-id-meta":"","stick-header-meta":"","header-above-stick-meta":"","header-main-stick-meta":"","header-below-stick-meta":""},"product_cat":[659,665,476,481,468],"product_tag":[],"yoast_head":"<!-- This site is optimized with the Yoast SEO plugin v22.2 - https:\/\/yoast.com\/wordpress\/plugins\/seo\/ -->\n<title>BACKPACK MIZAR 18 orange - FiaSports Per\u00fa<\/title>\n<meta name=\"robots\" content=\"index, follow, max-snippet:-1, max-image-preview:large, max-video-preview:-1\" \/>\n<link rel=\"canonical\" href=\"https:\/\/fiasportsbrands.com\/peru\/producto\/backpack-mizar-18-orange\/\" \/>\n<meta property=\"og:locale\" content=\"es_ES\" \/>\n<meta property=\"og:type\" content=\"article\" \/>\n<meta property=\"og:title\" content=\"BACKPACK MIZAR 18 orange - FiaSports Per\u00fa\" \/>\n<meta property=\"og:description\" content=\"Mizar es la mochila de 18 litros multifuncional ideal para ir a trabajar pero tambi\u00e9n para llevarla en viajes o actividades al aire libre no intensas. Con funda interior y parte inferior acolchada para transportar el ordenador port\u00e1til y organizador interior para mantener todo perfectamente ordenado.\" \/>\n<meta property=\"og:url\" content=\"https:\/\/fiasportsbrands.com\/peru\/producto\/backpack-mizar-18-orange\/\" \/>\n<meta property=\"og:site_name\" content=\"FiaSports Per\u00fa\" \/>\n<meta property=\"article:publisher\" content=\"https:\/\/www.facebook.com\/bolleperuu\" \/>\n<meta property=\"article:modified_time\" content=\"2024-11-05T21:43:23+00:00\" \/>\n<meta property=\"og:image\" content=\"https:\/\/fiasportsbrands.com\/peru\/wp-content\/uploads\/sites\/2\/2023\/06\/M18-1.jpg\" \/>\n\t<meta property=\"og:image:width\" content=\"1080\" \/>\n\t<meta property=\"og:image:height\" content=\"1080\" \/>\n\t<meta property=\"og:image:type\" content=\"image\/jpeg\" \/>\n<meta name=\"twitter:card\" content=\"summary_large_image\" \/>\n<script type=\"application\/ld+json\" class=\"yoast-schema-graph\">{\"@context\":\"https:\/\/schema.org\",\"@graph\":[{\"@type\":\"WebPage\",\"@id\":\"https:\/\/fiasportsbrands.com\/peru\/producto\/backpack-mizar-18-orange\/\",\"url\":\"https:\/\/fiasportsbrands.com\/peru\/producto\/backpack-mizar-18-orange\/\",\"name\":\"BACKPACK MIZAR 18 orange - FiaSports Per\u00fa\",\"isPartOf\":{\"@id\":\"https:\/\/fiasportsbrands.com\/peru\/#website\"},\"primaryImageOfPage\":{\"@id\":\"https:\/\/fiasportsbrands.com\/peru\/producto\/backpack-mizar-18-orange\/#primaryimage\"},\"image\":{\"@id\":\"https:\/\/fiasportsbrands.com\/peru\/producto\/backpack-mizar-18-orange\/#primaryimage\"},\"thumbnailUrl\":\"https:\/\/fiasportsbrands.com\/peru\/wp-content\/uploads\/sites\/2\/2023\/06\/M18-1.jpg\",\"datePublished\":\"2023-06-13T21:27:35+00:00\",\"dateModified\":\"2024-11-05T21:43:23+00:00\",\"breadcrumb\":{\"@id\":\"https:\/\/fiasportsbrands.com\/peru\/producto\/backpack-mizar-18-orange\/#breadcrumb\"},\"inLanguage\":\"es\",\"potentialAction\":[{\"@type\":\"ReadAction\",\"target\":[\"https:\/\/fiasportsbrands.com\/peru\/producto\/backpack-mizar-18-orange\/\"]}]},{\"@type\":\"ImageObject\",\"inLanguage\":\"es\",\"@id\":\"https:\/\/fiasportsbrands.com\/peru\/producto\/backpack-mizar-18-orange\/#primaryimage\",\"url\":\"https:\/\/fiasportsbrands.com\/peru\/wp-content\/uploads\/sites\/2\/2023\/06\/M18-1.jpg\",\"contentUrl\":\"https:\/\/fiasportsbrands.com\/peru\/wp-content\/uploads\/sites\/2\/2023\/06\/M18-1.jpg\",\"width\":1080,\"height\":1080},{\"@type\":\"BreadcrumbList\",\"@id\":\"https:\/\/fiasportsbrands.com\/peru\/producto\/backpack-mizar-18-orange\/#breadcrumb\",\"itemListElement\":[{\"@type\":\"ListItem\",\"position\":1,\"name\":\"Portada\",\"item\":\"https:\/\/fiasportsbrands.com\/peru\/\"},{\"@type\":\"ListItem\",\"position\":2,\"name\":\"Tienda\",\"item\":\"https:\/\/fiasportsbrands.com\/peru\/tienda\/\"},{\"@type\":\"ListItem\",\"position\":3,\"name\":\"BACKPACK MIZAR 18 orange\"}]},{\"@type\":\"WebSite\",\"@id\":\"https:\/\/fiasportsbrands.com\/peru\/#website\",\"url\":\"https:\/\/fiasportsbrands.com\/peru\/\",\"name\":\"FiaSports Per\u00fa\",\"description\":\"Distribuidor oficial de marcas deportivas\",\"publisher\":{\"@id\":\"https:\/\/fiasportsbrands.com\/peru\/#organization\"},\"potentialAction\":[{\"@type\":\"SearchAction\",\"target\":{\"@type\":\"EntryPoint\",\"urlTemplate\":\"https:\/\/fiasportsbrands.com\/peru\/?s={search_term_string}\"},\"query-input\":\"required name=search_term_string\"}],\"inLanguage\":\"es\"},{\"@type\":\"Organization\",\"@id\":\"https:\/\/fiasportsbrands.com\/peru\/#organization\",\"name\":\"FiaSports Per\u00fa\",\"url\":\"https:\/\/fiasportsbrands.com\/peru\/\",\"logo\":{\"@type\":\"ImageObject\",\"inLanguage\":\"es\",\"@id\":\"https:\/\/fiasportsbrands.com\/peru\/#\/schema\/logo\/image\/\",\"url\":\"https:\/\/fiasportsbrands.com\/peru\/wp-content\/uploads\/sites\/2\/2023\/04\/logo_fiasports.png\",\"contentUrl\":\"https:\/\/fiasportsbrands.com\/peru\/wp-content\/uploads\/sites\/2\/2023\/04\/logo_fiasports.png\",\"width\":512,\"height\":128,\"caption\":\"FiaSports Per\u00fa\"},\"image\":{\"@id\":\"https:\/\/fiasportsbrands.com\/peru\/#\/schema\/logo\/image\/\"},\"sameAs\":[\"https:\/\/www.facebook.com\/bolleperuu\",\"https:\/\/www.instagram.com\/bolleperu\/\"]}]}<\/script>\n<!-- \/ Yoast SEO plugin. -->","yoast_head_json":{"title":"BACKPACK MIZAR 18 orange - FiaSports Per\u00fa","robots":{"index":"index","follow":"follow","max-snippet":"max-snippet:-1","max-image-preview":"max-image-preview:large","max-video-preview":"max-video-preview:-1"},"canonical":"https:\/\/fiasportsbrands.com\/peru\/producto\/backpack-mizar-18-orange\/","og_locale":"es_ES","og_type":"article","og_title":"BACKPACK MIZAR 18 orange - FiaSports Per\u00fa","og_description":"Mizar es la mochila de 18 litros multifuncional ideal para ir a trabajar pero tambi\u00e9n para llevarla en viajes o actividades al aire libre no intensas. Con funda interior y parte inferior acolchada para transportar el ordenador port\u00e1til y organizador interior para mantener todo perfectamente ordenado.","og_url":"https:\/\/fiasportsbrands.com\/peru\/producto\/backpack-mizar-18-orange\/","og_site_name":"FiaSports Per\u00fa","article_publisher":"https:\/\/www.facebook.com\/bolleperuu","article_modified_time":"2024-11-05T21:43:23+00:00","og_image":[{"width":1080,"height":1080,"url":"https:\/\/fiasportsbrands.com\/peru\/wp-content\/uploads\/sites\/2\/2023\/06\/M18-1.jpg","type":"image\/jpeg"}],"twitter_card":"summary_large_image","schema":{"@context":"https:\/\/schema.org","@graph":[{"@type":"WebPage","@id":"https:\/\/fiasportsbrands.com\/peru\/producto\/backpack-mizar-18-orange\/","url":"https:\/\/fiasportsbrands.com\/peru\/producto\/backpack-mizar-18-orange\/","name":"BACKPACK MIZAR 18 orange - FiaSports Per\u00fa","isPartOf":{"@id":"https:\/\/fiasportsbrands.com\/peru\/#website"},"primaryImageOfPage":{"@id":"https:\/\/fiasportsbrands.com\/peru\/producto\/backpack-mizar-18-orange\/#primaryimage"},"image":{"@id":"https:\/\/fiasportsbrands.com\/peru\/producto\/backpack-mizar-18-orange\/#primaryimage"},"thumbnailUrl":"https:\/\/fiasportsbrands.com\/peru\/wp-content\/uploads\/sites\/2\/2023\/06\/M18-1.jpg","datePublished":"2023-06-13T21:27:35+00:00","dateModified":"2024-11-05T21:43:23+00:00","breadcrumb":{"@id":"https:\/\/fiasportsbrands.com\/peru\/producto\/backpack-mizar-18-orange\/#breadcrumb"},"inLanguage":"es","potentialAction":[{"@type":"ReadAction","target":["https:\/\/fiasportsbrands.com\/peru\/producto\/backpack-mizar-18-orange\/"]}]},{"@type":"ImageObject","inLanguage":"es","@id":"https:\/\/fiasportsbrands.com\/peru\/producto\/backpack-mizar-18-orange\/#primaryimage","url":"https:\/\/fiasportsbrands.com\/peru\/wp-content\/uploads\/sites\/2\/2023\/06\/M18-1.jpg","contentUrl":"https:\/\/fiasportsbrands.com\/peru\/wp-content\/uploads\/sites\/2\/2023\/06\/M18-1.jpg","width":1080,"height":1080},{"@type":"BreadcrumbList","@id":"https:\/\/fiasportsbrands.com\/peru\/producto\/backpack-mizar-18-orange\/#breadcrumb","itemListElement":[{"@type":"ListItem","position":1,"name":"Portada","item":"https:\/\/fiasportsbrands.com\/peru\/"},{"@type":"ListItem","position":2,"name":"Tienda","item":"https:\/\/fiasportsbrands.com\/peru\/tienda\/"},{"@type":"ListItem","position":3,"name":"BACKPACK MIZAR 18 orange"}]},{"@type":"WebSite","@id":"https:\/\/fiasportsbrands.com\/peru\/#website","url":"https:\/\/fiasportsbrands.com\/peru\/","name":"FiaSports Per\u00fa","description":"Distribuidor oficial de marcas deportivas","publisher":{"@id":"https:\/\/fiasportsbrands.com\/peru\/#organization"},"potentialAction":[{"@type":"SearchAction","target":{"@type":"EntryPoint","urlTemplate":"https:\/\/fiasportsbrands.com\/peru\/?s={search_term_string}"},"query-input":"required name=search_term_string"}],"inLanguage":"es"},{"@type":"Organization","@id":"https:\/\/fiasportsbrands.com\/peru\/#organization","name":"FiaSports Per\u00fa","url":"https:\/\/fiasportsbrands.com\/peru\/","logo":{"@type":"ImageObject","inLanguage":"es","@id":"https:\/\/fiasportsbrands.com\/peru\/#\/schema\/logo\/image\/","url":"https:\/\/fiasportsbrands.com\/peru\/wp-content\/uploads\/sites\/2\/2023\/04\/logo_fiasports.png","contentUrl":"https:\/\/fiasportsbrands.com\/peru\/wp-content\/uploads\/sites\/2\/2023\/04\/logo_fiasports.png","width":512,"height":128,"caption":"FiaSports Per\u00fa"},"image":{"@id":"https:\/\/fiasportsbrands.com\/peru\/#\/schema\/logo\/image\/"},"sameAs":["https:\/\/www.facebook.com\/bolleperuu","https:\/\/www.instagram.com\/bolleperu\/"]}]}},"_links":{"self":[{"href":"https:\/\/fiasportsbrands.com\/peru\/wp-json\/wp\/v2\/product\/7084"}],"collection":[{"href":"https:\/\/fiasportsbrands.com\/peru\/wp-json\/wp\/v2\/product"}],"about":[{"href":"https:\/\/fiasportsbrands.com\/peru\/wp-json\/wp\/v2\/types\/product"}],"replies":[{"embeddable":true,"href":"https:\/\/fiasportsbrands.com\/peru\/wp-json\/wp\/v2\/comments?post=7084"}],"version-history":[{"count":2,"href":"https:\/\/fiasportsbrands.com\/peru\/wp-json\/wp\/v2\/product\/7084\/revisions"}],"predecessor-version":[{"id":8191,"href":"https:\/\/fiasportsbrands.com\/peru\/wp-json\/wp\/v2\/product\/7084\/revisions\/8191"}],"wp:featuredmedia":[{"embeddable":true,"href":"https:\/\/fiasportsbrands.com\/peru\/wp-json\/wp\/v2\/media\/11995"}],"wp:attachment":[{"href":"https:\/\/fiasportsbrands.com\/peru\/wp-json\/wp\/v2\/media?parent=7084"}],"wp:term":[{"taxonomy":"product_cat","embeddable":true,"href":"https:\/\/fiasportsbrands.com\/peru\/wp-json\/wp\/v2\/product_cat?post=7084"},{"taxonomy":"product_tag","embeddable":true,"href":"https:\/\/fiasportsbrands.com\/peru\/wp-json\/wp\/v2\/product_tag?post=7084"}],"curies":[{"name":"wp","href":"https:\/\/api.w.org\/{rel}","templated":true}]}}