{"id":5381,"date":"2023-05-03T11:53:38","date_gmt":"2023-05-03T16:53:38","guid":{"rendered":"https:\/\/fiasportsbrands.com\/peru\/?post_type=product&#038;p=5381"},"modified":"2026-01-13T11:37:36","modified_gmt":"2026-01-13T16:37:36","slug":"holman-floatable","status":"publish","type":"product","link":"https:\/\/fiasportsbrands.com\/peru\/producto\/holman-floatable\/","title":{"rendered":"HOLMAN FLOATABLE"},"content":{"rendered":"<p>Con su dise\u00f1o deportivo y su forma de estilo de vida, HOLMAN FLOATABLE es una buena opci\u00f3n para un estilo de vida activo. El nailon TR90 ligero y flexible proporciona una gran comodidad y un ajuste seguro. Ahora disponible con tecnolog\u00eda flotante, HOLMAN FLOATABLE ser\u00e1 tu mejor aliado para tus actividades n\u00e1uticas.<\/p>\n","protected":false},"excerpt":{"rendered":"<p>Con su dise\u00f1o deportivo y su forma de estilo de vida, HOLMAN FLOATABLE es una buena opci\u00f3n para un estilo de vida activo. El nailon TR90 ligero y flexible proporciona una gran comodidad y un ajuste seguro. Ahora disponible con tecnolog\u00eda flotante, HOLMAN FLOATABLE ser\u00e1 tu mejor aliado para tus actividades n\u00e1uticas.<\/p>\n","protected":false},"featured_media":14292,"comment_status":"open","ping_status":"closed","template":"","meta":{"site-sidebar-layout":"default","site-content-layout":"default","ast-global-header-display":"","ast-banner-title-visibility":"","ast-main-header-display":"","ast-hfb-above-header-display":"","ast-hfb-below-header-display":"","ast-hfb-mobile-header-display":"","site-post-title":"","ast-breadcrumbs-content":"","ast-featured-img":"","footer-sml-layout":"","theme-transparent-header-meta":"default","adv-header-id-meta":"","stick-header-meta":"","header-above-stick-meta":"","header-main-stick-meta":"","header-below-stick-meta":""},"product_cat":[544],"product_tag":[],"yoast_head":"<!-- This site is optimized with the Yoast SEO plugin v22.2 - https:\/\/yoast.com\/wordpress\/plugins\/seo\/ -->\n<title>HOLMAN FLOATABLE - FiaSports Per\u00fa<\/title>\n<meta name=\"robots\" content=\"index, follow, max-snippet:-1, max-image-preview:large, max-video-preview:-1\" \/>\n<link rel=\"canonical\" href=\"https:\/\/fiasportsbrands.com\/peru\/producto\/holman-floatable\/\" \/>\n<meta property=\"og:locale\" content=\"es_ES\" \/>\n<meta property=\"og:type\" content=\"article\" \/>\n<meta property=\"og:title\" content=\"HOLMAN FLOATABLE - FiaSports Per\u00fa\" \/>\n<meta property=\"og:description\" content=\"Con su dise\u00f1o deportivo y su forma de estilo de vida, HOLMAN FLOATABLE es una buena opci\u00f3n para un estilo de vida activo. El nailon TR90 ligero y flexible proporciona una gran comodidad y un ajuste seguro. Ahora disponible con tecnolog\u00eda flotante, HOLMAN FLOATABLE ser\u00e1 tu mejor aliado para tus actividades n\u00e1uticas.\" \/>\n<meta property=\"og:url\" content=\"https:\/\/fiasportsbrands.com\/peru\/producto\/holman-floatable\/\" \/>\n<meta property=\"og:site_name\" content=\"FiaSports Per\u00fa\" \/>\n<meta property=\"article:publisher\" content=\"https:\/\/www.facebook.com\/bolleperuu\" \/>\n<meta property=\"article:modified_time\" content=\"2026-01-13T16:37:36+00:00\" \/>\n<meta property=\"og:image\" content=\"https:\/\/fiasportsbrands.com\/peru\/wp-content\/uploads\/sites\/2\/2023\/05\/Holman-Floatable_Black-Crystal-Blue-Matte-HD-Polarized-Offshore-Blue-01.jpg\" \/>\n\t<meta property=\"og:image:width\" content=\"1340\" \/>\n\t<meta property=\"og:image:height\" content=\"1340\" \/>\n\t<meta property=\"og:image:type\" content=\"image\/jpeg\" \/>\n<meta name=\"twitter:card\" content=\"summary_large_image\" \/>\n<meta name=\"twitter:label1\" content=\"Tiempo de lectura\" \/>\n\t<meta name=\"twitter:data1\" content=\"1 minuto\" \/>\n<script type=\"application\/ld+json\" class=\"yoast-schema-graph\">{\"@context\":\"https:\/\/schema.org\",\"@graph\":[{\"@type\":\"WebPage\",\"@id\":\"https:\/\/fiasportsbrands.com\/peru\/producto\/holman-floatable\/\",\"url\":\"https:\/\/fiasportsbrands.com\/peru\/producto\/holman-floatable\/\",\"name\":\"HOLMAN FLOATABLE - FiaSports Per\u00fa\",\"isPartOf\":{\"@id\":\"https:\/\/fiasportsbrands.com\/peru\/#website\"},\"primaryImageOfPage\":{\"@id\":\"https:\/\/fiasportsbrands.com\/peru\/producto\/holman-floatable\/#primaryimage\"},\"image\":{\"@id\":\"https:\/\/fiasportsbrands.com\/peru\/producto\/holman-floatable\/#primaryimage\"},\"thumbnailUrl\":\"https:\/\/fiasportsbrands.com\/peru\/wp-content\/uploads\/sites\/2\/2023\/05\/Holman-Floatable_Black-Crystal-Blue-Matte-HD-Polarized-Offshore-Blue-01.jpg\",\"datePublished\":\"2023-05-03T16:53:38+00:00\",\"dateModified\":\"2026-01-13T16:37:36+00:00\",\"breadcrumb\":{\"@id\":\"https:\/\/fiasportsbrands.com\/peru\/producto\/holman-floatable\/#breadcrumb\"},\"inLanguage\":\"es\",\"potentialAction\":[{\"@type\":\"ReadAction\",\"target\":[\"https:\/\/fiasportsbrands.com\/peru\/producto\/holman-floatable\/\"]}]},{\"@type\":\"ImageObject\",\"inLanguage\":\"es\",\"@id\":\"https:\/\/fiasportsbrands.com\/peru\/producto\/holman-floatable\/#primaryimage\",\"url\":\"https:\/\/fiasportsbrands.com\/peru\/wp-content\/uploads\/sites\/2\/2023\/05\/Holman-Floatable_Black-Crystal-Blue-Matte-HD-Polarized-Offshore-Blue-01.jpg\",\"contentUrl\":\"https:\/\/fiasportsbrands.com\/peru\/wp-content\/uploads\/sites\/2\/2023\/05\/Holman-Floatable_Black-Crystal-Blue-Matte-HD-Polarized-Offshore-Blue-01.jpg\",\"width\":1340,\"height\":1340},{\"@type\":\"BreadcrumbList\",\"@id\":\"https:\/\/fiasportsbrands.com\/peru\/producto\/holman-floatable\/#breadcrumb\",\"itemListElement\":[{\"@type\":\"ListItem\",\"position\":1,\"name\":\"Portada\",\"item\":\"https:\/\/fiasportsbrands.com\/peru\/\"},{\"@type\":\"ListItem\",\"position\":2,\"name\":\"Tienda\",\"item\":\"https:\/\/fiasportsbrands.com\/peru\/tienda\/\"},{\"@type\":\"ListItem\",\"position\":3,\"name\":\"HOLMAN FLOATABLE\"}]},{\"@type\":\"WebSite\",\"@id\":\"https:\/\/fiasportsbrands.com\/peru\/#website\",\"url\":\"https:\/\/fiasportsbrands.com\/peru\/\",\"name\":\"FiaSports Per\u00fa\",\"description\":\"Distribuidor oficial de marcas deportivas\",\"publisher\":{\"@id\":\"https:\/\/fiasportsbrands.com\/peru\/#organization\"},\"potentialAction\":[{\"@type\":\"SearchAction\",\"target\":{\"@type\":\"EntryPoint\",\"urlTemplate\":\"https:\/\/fiasportsbrands.com\/peru\/?s={search_term_string}\"},\"query-input\":\"required name=search_term_string\"}],\"inLanguage\":\"es\"},{\"@type\":\"Organization\",\"@id\":\"https:\/\/fiasportsbrands.com\/peru\/#organization\",\"name\":\"FiaSports Per\u00fa\",\"url\":\"https:\/\/fiasportsbrands.com\/peru\/\",\"logo\":{\"@type\":\"ImageObject\",\"inLanguage\":\"es\",\"@id\":\"https:\/\/fiasportsbrands.com\/peru\/#\/schema\/logo\/image\/\",\"url\":\"https:\/\/fiasportsbrands.com\/peru\/wp-content\/uploads\/sites\/2\/2023\/04\/logo_fiasports.png\",\"contentUrl\":\"https:\/\/fiasportsbrands.com\/peru\/wp-content\/uploads\/sites\/2\/2023\/04\/logo_fiasports.png\",\"width\":512,\"height\":128,\"caption\":\"FiaSports Per\u00fa\"},\"image\":{\"@id\":\"https:\/\/fiasportsbrands.com\/peru\/#\/schema\/logo\/image\/\"},\"sameAs\":[\"https:\/\/www.facebook.com\/bolleperuu\",\"https:\/\/www.instagram.com\/bolleperu\/\"]}]}<\/script>\n<!-- \/ Yoast SEO plugin. -->","yoast_head_json":{"title":"HOLMAN FLOATABLE - FiaSports Per\u00fa","robots":{"index":"index","follow":"follow","max-snippet":"max-snippet:-1","max-image-preview":"max-image-preview:large","max-video-preview":"max-video-preview:-1"},"canonical":"https:\/\/fiasportsbrands.com\/peru\/producto\/holman-floatable\/","og_locale":"es_ES","og_type":"article","og_title":"HOLMAN FLOATABLE - FiaSports Per\u00fa","og_description":"Con su dise\u00f1o deportivo y su forma de estilo de vida, HOLMAN FLOATABLE es una buena opci\u00f3n para un estilo de vida activo. El nailon TR90 ligero y flexible proporciona una gran comodidad y un ajuste seguro. Ahora disponible con tecnolog\u00eda flotante, HOLMAN FLOATABLE ser\u00e1 tu mejor aliado para tus actividades n\u00e1uticas.","og_url":"https:\/\/fiasportsbrands.com\/peru\/producto\/holman-floatable\/","og_site_name":"FiaSports Per\u00fa","article_publisher":"https:\/\/www.facebook.com\/bolleperuu","article_modified_time":"2026-01-13T16:37:36+00:00","og_image":[{"width":1340,"height":1340,"url":"https:\/\/fiasportsbrands.com\/peru\/wp-content\/uploads\/sites\/2\/2023\/05\/Holman-Floatable_Black-Crystal-Blue-Matte-HD-Polarized-Offshore-Blue-01.jpg","type":"image\/jpeg"}],"twitter_card":"summary_large_image","twitter_misc":{"Tiempo de lectura":"1 minuto"},"schema":{"@context":"https:\/\/schema.org","@graph":[{"@type":"WebPage","@id":"https:\/\/fiasportsbrands.com\/peru\/producto\/holman-floatable\/","url":"https:\/\/fiasportsbrands.com\/peru\/producto\/holman-floatable\/","name":"HOLMAN FLOATABLE - FiaSports Per\u00fa","isPartOf":{"@id":"https:\/\/fiasportsbrands.com\/peru\/#website"},"primaryImageOfPage":{"@id":"https:\/\/fiasportsbrands.com\/peru\/producto\/holman-floatable\/#primaryimage"},"image":{"@id":"https:\/\/fiasportsbrands.com\/peru\/producto\/holman-floatable\/#primaryimage"},"thumbnailUrl":"https:\/\/fiasportsbrands.com\/peru\/wp-content\/uploads\/sites\/2\/2023\/05\/Holman-Floatable_Black-Crystal-Blue-Matte-HD-Polarized-Offshore-Blue-01.jpg","datePublished":"2023-05-03T16:53:38+00:00","dateModified":"2026-01-13T16:37:36+00:00","breadcrumb":{"@id":"https:\/\/fiasportsbrands.com\/peru\/producto\/holman-floatable\/#breadcrumb"},"inLanguage":"es","potentialAction":[{"@type":"ReadAction","target":["https:\/\/fiasportsbrands.com\/peru\/producto\/holman-floatable\/"]}]},{"@type":"ImageObject","inLanguage":"es","@id":"https:\/\/fiasportsbrands.com\/peru\/producto\/holman-floatable\/#primaryimage","url":"https:\/\/fiasportsbrands.com\/peru\/wp-content\/uploads\/sites\/2\/2023\/05\/Holman-Floatable_Black-Crystal-Blue-Matte-HD-Polarized-Offshore-Blue-01.jpg","contentUrl":"https:\/\/fiasportsbrands.com\/peru\/wp-content\/uploads\/sites\/2\/2023\/05\/Holman-Floatable_Black-Crystal-Blue-Matte-HD-Polarized-Offshore-Blue-01.jpg","width":1340,"height":1340},{"@type":"BreadcrumbList","@id":"https:\/\/fiasportsbrands.com\/peru\/producto\/holman-floatable\/#breadcrumb","itemListElement":[{"@type":"ListItem","position":1,"name":"Portada","item":"https:\/\/fiasportsbrands.com\/peru\/"},{"@type":"ListItem","position":2,"name":"Tienda","item":"https:\/\/fiasportsbrands.com\/peru\/tienda\/"},{"@type":"ListItem","position":3,"name":"HOLMAN FLOATABLE"}]},{"@type":"WebSite","@id":"https:\/\/fiasportsbrands.com\/peru\/#website","url":"https:\/\/fiasportsbrands.com\/peru\/","name":"FiaSports Per\u00fa","description":"Distribuidor oficial de marcas deportivas","publisher":{"@id":"https:\/\/fiasportsbrands.com\/peru\/#organization"},"potentialAction":[{"@type":"SearchAction","target":{"@type":"EntryPoint","urlTemplate":"https:\/\/fiasportsbrands.com\/peru\/?s={search_term_string}"},"query-input":"required name=search_term_string"}],"inLanguage":"es"},{"@type":"Organization","@id":"https:\/\/fiasportsbrands.com\/peru\/#organization","name":"FiaSports Per\u00fa","url":"https:\/\/fiasportsbrands.com\/peru\/","logo":{"@type":"ImageObject","inLanguage":"es","@id":"https:\/\/fiasportsbrands.com\/peru\/#\/schema\/logo\/image\/","url":"https:\/\/fiasportsbrands.com\/peru\/wp-content\/uploads\/sites\/2\/2023\/04\/logo_fiasports.png","contentUrl":"https:\/\/fiasportsbrands.com\/peru\/wp-content\/uploads\/sites\/2\/2023\/04\/logo_fiasports.png","width":512,"height":128,"caption":"FiaSports Per\u00fa"},"image":{"@id":"https:\/\/fiasportsbrands.com\/peru\/#\/schema\/logo\/image\/"},"sameAs":["https:\/\/www.facebook.com\/bolleperuu","https:\/\/www.instagram.com\/bolleperu\/"]}]}},"_links":{"self":[{"href":"https:\/\/fiasportsbrands.com\/peru\/wp-json\/wp\/v2\/product\/5381"}],"collection":[{"href":"https:\/\/fiasportsbrands.com\/peru\/wp-json\/wp\/v2\/product"}],"about":[{"href":"https:\/\/fiasportsbrands.com\/peru\/wp-json\/wp\/v2\/types\/product"}],"replies":[{"embeddable":true,"href":"https:\/\/fiasportsbrands.com\/peru\/wp-json\/wp\/v2\/comments?post=5381"}],"version-history":[{"count":3,"href":"https:\/\/fiasportsbrands.com\/peru\/wp-json\/wp\/v2\/product\/5381\/revisions"}],"predecessor-version":[{"id":11841,"href":"https:\/\/fiasportsbrands.com\/peru\/wp-json\/wp\/v2\/product\/5381\/revisions\/11841"}],"wp:featuredmedia":[{"embeddable":true,"href":"https:\/\/fiasportsbrands.com\/peru\/wp-json\/wp\/v2\/media\/14292"}],"wp:attachment":[{"href":"https:\/\/fiasportsbrands.com\/peru\/wp-json\/wp\/v2\/media?parent=5381"}],"wp:term":[{"taxonomy":"product_cat","embeddable":true,"href":"https:\/\/fiasportsbrands.com\/peru\/wp-json\/wp\/v2\/product_cat?post=5381"},{"taxonomy":"product_tag","embeddable":true,"href":"https:\/\/fiasportsbrands.com\/peru\/wp-json\/wp\/v2\/product_tag?post=5381"}],"curies":[{"name":"wp","href":"https:\/\/api.w.org\/{rel}","templated":true}]}}