{"id":5217,"date":"2023-05-03T11:53:03","date_gmt":"2023-05-03T16:53:03","guid":{"rendered":"https:\/\/fiasportsbrands.com\/peru\/?post_type=product&#038;p=5217"},"modified":"2024-11-21T08:50:22","modified_gmt":"2024-11-21T13:50:22","slug":"bolt-2-0-s","status":"publish","type":"product","link":"https:\/\/fiasportsbrands.com\/peru\/producto\/bolt-2-0-s\/","title":{"rendered":"BOLT 2.0 S Creator Green Matte"},"content":{"rendered":"<p>Con un dise\u00f1o estudiado para la pr\u00e1ctica del ciclismo y del golf, el modelo BOLT responde a todas las exigencias de esta actividad. Permiten afrontar todos los estados clim\u00e1ticos gracias a sus lentes intercambiables.<br \/>\nLa versi\u00f3n con nuestra lente Phantom Court ofrece una visi\u00f3n \u00fanica para los tenistas, mejorando los contrastes para resaltar los colores blanco y amarillo en las pistas.<\/p>\n<p>&nbsp;<\/p>\n<h4 class=\"title mb-3\" data-toggle=\"collapse\" aria-expanded=\"true\" aria-controls=\"collapsibleDescription\">DESTACADO:<\/h4>\n<ul>\n<li>PLAQUETAS PARA LA NARIZ AJUSTABLES<\/li>\n<li>LENTES INTERCAMBIABLES<\/li>\n<li>TRATAMIENTO ANTIEMPA\u00d1AMIENTO P80+<\/li>\n<li>TRATAMIENTO OLEOF\u00d3BICO<\/li>\n<li>THERMOGRIP\u00ae<\/li>\n<li>LENTE FOTOCROM\u00c1TICA NXT\u00ae<\/li>\n<\/ul>\n<p><img fetchpriority=\"high\" decoding=\"async\" class=\"alignnone wp-image-2968 size-full\" src=\"https:\/\/fiasports.com.pe\/wp-content\/uploads\/BOLT-2.0-S_2.jpg\" alt=\"\" width=\"720\" height=\"386\" \/> <img decoding=\"async\" class=\"alignnone wp-image-2969 size-full\" src=\"https:\/\/fiasports.com.pe\/wp-content\/uploads\/BOLT-2.0-S_1.jpg\" alt=\"\" width=\"720\" height=\"386\" \/><\/p>\n","protected":false},"excerpt":{"rendered":"<p>Nuestro cl\u00e1sico favorito de deporte de peque\u00f1o tama\u00f1o, actualizado. Con el fin de que el resultado sea mucho m\u00e1s perfecto para rostros peque\u00f1os, BOLT S se ha actualizado con un nuevo dise\u00f1o que mantiene el mismo resultado por el que se le conoce: montura de nailon TR90 de la mayor calidad para la ligereza y flexibilidad, caucho Thermogrip\u00ae para la estabilidad y almohadilla nasal ajustable para un encaje perfecto.<\/p>\n","protected":false},"featured_media":7905,"comment_status":"open","ping_status":"closed","template":"","meta":{"site-sidebar-layout":"default","site-content-layout":"default","ast-global-header-display":"","ast-banner-title-visibility":"","ast-main-header-display":"","ast-hfb-above-header-display":"","ast-hfb-below-header-display":"","ast-hfb-mobile-header-display":"","site-post-title":"","ast-breadcrumbs-content":"","ast-featured-img":"","footer-sml-layout":"","theme-transparent-header-meta":"default","adv-header-id-meta":"","stick-header-meta":"","header-above-stick-meta":"","header-main-stick-meta":"","header-below-stick-meta":""},"product_cat":[659,666,668,665,460,542,465,466,468,467,537],"product_tag":[],"class_list":{"0":"post-5217","1":"product","2":"type-product","3":"status-publish","4":"has-post-thumbnail","6":"product_cat-active-life","7":"product_cat-deportes-acuaticos","8":"product_cat-tenis","9":"product_cat-trail-running","10":"product_cat-bolle","11":"product_cat-lentes-performance","12":"product_cat-ciclismo","13":"product_cat-deportes-golf","14":"product_cat-montanismo-outdoor","15":"product_cat-running","16":"product_cat-triatlon","17":"desktop-align-left","18":"tablet-align-left","19":"mobile-align-left","21":"first","22":"instock","23":"shipping-taxable","24":"purchasable","25":"product-type-variable"},"yoast_head":"<!-- This site is optimized with the Yoast SEO plugin v22.2 - https:\/\/yoast.com\/wordpress\/plugins\/seo\/ -->\n<title>BOLT 2.0 S Creator Green Matte - FiaSports Per\u00fa<\/title>\n<meta name=\"robots\" content=\"index, follow, max-snippet:-1, max-image-preview:large, max-video-preview:-1\" \/>\n<link rel=\"canonical\" href=\"https:\/\/fiasportsbrands.com\/peru\/producto\/bolt-2-0-s\/\" \/>\n<meta property=\"og:locale\" content=\"es_ES\" \/>\n<meta property=\"og:type\" content=\"article\" \/>\n<meta property=\"og:title\" content=\"BOLT 2.0 S Creator Green Matte - FiaSports Per\u00fa\" \/>\n<meta property=\"og:description\" content=\"Nuestro cl\u00e1sico favorito de deporte de peque\u00f1o tama\u00f1o, actualizado. Con el fin de que el resultado sea mucho m\u00e1s perfecto para rostros peque\u00f1os, BOLT S se ha actualizado con un nuevo dise\u00f1o que mantiene el mismo resultado por el que se le conoce: montura de nailon TR90 de la mayor calidad para la ligereza y flexibilidad, caucho Thermogrip\u00ae para la estabilidad y almohadilla nasal ajustable para un encaje perfecto.\" \/>\n<meta property=\"og:url\" content=\"https:\/\/fiasportsbrands.com\/peru\/producto\/bolt-2-0-s\/\" \/>\n<meta property=\"og:site_name\" content=\"FiaSports Per\u00fa\" \/>\n<meta property=\"article:publisher\" content=\"https:\/\/www.facebook.com\/bolleperuu\" \/>\n<meta property=\"article:modified_time\" content=\"2024-11-21T13:50:22+00:00\" \/>\n<meta property=\"og:image\" content=\"https:\/\/fiasportsbrands.com\/peru\/wp-content\/uploads\/sites\/2\/2023\/07\/Bolt-2.0-S_Creator-Green-Matte-Volt-Gun-Cat-3-01.jpg\" \/>\n\t<meta property=\"og:image:width\" content=\"1340\" \/>\n\t<meta property=\"og:image:height\" content=\"1340\" \/>\n\t<meta property=\"og:image:type\" content=\"image\/jpeg\" \/>\n<meta name=\"twitter:card\" content=\"summary_large_image\" \/>\n<meta name=\"twitter:label1\" content=\"Tiempo de lectura\" \/>\n\t<meta name=\"twitter:data1\" content=\"1 minuto\" \/>\n<script type=\"application\/ld+json\" class=\"yoast-schema-graph\">{\"@context\":\"https:\/\/schema.org\",\"@graph\":[{\"@type\":\"WebPage\",\"@id\":\"https:\/\/fiasportsbrands.com\/peru\/producto\/bolt-2-0-s\/\",\"url\":\"https:\/\/fiasportsbrands.com\/peru\/producto\/bolt-2-0-s\/\",\"name\":\"BOLT 2.0 S Creator Green Matte - FiaSports Per\u00fa\",\"isPartOf\":{\"@id\":\"https:\/\/fiasportsbrands.com\/peru\/#website\"},\"primaryImageOfPage\":{\"@id\":\"https:\/\/fiasportsbrands.com\/peru\/producto\/bolt-2-0-s\/#primaryimage\"},\"image\":{\"@id\":\"https:\/\/fiasportsbrands.com\/peru\/producto\/bolt-2-0-s\/#primaryimage\"},\"thumbnailUrl\":\"https:\/\/fiasportsbrands.com\/peru\/wp-content\/uploads\/sites\/2\/2023\/07\/Bolt-2.0-S_Creator-Green-Matte-Volt-Gun-Cat-3-01.jpg\",\"datePublished\":\"2023-05-03T16:53:03+00:00\",\"dateModified\":\"2024-11-21T13:50:22+00:00\",\"breadcrumb\":{\"@id\":\"https:\/\/fiasportsbrands.com\/peru\/producto\/bolt-2-0-s\/#breadcrumb\"},\"inLanguage\":\"es\",\"potentialAction\":[{\"@type\":\"ReadAction\",\"target\":[\"https:\/\/fiasportsbrands.com\/peru\/producto\/bolt-2-0-s\/\"]}]},{\"@type\":\"ImageObject\",\"inLanguage\":\"es\",\"@id\":\"https:\/\/fiasportsbrands.com\/peru\/producto\/bolt-2-0-s\/#primaryimage\",\"url\":\"https:\/\/fiasportsbrands.com\/peru\/wp-content\/uploads\/sites\/2\/2023\/07\/Bolt-2.0-S_Creator-Green-Matte-Volt-Gun-Cat-3-01.jpg\",\"contentUrl\":\"https:\/\/fiasportsbrands.com\/peru\/wp-content\/uploads\/sites\/2\/2023\/07\/Bolt-2.0-S_Creator-Green-Matte-Volt-Gun-Cat-3-01.jpg\",\"width\":1340,\"height\":1340},{\"@type\":\"BreadcrumbList\",\"@id\":\"https:\/\/fiasportsbrands.com\/peru\/producto\/bolt-2-0-s\/#breadcrumb\",\"itemListElement\":[{\"@type\":\"ListItem\",\"position\":1,\"name\":\"Portada\",\"item\":\"https:\/\/fiasportsbrands.com\/peru\/\"},{\"@type\":\"ListItem\",\"position\":2,\"name\":\"Tienda\",\"item\":\"https:\/\/fiasportsbrands.com\/peru\/tienda\/\"},{\"@type\":\"ListItem\",\"position\":3,\"name\":\"BOLT 2.0 S Creator Green Matte\"}]},{\"@type\":\"WebSite\",\"@id\":\"https:\/\/fiasportsbrands.com\/peru\/#website\",\"url\":\"https:\/\/fiasportsbrands.com\/peru\/\",\"name\":\"FiaSports Per\u00fa\",\"description\":\"Distribuidor oficial de marcas deportivas\",\"publisher\":{\"@id\":\"https:\/\/fiasportsbrands.com\/peru\/#organization\"},\"potentialAction\":[{\"@type\":\"SearchAction\",\"target\":{\"@type\":\"EntryPoint\",\"urlTemplate\":\"https:\/\/fiasportsbrands.com\/peru\/?s={search_term_string}\"},\"query-input\":\"required name=search_term_string\"}],\"inLanguage\":\"es\"},{\"@type\":\"Organization\",\"@id\":\"https:\/\/fiasportsbrands.com\/peru\/#organization\",\"name\":\"FiaSports Per\u00fa\",\"url\":\"https:\/\/fiasportsbrands.com\/peru\/\",\"logo\":{\"@type\":\"ImageObject\",\"inLanguage\":\"es\",\"@id\":\"https:\/\/fiasportsbrands.com\/peru\/#\/schema\/logo\/image\/\",\"url\":\"https:\/\/fiasportsbrands.com\/peru\/wp-content\/uploads\/sites\/2\/2023\/04\/logo_fiasports.png\",\"contentUrl\":\"https:\/\/fiasportsbrands.com\/peru\/wp-content\/uploads\/sites\/2\/2023\/04\/logo_fiasports.png\",\"width\":512,\"height\":128,\"caption\":\"FiaSports Per\u00fa\"},\"image\":{\"@id\":\"https:\/\/fiasportsbrands.com\/peru\/#\/schema\/logo\/image\/\"},\"sameAs\":[\"https:\/\/www.facebook.com\/bolleperuu\",\"https:\/\/www.instagram.com\/bolleperu\/\"]}]}<\/script>\n<!-- \/ Yoast SEO plugin. -->","yoast_head_json":{"title":"BOLT 2.0 S Creator Green Matte - FiaSports Per\u00fa","robots":{"index":"index","follow":"follow","max-snippet":"max-snippet:-1","max-image-preview":"max-image-preview:large","max-video-preview":"max-video-preview:-1"},"canonical":"https:\/\/fiasportsbrands.com\/peru\/producto\/bolt-2-0-s\/","og_locale":"es_ES","og_type":"article","og_title":"BOLT 2.0 S Creator Green Matte - FiaSports Per\u00fa","og_description":"Nuestro cl\u00e1sico favorito de deporte de peque\u00f1o tama\u00f1o, actualizado. Con el fin de que el resultado sea mucho m\u00e1s perfecto para rostros peque\u00f1os, BOLT S se ha actualizado con un nuevo dise\u00f1o que mantiene el mismo resultado por el que se le conoce: montura de nailon TR90 de la mayor calidad para la ligereza y flexibilidad, caucho Thermogrip\u00ae para la estabilidad y almohadilla nasal ajustable para un encaje perfecto.","og_url":"https:\/\/fiasportsbrands.com\/peru\/producto\/bolt-2-0-s\/","og_site_name":"FiaSports Per\u00fa","article_publisher":"https:\/\/www.facebook.com\/bolleperuu","article_modified_time":"2024-11-21T13:50:22+00:00","og_image":[{"width":1340,"height":1340,"url":"https:\/\/fiasportsbrands.com\/peru\/wp-content\/uploads\/sites\/2\/2023\/07\/Bolt-2.0-S_Creator-Green-Matte-Volt-Gun-Cat-3-01.jpg","type":"image\/jpeg"}],"twitter_card":"summary_large_image","twitter_misc":{"Tiempo de lectura":"1 minuto"},"schema":{"@context":"https:\/\/schema.org","@graph":[{"@type":"WebPage","@id":"https:\/\/fiasportsbrands.com\/peru\/producto\/bolt-2-0-s\/","url":"https:\/\/fiasportsbrands.com\/peru\/producto\/bolt-2-0-s\/","name":"BOLT 2.0 S Creator Green Matte - FiaSports Per\u00fa","isPartOf":{"@id":"https:\/\/fiasportsbrands.com\/peru\/#website"},"primaryImageOfPage":{"@id":"https:\/\/fiasportsbrands.com\/peru\/producto\/bolt-2-0-s\/#primaryimage"},"image":{"@id":"https:\/\/fiasportsbrands.com\/peru\/producto\/bolt-2-0-s\/#primaryimage"},"thumbnailUrl":"https:\/\/fiasportsbrands.com\/peru\/wp-content\/uploads\/sites\/2\/2023\/07\/Bolt-2.0-S_Creator-Green-Matte-Volt-Gun-Cat-3-01.jpg","datePublished":"2023-05-03T16:53:03+00:00","dateModified":"2024-11-21T13:50:22+00:00","breadcrumb":{"@id":"https:\/\/fiasportsbrands.com\/peru\/producto\/bolt-2-0-s\/#breadcrumb"},"inLanguage":"es","potentialAction":[{"@type":"ReadAction","target":["https:\/\/fiasportsbrands.com\/peru\/producto\/bolt-2-0-s\/"]}]},{"@type":"ImageObject","inLanguage":"es","@id":"https:\/\/fiasportsbrands.com\/peru\/producto\/bolt-2-0-s\/#primaryimage","url":"https:\/\/fiasportsbrands.com\/peru\/wp-content\/uploads\/sites\/2\/2023\/07\/Bolt-2.0-S_Creator-Green-Matte-Volt-Gun-Cat-3-01.jpg","contentUrl":"https:\/\/fiasportsbrands.com\/peru\/wp-content\/uploads\/sites\/2\/2023\/07\/Bolt-2.0-S_Creator-Green-Matte-Volt-Gun-Cat-3-01.jpg","width":1340,"height":1340},{"@type":"BreadcrumbList","@id":"https:\/\/fiasportsbrands.com\/peru\/producto\/bolt-2-0-s\/#breadcrumb","itemListElement":[{"@type":"ListItem","position":1,"name":"Portada","item":"https:\/\/fiasportsbrands.com\/peru\/"},{"@type":"ListItem","position":2,"name":"Tienda","item":"https:\/\/fiasportsbrands.com\/peru\/tienda\/"},{"@type":"ListItem","position":3,"name":"BOLT 2.0 S Creator Green Matte"}]},{"@type":"WebSite","@id":"https:\/\/fiasportsbrands.com\/peru\/#website","url":"https:\/\/fiasportsbrands.com\/peru\/","name":"FiaSports Per\u00fa","description":"Distribuidor oficial de marcas deportivas","publisher":{"@id":"https:\/\/fiasportsbrands.com\/peru\/#organization"},"potentialAction":[{"@type":"SearchAction","target":{"@type":"EntryPoint","urlTemplate":"https:\/\/fiasportsbrands.com\/peru\/?s={search_term_string}"},"query-input":"required name=search_term_string"}],"inLanguage":"es"},{"@type":"Organization","@id":"https:\/\/fiasportsbrands.com\/peru\/#organization","name":"FiaSports Per\u00fa","url":"https:\/\/fiasportsbrands.com\/peru\/","logo":{"@type":"ImageObject","inLanguage":"es","@id":"https:\/\/fiasportsbrands.com\/peru\/#\/schema\/logo\/image\/","url":"https:\/\/fiasportsbrands.com\/peru\/wp-content\/uploads\/sites\/2\/2023\/04\/logo_fiasports.png","contentUrl":"https:\/\/fiasportsbrands.com\/peru\/wp-content\/uploads\/sites\/2\/2023\/04\/logo_fiasports.png","width":512,"height":128,"caption":"FiaSports Per\u00fa"},"image":{"@id":"https:\/\/fiasportsbrands.com\/peru\/#\/schema\/logo\/image\/"},"sameAs":["https:\/\/www.facebook.com\/bolleperuu","https:\/\/www.instagram.com\/bolleperu\/"]}]}},"_links":{"self":[{"href":"https:\/\/fiasportsbrands.com\/peru\/wp-json\/wp\/v2\/product\/5217","targetHints":{"allow":["GET"]}}],"collection":[{"href":"https:\/\/fiasportsbrands.com\/peru\/wp-json\/wp\/v2\/product"}],"about":[{"href":"https:\/\/fiasportsbrands.com\/peru\/wp-json\/wp\/v2\/types\/product"}],"replies":[{"embeddable":true,"href":"https:\/\/fiasportsbrands.com\/peru\/wp-json\/wp\/v2\/comments?post=5217"}],"version-history":[{"count":5,"href":"https:\/\/fiasportsbrands.com\/peru\/wp-json\/wp\/v2\/product\/5217\/revisions"}],"predecessor-version":[{"id":14135,"href":"https:\/\/fiasportsbrands.com\/peru\/wp-json\/wp\/v2\/product\/5217\/revisions\/14135"}],"wp:featuredmedia":[{"embeddable":true,"href":"https:\/\/fiasportsbrands.com\/peru\/wp-json\/wp\/v2\/media\/7905"}],"wp:attachment":[{"href":"https:\/\/fiasportsbrands.com\/peru\/wp-json\/wp\/v2\/media?parent=5217"}],"wp:term":[{"taxonomy":"product_cat","embeddable":true,"href":"https:\/\/fiasportsbrands.com\/peru\/wp-json\/wp\/v2\/product_cat?post=5217"},{"taxonomy":"product_tag","embeddable":true,"href":"https:\/\/fiasportsbrands.com\/peru\/wp-json\/wp\/v2\/product_tag?post=5217"}],"curies":[{"name":"wp","href":"https:\/\/api.w.org\/{rel}","templated":true}]}}