{"id":5179,"date":"2023-05-03T11:52:47","date_gmt":"2023-05-03T16:52:47","guid":{"rendered":"https:\/\/fiasportsbrands.com\/peru\/?post_type=product&#038;p=5179"},"modified":"2026-01-12T11:31:13","modified_gmt":"2026-01-12T16:31:13","slug":"trackdown-mips","status":"publish","type":"product","link":"https:\/\/fiasportsbrands.com\/peru\/producto\/trackdown-mips\/","title":{"rendered":"TRACKDOWN MIPS"},"content":{"rendered":"<p>Un casco de Mountain Bike totalmente nuevo con un conjunto de caracter\u00edsticas \u00fanicas. Un sistema de retenci\u00f3n de 360 \u00b0 para mayor estabilidad y ajuste total. Tecnolog\u00eda AVID de EPS progresivo para combinar canales de ventilaci\u00f3n optimizada con absorci\u00f3n progresiva de impactos. Lugar para ubicar las gafas y visera de 3 posiciones permitiendo tambi\u00e9n espacio para m\u00e1scara. Un innovador kit para invierno que contiene tapas para la ventilaci\u00f3n y un forro interior. Disponible con tecnolog\u00eda MIPS.<\/p>\n<h3>Tecnolog\u00eda.<\/h3>\n<p>REVESTIMIENTO DESMONTABLE Y LAVABLE<\/p>\n<p><strong>LUGAR PARA GAFAS<\/strong><br \/>\nEl casco Trackdown Mips cuenta con un emplazamiento espec\u00edfico y estudiado que permite dar cabida a un par de gafas.<\/p>\n<p><strong>AVID PROGRESSIVE EPS<\/strong><br \/>\nCrear cascos que resistan cualquier tipo de impacto requiere conocer todos los detalles. Utilizando EPS de alta densidad aseguramos efectividad en la absorci\u00f3n de impactos de alta energ\u00eda. EPS de baja densidad, en cambio, proporciona mejor rendimiento en impactos menos severos. Los cascos Boll\u00e9 con la tecnolog\u00eda AVID incorporan una combinaci\u00f3n de capas de diferentes densidades de EPS y\/o optimizaci\u00f3n de canales de ventilaci\u00f3n que virtualmente disminuyen la densidad en la parte superior. El resultado es un casco m\u00e1s ligero, m\u00e1s ventilado y con una absorci\u00f3n progresiva de impactos que resultar\u00e1 m\u00e1s efectiva en una m\u00e1s amplia tipolog\u00eda de impactos.<\/p>\n<p><strong>MIPS<\/strong><br \/>\nMIPS A\u00d1ADE M\u00c1S PROTECCI\u00d3N CONTRA EL MOVIMIENTO ROTACIONAL La tecnolog\u00eda MIPS es una revoluci\u00f3n en materia de seguridad que permite que el casco se deslice en relaci\u00f3n a la cabeza, agregando m\u00e1s protecci\u00f3n contra el movimiento de rotaci\u00f3n del cerebro causado por golpes angulados.<\/p>\n<p><strong>VISERA AJUSTABLE<\/strong><br \/>\nCon tres posiciones, la visera ajustable se adapta a todas las condiciones de conducci\u00f3n, y permite que las gafas\/m\u00e1scara se adapten a tu rostro.<\/p>\n","protected":false},"excerpt":{"rendered":"<p>El casco de Mountain Bike por excelencia. Ahora disponible con tecnolog\u00eda MIPS\u00ae. para asegurar mayor protecci\u00f3n ante los impactos.\u00a0 Un sistema de retenci\u00f3n de 360 \u200b\u200b\u00b0 para mayor estabilidad y ajuste total.\u00a0EPS progresivo AViD para combinar canales para una ventilaci\u00f3n superior con absorci\u00f3n de impactos progresiva.\u00a0Un garaje para gafas de sol para mantener sus gafas de sol en su lugar y una visera de 3 posiciones que permite espacio para las gafas.\u00a0Un innovador kit de invierno que contiene tapones de ventilaci\u00f3n y forro de invierno.<br \/>\n<sup style=\"color: red\"><a style=\"color: red\" href=\"https:\/\/fiasports.com.pe\/wp-content\/uploads\/tallas-cascos.pdf\" target=\"_blank\" rel=\"noopener noreferrer\">conozca su talla aqu\u00ed<\/a><\/sup><\/p>\n","protected":false},"featured_media":5204,"comment_status":"open","ping_status":"closed","template":"","meta":{"site-sidebar-layout":"default","site-content-layout":"default","ast-site-content-layout":"default","site-content-style":"default","site-sidebar-style":"default","ast-global-header-display":"","ast-banner-title-visibility":"","ast-main-header-display":"","ast-hfb-above-header-display":"","ast-hfb-below-header-display":"","ast-hfb-mobile-header-display":"","site-post-title":"","ast-breadcrumbs-content":"","ast-featured-img":"","footer-sml-layout":"","ast-disable-related-posts":"","theme-transparent-header-meta":"default","adv-header-id-meta":"","stick-header-meta":"","header-above-stick-meta":"","header-main-stick-meta":"","header-below-stick-meta":"","astra-migrate-meta-layouts":"default","ast-page-background-enabled":"default","ast-page-background-meta":{"desktop":{"background-color":"","background-image":"","background-repeat":"repeat","background-position":"center center","background-size":"auto","background-attachment":"scroll","background-type":"","background-media":"","overlay-type":"","overlay-color":"","overlay-opacity":"","overlay-gradient":""},"tablet":{"background-color":"","background-image":"","background-repeat":"repeat","background-position":"center center","background-size":"auto","background-attachment":"scroll","background-type":"","background-media":"","overlay-type":"","overlay-color":"","overlay-opacity":"","overlay-gradient":""},"mobile":{"background-color":"","background-image":"","background-repeat":"repeat","background-position":"center center","background-size":"auto","background-attachment":"scroll","background-type":"","background-media":"","overlay-type":"","overlay-color":"","overlay-opacity":"","overlay-gradient":""}},"ast-content-background-meta":{"desktop":{"background-color":"var(--ast-global-color-5)","background-image":"","background-repeat":"repeat","background-position":"center center","background-size":"auto","background-attachment":"scroll","background-type":"","background-media":"","overlay-type":"","overlay-color":"","overlay-opacity":"","overlay-gradient":""},"tablet":{"background-color":"var(--ast-global-color-5)","background-image":"","background-repeat":"repeat","background-position":"center center","background-size":"auto","background-attachment":"scroll","background-type":"","background-media":"","overlay-type":"","overlay-color":"","overlay-opacity":"","overlay-gradient":""},"mobile":{"background-color":"var(--ast-global-color-5)","background-image":"","background-repeat":"repeat","background-position":"center center","background-size":"auto","background-attachment":"scroll","background-type":"","background-media":"","overlay-type":"","overlay-color":"","overlay-opacity":"","overlay-gradient":""}}},"product_brand":[],"product_cat":[659,460,463,465,537],"product_tag":[],"class_list":{"0":"post-5179","1":"product","2":"type-product","3":"status-publish","4":"has-post-thumbnail","6":"product_cat-active-life","7":"product_cat-bolle","8":"product_cat-cascos","9":"product_cat-ciclismo","10":"product_cat-triatlon","11":"desktop-align-left","12":"tablet-align-left","13":"mobile-align-left","15":"first","16":"outofstock","17":"sale","18":"shipping-taxable","19":"purchasable","20":"product-type-variable"},"yoast_head":"<!-- This site is optimized with the Yoast SEO plugin v27.5 - https:\/\/yoast.com\/product\/yoast-seo-wordpress\/ -->\n<title>TRACKDOWN MIPS - FiaSports Per\u00fa<\/title>\n<meta name=\"robots\" content=\"index, follow, max-snippet:-1, max-image-preview:large, max-video-preview:-1\" \/>\n<link rel=\"canonical\" href=\"https:\/\/fiasportsbrands.com\/peru\/producto\/trackdown-mips\/\" \/>\n<meta property=\"og:locale\" content=\"es_ES\" \/>\n<meta property=\"og:type\" content=\"article\" \/>\n<meta property=\"og:title\" content=\"TRACKDOWN MIPS - FiaSports Per\u00fa\" \/>\n<meta property=\"og:description\" content=\"El casco de Mountain Bike por excelencia. Ahora disponible con tecnolog\u00eda MIPS\u00ae. para asegurar mayor protecci\u00f3n ante los impactos.\u00a0 Un sistema de retenci\u00f3n de 360 \u200b\u200b\u00b0 para mayor estabilidad y ajuste total.\u00a0EPS progresivo AViD para combinar canales para una ventilaci\u00f3n superior con absorci\u00f3n de impactos progresiva.\u00a0Un garaje para gafas de sol para mantener sus gafas de sol en su lugar y una visera de 3 posiciones que permite espacio para las gafas.\u00a0Un innovador kit de invierno que contiene tapones de ventilaci\u00f3n y forro de invierno. conozca su talla aqu\u00ed\" \/>\n<meta property=\"og:url\" content=\"https:\/\/fiasportsbrands.com\/peru\/producto\/trackdown-mips\/\" \/>\n<meta property=\"og:site_name\" content=\"FiaSports Per\u00fa\" \/>\n<meta property=\"article:publisher\" content=\"https:\/\/www.facebook.com\/bolleperuu\" \/>\n<meta property=\"article:modified_time\" content=\"2026-01-12T16:31:13+00:00\" \/>\n<meta property=\"og:image\" content=\"https:\/\/fiasportsbrands.com\/peru\/wp-content\/uploads\/sites\/2\/2023\/05\/Trackdown-MIPS-31620-31621-1.jpg\" \/>\n\t<meta property=\"og:image:width\" content=\"995\" \/>\n\t<meta property=\"og:image:height\" content=\"941\" \/>\n\t<meta property=\"og:image:type\" content=\"image\/jpeg\" \/>\n<meta name=\"twitter:card\" content=\"summary_large_image\" \/>\n<meta name=\"twitter:label1\" content=\"Tiempo de lectura\" \/>\n\t<meta name=\"twitter:data1\" content=\"2 minutos\" \/>\n<script type=\"application\/ld+json\" class=\"yoast-schema-graph\">{\"@context\":\"https:\\\/\\\/schema.org\",\"@graph\":[{\"@type\":\"WebPage\",\"@id\":\"https:\\\/\\\/fiasportsbrands.com\\\/peru\\\/producto\\\/trackdown-mips\\\/\",\"url\":\"https:\\\/\\\/fiasportsbrands.com\\\/peru\\\/producto\\\/trackdown-mips\\\/\",\"name\":\"TRACKDOWN MIPS - FiaSports Per\u00fa\",\"isPartOf\":{\"@id\":\"https:\\\/\\\/fiasportsbrands.com\\\/peru\\\/#website\"},\"primaryImageOfPage\":{\"@id\":\"https:\\\/\\\/fiasportsbrands.com\\\/peru\\\/producto\\\/trackdown-mips\\\/#primaryimage\"},\"image\":{\"@id\":\"https:\\\/\\\/fiasportsbrands.com\\\/peru\\\/producto\\\/trackdown-mips\\\/#primaryimage\"},\"thumbnailUrl\":\"https:\\\/\\\/fiasportsbrands.com\\\/peru\\\/wp-content\\\/uploads\\\/sites\\\/2\\\/2023\\\/05\\\/Trackdown-MIPS-31620-31621-1.jpg\",\"datePublished\":\"2023-05-03T16:52:47+00:00\",\"dateModified\":\"2026-01-12T16:31:13+00:00\",\"breadcrumb\":{\"@id\":\"https:\\\/\\\/fiasportsbrands.com\\\/peru\\\/producto\\\/trackdown-mips\\\/#breadcrumb\"},\"inLanguage\":\"es\",\"potentialAction\":[{\"@type\":\"ReadAction\",\"target\":[\"https:\\\/\\\/fiasportsbrands.com\\\/peru\\\/producto\\\/trackdown-mips\\\/\"]}]},{\"@type\":\"ImageObject\",\"inLanguage\":\"es\",\"@id\":\"https:\\\/\\\/fiasportsbrands.com\\\/peru\\\/producto\\\/trackdown-mips\\\/#primaryimage\",\"url\":\"https:\\\/\\\/fiasportsbrands.com\\\/peru\\\/wp-content\\\/uploads\\\/sites\\\/2\\\/2023\\\/05\\\/Trackdown-MIPS-31620-31621-1.jpg\",\"contentUrl\":\"https:\\\/\\\/fiasportsbrands.com\\\/peru\\\/wp-content\\\/uploads\\\/sites\\\/2\\\/2023\\\/05\\\/Trackdown-MIPS-31620-31621-1.jpg\",\"width\":995,\"height\":941},{\"@type\":\"BreadcrumbList\",\"@id\":\"https:\\\/\\\/fiasportsbrands.com\\\/peru\\\/producto\\\/trackdown-mips\\\/#breadcrumb\",\"itemListElement\":[{\"@type\":\"ListItem\",\"position\":1,\"name\":\"Portada\",\"item\":\"https:\\\/\\\/fiasportsbrands.com\\\/peru\\\/\"},{\"@type\":\"ListItem\",\"position\":2,\"name\":\"Tienda\",\"item\":\"https:\\\/\\\/fiasportsbrands.com\\\/peru\\\/tienda\\\/\"},{\"@type\":\"ListItem\",\"position\":3,\"name\":\"TRACKDOWN MIPS\"}]},{\"@type\":\"WebSite\",\"@id\":\"https:\\\/\\\/fiasportsbrands.com\\\/peru\\\/#website\",\"url\":\"https:\\\/\\\/fiasportsbrands.com\\\/peru\\\/\",\"name\":\"FiaSports Per\u00fa\",\"description\":\"Distribuidor oficial de marcas deportivas\",\"publisher\":{\"@id\":\"https:\\\/\\\/fiasportsbrands.com\\\/peru\\\/#organization\"},\"potentialAction\":[{\"@type\":\"SearchAction\",\"target\":{\"@type\":\"EntryPoint\",\"urlTemplate\":\"https:\\\/\\\/fiasportsbrands.com\\\/peru\\\/?s={search_term_string}\"},\"query-input\":{\"@type\":\"PropertyValueSpecification\",\"valueRequired\":true,\"valueName\":\"search_term_string\"}}],\"inLanguage\":\"es\"},{\"@type\":\"Organization\",\"@id\":\"https:\\\/\\\/fiasportsbrands.com\\\/peru\\\/#organization\",\"name\":\"FiaSports Per\u00fa\",\"url\":\"https:\\\/\\\/fiasportsbrands.com\\\/peru\\\/\",\"logo\":{\"@type\":\"ImageObject\",\"inLanguage\":\"es\",\"@id\":\"https:\\\/\\\/fiasportsbrands.com\\\/peru\\\/#\\\/schema\\\/logo\\\/image\\\/\",\"url\":\"https:\\\/\\\/fiasportsbrands.com\\\/peru\\\/wp-content\\\/uploads\\\/sites\\\/2\\\/2023\\\/04\\\/logo_fiasports.png\",\"contentUrl\":\"https:\\\/\\\/fiasportsbrands.com\\\/peru\\\/wp-content\\\/uploads\\\/sites\\\/2\\\/2023\\\/04\\\/logo_fiasports.png\",\"width\":512,\"height\":128,\"caption\":\"FiaSports Per\u00fa\"},\"image\":{\"@id\":\"https:\\\/\\\/fiasportsbrands.com\\\/peru\\\/#\\\/schema\\\/logo\\\/image\\\/\"},\"sameAs\":[\"https:\\\/\\\/www.facebook.com\\\/bolleperuu\",\"https:\\\/\\\/www.instagram.com\\\/bolleperu\\\/\"]}]}<\/script>\n<!-- \/ Yoast SEO plugin. -->","yoast_head_json":{"title":"TRACKDOWN MIPS - FiaSports Per\u00fa","robots":{"index":"index","follow":"follow","max-snippet":"max-snippet:-1","max-image-preview":"max-image-preview:large","max-video-preview":"max-video-preview:-1"},"canonical":"https:\/\/fiasportsbrands.com\/peru\/producto\/trackdown-mips\/","og_locale":"es_ES","og_type":"article","og_title":"TRACKDOWN MIPS - FiaSports Per\u00fa","og_description":"El casco de Mountain Bike por excelencia. Ahora disponible con tecnolog\u00eda MIPS\u00ae. para asegurar mayor protecci\u00f3n ante los impactos.\u00a0 Un sistema de retenci\u00f3n de 360 \u200b\u200b\u00b0 para mayor estabilidad y ajuste total.\u00a0EPS progresivo AViD para combinar canales para una ventilaci\u00f3n superior con absorci\u00f3n de impactos progresiva.\u00a0Un garaje para gafas de sol para mantener sus gafas de sol en su lugar y una visera de 3 posiciones que permite espacio para las gafas.\u00a0Un innovador kit de invierno que contiene tapones de ventilaci\u00f3n y forro de invierno. conozca su talla aqu\u00ed","og_url":"https:\/\/fiasportsbrands.com\/peru\/producto\/trackdown-mips\/","og_site_name":"FiaSports Per\u00fa","article_publisher":"https:\/\/www.facebook.com\/bolleperuu","article_modified_time":"2026-01-12T16:31:13+00:00","og_image":[{"width":995,"height":941,"url":"https:\/\/fiasportsbrands.com\/peru\/wp-content\/uploads\/sites\/2\/2023\/05\/Trackdown-MIPS-31620-31621-1.jpg","type":"image\/jpeg"}],"twitter_card":"summary_large_image","twitter_misc":{"Tiempo de lectura":"2 minutos"},"schema":{"@context":"https:\/\/schema.org","@graph":[{"@type":"WebPage","@id":"https:\/\/fiasportsbrands.com\/peru\/producto\/trackdown-mips\/","url":"https:\/\/fiasportsbrands.com\/peru\/producto\/trackdown-mips\/","name":"TRACKDOWN MIPS - FiaSports Per\u00fa","isPartOf":{"@id":"https:\/\/fiasportsbrands.com\/peru\/#website"},"primaryImageOfPage":{"@id":"https:\/\/fiasportsbrands.com\/peru\/producto\/trackdown-mips\/#primaryimage"},"image":{"@id":"https:\/\/fiasportsbrands.com\/peru\/producto\/trackdown-mips\/#primaryimage"},"thumbnailUrl":"https:\/\/fiasportsbrands.com\/peru\/wp-content\/uploads\/sites\/2\/2023\/05\/Trackdown-MIPS-31620-31621-1.jpg","datePublished":"2023-05-03T16:52:47+00:00","dateModified":"2026-01-12T16:31:13+00:00","breadcrumb":{"@id":"https:\/\/fiasportsbrands.com\/peru\/producto\/trackdown-mips\/#breadcrumb"},"inLanguage":"es","potentialAction":[{"@type":"ReadAction","target":["https:\/\/fiasportsbrands.com\/peru\/producto\/trackdown-mips\/"]}]},{"@type":"ImageObject","inLanguage":"es","@id":"https:\/\/fiasportsbrands.com\/peru\/producto\/trackdown-mips\/#primaryimage","url":"https:\/\/fiasportsbrands.com\/peru\/wp-content\/uploads\/sites\/2\/2023\/05\/Trackdown-MIPS-31620-31621-1.jpg","contentUrl":"https:\/\/fiasportsbrands.com\/peru\/wp-content\/uploads\/sites\/2\/2023\/05\/Trackdown-MIPS-31620-31621-1.jpg","width":995,"height":941},{"@type":"BreadcrumbList","@id":"https:\/\/fiasportsbrands.com\/peru\/producto\/trackdown-mips\/#breadcrumb","itemListElement":[{"@type":"ListItem","position":1,"name":"Portada","item":"https:\/\/fiasportsbrands.com\/peru\/"},{"@type":"ListItem","position":2,"name":"Tienda","item":"https:\/\/fiasportsbrands.com\/peru\/tienda\/"},{"@type":"ListItem","position":3,"name":"TRACKDOWN MIPS"}]},{"@type":"WebSite","@id":"https:\/\/fiasportsbrands.com\/peru\/#website","url":"https:\/\/fiasportsbrands.com\/peru\/","name":"FiaSports Per\u00fa","description":"Distribuidor oficial de marcas deportivas","publisher":{"@id":"https:\/\/fiasportsbrands.com\/peru\/#organization"},"potentialAction":[{"@type":"SearchAction","target":{"@type":"EntryPoint","urlTemplate":"https:\/\/fiasportsbrands.com\/peru\/?s={search_term_string}"},"query-input":{"@type":"PropertyValueSpecification","valueRequired":true,"valueName":"search_term_string"}}],"inLanguage":"es"},{"@type":"Organization","@id":"https:\/\/fiasportsbrands.com\/peru\/#organization","name":"FiaSports Per\u00fa","url":"https:\/\/fiasportsbrands.com\/peru\/","logo":{"@type":"ImageObject","inLanguage":"es","@id":"https:\/\/fiasportsbrands.com\/peru\/#\/schema\/logo\/image\/","url":"https:\/\/fiasportsbrands.com\/peru\/wp-content\/uploads\/sites\/2\/2023\/04\/logo_fiasports.png","contentUrl":"https:\/\/fiasportsbrands.com\/peru\/wp-content\/uploads\/sites\/2\/2023\/04\/logo_fiasports.png","width":512,"height":128,"caption":"FiaSports Per\u00fa"},"image":{"@id":"https:\/\/fiasportsbrands.com\/peru\/#\/schema\/logo\/image\/"},"sameAs":["https:\/\/www.facebook.com\/bolleperuu","https:\/\/www.instagram.com\/bolleperu\/"]}]}},"_links":{"self":[{"href":"https:\/\/fiasportsbrands.com\/peru\/wp-json\/wp\/v2\/product\/5179","targetHints":{"allow":["GET"]}}],"collection":[{"href":"https:\/\/fiasportsbrands.com\/peru\/wp-json\/wp\/v2\/product"}],"about":[{"href":"https:\/\/fiasportsbrands.com\/peru\/wp-json\/wp\/v2\/types\/product"}],"replies":[{"embeddable":true,"href":"https:\/\/fiasportsbrands.com\/peru\/wp-json\/wp\/v2\/comments?post=5179"}],"version-history":[{"count":4,"href":"https:\/\/fiasportsbrands.com\/peru\/wp-json\/wp\/v2\/product\/5179\/revisions"}],"predecessor-version":[{"id":10527,"href":"https:\/\/fiasportsbrands.com\/peru\/wp-json\/wp\/v2\/product\/5179\/revisions\/10527"}],"wp:featuredmedia":[{"embeddable":true,"href":"https:\/\/fiasportsbrands.com\/peru\/wp-json\/wp\/v2\/media\/5204"}],"wp:attachment":[{"href":"https:\/\/fiasportsbrands.com\/peru\/wp-json\/wp\/v2\/media?parent=5179"}],"wp:term":[{"taxonomy":"product_brand","embeddable":true,"href":"https:\/\/fiasportsbrands.com\/peru\/wp-json\/wp\/v2\/product_brand?post=5179"},{"taxonomy":"product_cat","embeddable":true,"href":"https:\/\/fiasportsbrands.com\/peru\/wp-json\/wp\/v2\/product_cat?post=5179"},{"taxonomy":"product_tag","embeddable":true,"href":"https:\/\/fiasportsbrands.com\/peru\/wp-json\/wp\/v2\/product_tag?post=5179"}],"curies":[{"name":"wp","href":"https:\/\/api.w.org\/{rel}","templated":true}]}}