{"id":14834,"date":"2026-01-13T11:34:46","date_gmt":"2026-01-13T16:34:46","guid":{"rendered":"https:\/\/fiasportsbrands.com\/peru\/?post_type=product&#038;p=14834"},"modified":"2026-01-13T11:35:13","modified_gmt":"2026-01-13T16:35:13","slug":"bolt-s","status":"publish","type":"product","link":"https:\/\/fiasportsbrands.com\/peru\/producto\/bolt-s\/","title":{"rendered":"Bolt S"},"content":{"rendered":"<p>Estas gafas de sol Bolle Bolt, de alta calidad y con un inconfundible estilo deportivo, son especialmente c\u00f3modas y ofrecen una excelente protecci\u00f3n contra el sol y los rayos UV. Las lentes B-CLEAR NXT a prueba de golpes, fabricadas con policarbonato Trivex Hi-Tech ultraligero, garantizan una visi\u00f3n n\u00edtida en todas las direcciones. Las lentes est\u00e1n disponibles con tratamiento polarizado, anti-fog y repelente al agua y al aceite. Las plaquetas nasales y los extremos de las patillas tienen un revestimiento similar al caucho para una sujeci\u00f3n firme. Las plaquetas nasales se ajustan individualmente.<\/p>\n","protected":false},"excerpt":{"rendered":"<p>Gafas de sol Bolle Bolt para hombre de alta calidad, protecci\u00f3n contra el sol y los rayos UV, lentes B-CLEAR NXT a prueba de golpes, fabricadas con policarbonato Trivex Hi-Tech ultraligero, tratamiento polarizado y anti-fog.<\/p>\n","protected":false},"featured_media":14838,"comment_status":"open","ping_status":"closed","template":"","meta":{"site-sidebar-layout":"default","site-content-layout":"default","ast-site-content-layout":"default","site-content-style":"default","site-sidebar-style":"default","ast-global-header-display":"","ast-banner-title-visibility":"","ast-main-header-display":"","ast-hfb-above-header-display":"","ast-hfb-below-header-display":"","ast-hfb-mobile-header-display":"","site-post-title":"","ast-breadcrumbs-content":"","ast-featured-img":"","footer-sml-layout":"","ast-disable-related-posts":"","theme-transparent-header-meta":"default","adv-header-id-meta":"","stick-header-meta":"","header-above-stick-meta":"","header-main-stick-meta":"","header-below-stick-meta":"","astra-migrate-meta-layouts":"default","ast-page-background-enabled":"default","ast-page-background-meta":{"desktop":{"background-color":"","background-image":"","background-repeat":"repeat","background-position":"center center","background-size":"auto","background-attachment":"scroll","background-type":"","background-media":"","overlay-type":"","overlay-color":"","overlay-opacity":"","overlay-gradient":""},"tablet":{"background-color":"","background-image":"","background-repeat":"repeat","background-position":"center center","background-size":"auto","background-attachment":"scroll","background-type":"","background-media":"","overlay-type":"","overlay-color":"","overlay-opacity":"","overlay-gradient":""},"mobile":{"background-color":"","background-image":"","background-repeat":"repeat","background-position":"center center","background-size":"auto","background-attachment":"scroll","background-type":"","background-media":"","overlay-type":"","overlay-color":"","overlay-opacity":"","overlay-gradient":""}},"ast-content-background-meta":{"desktop":{"background-color":"var(--ast-global-color-5)","background-image":"","background-repeat":"repeat","background-position":"center center","background-size":"auto","background-attachment":"scroll","background-type":"","background-media":"","overlay-type":"","overlay-color":"","overlay-opacity":"","overlay-gradient":""},"tablet":{"background-color":"var(--ast-global-color-5)","background-image":"","background-repeat":"repeat","background-position":"center center","background-size":"auto","background-attachment":"scroll","background-type":"","background-media":"","overlay-type":"","overlay-color":"","overlay-opacity":"","overlay-gradient":""},"mobile":{"background-color":"var(--ast-global-color-5)","background-image":"","background-repeat":"repeat","background-position":"center center","background-size":"auto","background-attachment":"scroll","background-type":"","background-media":"","overlay-type":"","overlay-color":"","overlay-opacity":"","overlay-gradient":""}}},"product_brand":[],"product_cat":[460,542],"product_tag":[],"class_list":{"0":"post-14834","1":"product","2":"type-product","3":"status-publish","4":"has-post-thumbnail","6":"product_cat-bolle","7":"product_cat-lentes-performance","8":"desktop-align-left","9":"tablet-align-left","10":"mobile-align-left","12":"first","13":"instock","14":"shipping-taxable","15":"purchasable","16":"product-type-variable"},"yoast_head":"<!-- This site is optimized with the Yoast SEO plugin v27.4 - https:\/\/yoast.com\/product\/yoast-seo-wordpress\/ -->\n<title>Bolt S - FiaSports Per\u00fa<\/title>\n<meta name=\"robots\" content=\"index, follow, max-snippet:-1, max-image-preview:large, max-video-preview:-1\" \/>\n<link rel=\"canonical\" href=\"https:\/\/fiasportsbrands.com\/peru\/producto\/bolt-s\/\" \/>\n<meta property=\"og:locale\" content=\"es_ES\" \/>\n<meta property=\"og:type\" content=\"article\" \/>\n<meta property=\"og:title\" content=\"Bolt S - FiaSports Per\u00fa\" \/>\n<meta property=\"og:description\" content=\"Gafas de sol Bolle Bolt para hombre de alta calidad, protecci\u00f3n contra el sol y los rayos UV, lentes B-CLEAR NXT a prueba de golpes, fabricadas con policarbonato Trivex Hi-Tech ultraligero, tratamiento polarizado y anti-fog.\" \/>\n<meta property=\"og:url\" content=\"https:\/\/fiasportsbrands.com\/peru\/producto\/bolt-s\/\" \/>\n<meta property=\"og:site_name\" content=\"FiaSports Per\u00fa\" \/>\n<meta property=\"article:publisher\" content=\"https:\/\/www.facebook.com\/bolleperuu\" \/>\n<meta property=\"article:modified_time\" content=\"2026-01-13T16:35:13+00:00\" \/>\n<meta property=\"og:image\" content=\"https:\/\/fiasportsbrands.com\/peru\/wp-content\/uploads\/sites\/2\/2026\/01\/Bolt_Black_Shiny-PHANTOM_BROWN_GUN__68182.jpg\" \/>\n\t<meta property=\"og:image:width\" content=\"800\" \/>\n\t<meta property=\"og:image:height\" content=\"800\" \/>\n\t<meta property=\"og:image:type\" content=\"image\/jpeg\" \/>\n<meta name=\"twitter:card\" content=\"summary_large_image\" \/>\n<meta name=\"twitter:label1\" content=\"Tiempo de lectura\" \/>\n\t<meta name=\"twitter:data1\" content=\"1 minuto\" \/>\n<script type=\"application\/ld+json\" class=\"yoast-schema-graph\">{\"@context\":\"https:\\\/\\\/schema.org\",\"@graph\":[{\"@type\":\"WebPage\",\"@id\":\"https:\\\/\\\/fiasportsbrands.com\\\/peru\\\/producto\\\/bolt-s\\\/\",\"url\":\"https:\\\/\\\/fiasportsbrands.com\\\/peru\\\/producto\\\/bolt-s\\\/\",\"name\":\"Bolt S - FiaSports Per\u00fa\",\"isPartOf\":{\"@id\":\"https:\\\/\\\/fiasportsbrands.com\\\/peru\\\/#website\"},\"primaryImageOfPage\":{\"@id\":\"https:\\\/\\\/fiasportsbrands.com\\\/peru\\\/producto\\\/bolt-s\\\/#primaryimage\"},\"image\":{\"@id\":\"https:\\\/\\\/fiasportsbrands.com\\\/peru\\\/producto\\\/bolt-s\\\/#primaryimage\"},\"thumbnailUrl\":\"https:\\\/\\\/fiasportsbrands.com\\\/peru\\\/wp-content\\\/uploads\\\/sites\\\/2\\\/2026\\\/01\\\/Bolt_Black_Shiny-PHANTOM_BROWN_GUN__68182.jpg\",\"datePublished\":\"2026-01-13T16:34:46+00:00\",\"dateModified\":\"2026-01-13T16:35:13+00:00\",\"breadcrumb\":{\"@id\":\"https:\\\/\\\/fiasportsbrands.com\\\/peru\\\/producto\\\/bolt-s\\\/#breadcrumb\"},\"inLanguage\":\"es\",\"potentialAction\":[{\"@type\":\"ReadAction\",\"target\":[\"https:\\\/\\\/fiasportsbrands.com\\\/peru\\\/producto\\\/bolt-s\\\/\"]}]},{\"@type\":\"ImageObject\",\"inLanguage\":\"es\",\"@id\":\"https:\\\/\\\/fiasportsbrands.com\\\/peru\\\/producto\\\/bolt-s\\\/#primaryimage\",\"url\":\"https:\\\/\\\/fiasportsbrands.com\\\/peru\\\/wp-content\\\/uploads\\\/sites\\\/2\\\/2026\\\/01\\\/Bolt_Black_Shiny-PHANTOM_BROWN_GUN__68182.jpg\",\"contentUrl\":\"https:\\\/\\\/fiasportsbrands.com\\\/peru\\\/wp-content\\\/uploads\\\/sites\\\/2\\\/2026\\\/01\\\/Bolt_Black_Shiny-PHANTOM_BROWN_GUN__68182.jpg\",\"width\":800,\"height\":800},{\"@type\":\"BreadcrumbList\",\"@id\":\"https:\\\/\\\/fiasportsbrands.com\\\/peru\\\/producto\\\/bolt-s\\\/#breadcrumb\",\"itemListElement\":[{\"@type\":\"ListItem\",\"position\":1,\"name\":\"Portada\",\"item\":\"https:\\\/\\\/fiasportsbrands.com\\\/peru\\\/\"},{\"@type\":\"ListItem\",\"position\":2,\"name\":\"Tienda\",\"item\":\"https:\\\/\\\/fiasportsbrands.com\\\/peru\\\/tienda\\\/\"},{\"@type\":\"ListItem\",\"position\":3,\"name\":\"Bolt S\"}]},{\"@type\":\"WebSite\",\"@id\":\"https:\\\/\\\/fiasportsbrands.com\\\/peru\\\/#website\",\"url\":\"https:\\\/\\\/fiasportsbrands.com\\\/peru\\\/\",\"name\":\"FiaSports Per\u00fa\",\"description\":\"Distribuidor oficial de marcas deportivas\",\"publisher\":{\"@id\":\"https:\\\/\\\/fiasportsbrands.com\\\/peru\\\/#organization\"},\"potentialAction\":[{\"@type\":\"SearchAction\",\"target\":{\"@type\":\"EntryPoint\",\"urlTemplate\":\"https:\\\/\\\/fiasportsbrands.com\\\/peru\\\/?s={search_term_string}\"},\"query-input\":{\"@type\":\"PropertyValueSpecification\",\"valueRequired\":true,\"valueName\":\"search_term_string\"}}],\"inLanguage\":\"es\"},{\"@type\":\"Organization\",\"@id\":\"https:\\\/\\\/fiasportsbrands.com\\\/peru\\\/#organization\",\"name\":\"FiaSports Per\u00fa\",\"url\":\"https:\\\/\\\/fiasportsbrands.com\\\/peru\\\/\",\"logo\":{\"@type\":\"ImageObject\",\"inLanguage\":\"es\",\"@id\":\"https:\\\/\\\/fiasportsbrands.com\\\/peru\\\/#\\\/schema\\\/logo\\\/image\\\/\",\"url\":\"https:\\\/\\\/fiasportsbrands.com\\\/peru\\\/wp-content\\\/uploads\\\/sites\\\/2\\\/2023\\\/04\\\/logo_fiasports.png\",\"contentUrl\":\"https:\\\/\\\/fiasportsbrands.com\\\/peru\\\/wp-content\\\/uploads\\\/sites\\\/2\\\/2023\\\/04\\\/logo_fiasports.png\",\"width\":512,\"height\":128,\"caption\":\"FiaSports Per\u00fa\"},\"image\":{\"@id\":\"https:\\\/\\\/fiasportsbrands.com\\\/peru\\\/#\\\/schema\\\/logo\\\/image\\\/\"},\"sameAs\":[\"https:\\\/\\\/www.facebook.com\\\/bolleperuu\",\"https:\\\/\\\/www.instagram.com\\\/bolleperu\\\/\"]}]}<\/script>\n<!-- \/ Yoast SEO plugin. -->","yoast_head_json":{"title":"Bolt S - FiaSports Per\u00fa","robots":{"index":"index","follow":"follow","max-snippet":"max-snippet:-1","max-image-preview":"max-image-preview:large","max-video-preview":"max-video-preview:-1"},"canonical":"https:\/\/fiasportsbrands.com\/peru\/producto\/bolt-s\/","og_locale":"es_ES","og_type":"article","og_title":"Bolt S - FiaSports Per\u00fa","og_description":"Gafas de sol Bolle Bolt para hombre de alta calidad, protecci\u00f3n contra el sol y los rayos UV, lentes B-CLEAR NXT a prueba de golpes, fabricadas con policarbonato Trivex Hi-Tech ultraligero, tratamiento polarizado y anti-fog.","og_url":"https:\/\/fiasportsbrands.com\/peru\/producto\/bolt-s\/","og_site_name":"FiaSports Per\u00fa","article_publisher":"https:\/\/www.facebook.com\/bolleperuu","article_modified_time":"2026-01-13T16:35:13+00:00","og_image":[{"width":800,"height":800,"url":"https:\/\/fiasportsbrands.com\/peru\/wp-content\/uploads\/sites\/2\/2026\/01\/Bolt_Black_Shiny-PHANTOM_BROWN_GUN__68182.jpg","type":"image\/jpeg"}],"twitter_card":"summary_large_image","twitter_misc":{"Tiempo de lectura":"1 minuto"},"schema":{"@context":"https:\/\/schema.org","@graph":[{"@type":"WebPage","@id":"https:\/\/fiasportsbrands.com\/peru\/producto\/bolt-s\/","url":"https:\/\/fiasportsbrands.com\/peru\/producto\/bolt-s\/","name":"Bolt S - FiaSports Per\u00fa","isPartOf":{"@id":"https:\/\/fiasportsbrands.com\/peru\/#website"},"primaryImageOfPage":{"@id":"https:\/\/fiasportsbrands.com\/peru\/producto\/bolt-s\/#primaryimage"},"image":{"@id":"https:\/\/fiasportsbrands.com\/peru\/producto\/bolt-s\/#primaryimage"},"thumbnailUrl":"https:\/\/fiasportsbrands.com\/peru\/wp-content\/uploads\/sites\/2\/2026\/01\/Bolt_Black_Shiny-PHANTOM_BROWN_GUN__68182.jpg","datePublished":"2026-01-13T16:34:46+00:00","dateModified":"2026-01-13T16:35:13+00:00","breadcrumb":{"@id":"https:\/\/fiasportsbrands.com\/peru\/producto\/bolt-s\/#breadcrumb"},"inLanguage":"es","potentialAction":[{"@type":"ReadAction","target":["https:\/\/fiasportsbrands.com\/peru\/producto\/bolt-s\/"]}]},{"@type":"ImageObject","inLanguage":"es","@id":"https:\/\/fiasportsbrands.com\/peru\/producto\/bolt-s\/#primaryimage","url":"https:\/\/fiasportsbrands.com\/peru\/wp-content\/uploads\/sites\/2\/2026\/01\/Bolt_Black_Shiny-PHANTOM_BROWN_GUN__68182.jpg","contentUrl":"https:\/\/fiasportsbrands.com\/peru\/wp-content\/uploads\/sites\/2\/2026\/01\/Bolt_Black_Shiny-PHANTOM_BROWN_GUN__68182.jpg","width":800,"height":800},{"@type":"BreadcrumbList","@id":"https:\/\/fiasportsbrands.com\/peru\/producto\/bolt-s\/#breadcrumb","itemListElement":[{"@type":"ListItem","position":1,"name":"Portada","item":"https:\/\/fiasportsbrands.com\/peru\/"},{"@type":"ListItem","position":2,"name":"Tienda","item":"https:\/\/fiasportsbrands.com\/peru\/tienda\/"},{"@type":"ListItem","position":3,"name":"Bolt S"}]},{"@type":"WebSite","@id":"https:\/\/fiasportsbrands.com\/peru\/#website","url":"https:\/\/fiasportsbrands.com\/peru\/","name":"FiaSports Per\u00fa","description":"Distribuidor oficial de marcas deportivas","publisher":{"@id":"https:\/\/fiasportsbrands.com\/peru\/#organization"},"potentialAction":[{"@type":"SearchAction","target":{"@type":"EntryPoint","urlTemplate":"https:\/\/fiasportsbrands.com\/peru\/?s={search_term_string}"},"query-input":{"@type":"PropertyValueSpecification","valueRequired":true,"valueName":"search_term_string"}}],"inLanguage":"es"},{"@type":"Organization","@id":"https:\/\/fiasportsbrands.com\/peru\/#organization","name":"FiaSports Per\u00fa","url":"https:\/\/fiasportsbrands.com\/peru\/","logo":{"@type":"ImageObject","inLanguage":"es","@id":"https:\/\/fiasportsbrands.com\/peru\/#\/schema\/logo\/image\/","url":"https:\/\/fiasportsbrands.com\/peru\/wp-content\/uploads\/sites\/2\/2023\/04\/logo_fiasports.png","contentUrl":"https:\/\/fiasportsbrands.com\/peru\/wp-content\/uploads\/sites\/2\/2023\/04\/logo_fiasports.png","width":512,"height":128,"caption":"FiaSports Per\u00fa"},"image":{"@id":"https:\/\/fiasportsbrands.com\/peru\/#\/schema\/logo\/image\/"},"sameAs":["https:\/\/www.facebook.com\/bolleperuu","https:\/\/www.instagram.com\/bolleperu\/"]}]}},"_links":{"self":[{"href":"https:\/\/fiasportsbrands.com\/peru\/wp-json\/wp\/v2\/product\/14834","targetHints":{"allow":["GET"]}}],"collection":[{"href":"https:\/\/fiasportsbrands.com\/peru\/wp-json\/wp\/v2\/product"}],"about":[{"href":"https:\/\/fiasportsbrands.com\/peru\/wp-json\/wp\/v2\/types\/product"}],"replies":[{"embeddable":true,"href":"https:\/\/fiasportsbrands.com\/peru\/wp-json\/wp\/v2\/comments?post=14834"}],"version-history":[{"count":1,"href":"https:\/\/fiasportsbrands.com\/peru\/wp-json\/wp\/v2\/product\/14834\/revisions"}],"predecessor-version":[{"id":14839,"href":"https:\/\/fiasportsbrands.com\/peru\/wp-json\/wp\/v2\/product\/14834\/revisions\/14839"}],"wp:featuredmedia":[{"embeddable":true,"href":"https:\/\/fiasportsbrands.com\/peru\/wp-json\/wp\/v2\/media\/14838"}],"wp:attachment":[{"href":"https:\/\/fiasportsbrands.com\/peru\/wp-json\/wp\/v2\/media?parent=14834"}],"wp:term":[{"taxonomy":"product_brand","embeddable":true,"href":"https:\/\/fiasportsbrands.com\/peru\/wp-json\/wp\/v2\/product_brand?post=14834"},{"taxonomy":"product_cat","embeddable":true,"href":"https:\/\/fiasportsbrands.com\/peru\/wp-json\/wp\/v2\/product_cat?post=14834"},{"taxonomy":"product_tag","embeddable":true,"href":"https:\/\/fiasportsbrands.com\/peru\/wp-json\/wp\/v2\/product_tag?post=14834"}],"curies":[{"name":"wp","href":"https:\/\/api.w.org\/{rel}","templated":true}]}}