{"id":14658,"date":"2026-01-12T09:44:14","date_gmt":"2026-01-12T14:44:14","guid":{"rendered":"https:\/\/fiasportsbrands.com\/peru\/?post_type=product&#038;p=14658"},"modified":"2026-01-12T09:44:14","modified_gmt":"2026-01-12T14:44:14","slug":"nomadic-anc-headphones-black","status":"publish","type":"product","link":"https:\/\/fiasportsbrands.com\/peru\/producto\/nomadic-anc-headphones-black\/","title":{"rendered":"Nomadic ANC Headphones &#8211; Black"},"content":{"rendered":"<div class=\"product-info__block-item\" data-block-id=\"title\" data-block-type=\"title\">\n<p class=\"product-info__subtitle\">70 h de bater\u00eda y ANC para explorar el mundo sin interrupciones .<\/p>\n<\/div>\n<div class=\"product-info__block-item\" data-block-id=\"price\" data-block-type=\"price\">\n<div class=\"product-info__price\">\n<div class=\"rating-with-text\">Auriculares Bluetooth fabricados con pl\u00e1stico reciclado certificado (GRS) y con tecnolog\u00eda Active Noise Cancelling que reduce el ruido exterior para disfrutar de un sonido n\u00edtido. Hasta 70 horas de autonom\u00eda y carga r\u00e1pida. Almohadillas con acabado proteico y espuma viscoel\u00e1stica para una comodidad y un aislamiento totales.<\/div>\n<\/div>\n<\/div>\n","protected":false},"excerpt":{"rendered":"<p>Auriculares Bluetooth 5.4 fabricados con pl\u00e1stico reciclado certificado (GRS), tecnolog\u00eda Active Noise Cancelling, c<span class=\"a_GcMg font-feature-liga-off font-feature-clig-off font-feature-calt-off text-decoration-none text-strikethrough-none\">erti\ufb01cado FSC, 70 h de duraci\u00f3n de bater\u00eda, cancelaci\u00f3n activa de ruido,\u00a0 almohadillas de espuma viscoel\u00e1stica, conexi\u00f3n multipunto, carga r\u00e1pida: 15 min\/8 h, llamadas HQ, asistente de voz, aislamiento de cuero proteico, baja latencia, plegable.<\/span><\/p>\n","protected":false},"featured_media":14659,"comment_status":"open","ping_status":"closed","template":"","meta":{"site-sidebar-layout":"default","site-content-layout":"default","ast-site-content-layout":"default","site-content-style":"default","site-sidebar-style":"default","ast-global-header-display":"","ast-banner-title-visibility":"","ast-main-header-display":"","ast-hfb-above-header-display":"","ast-hfb-below-header-display":"","ast-hfb-mobile-header-display":"","site-post-title":"","ast-breadcrumbs-content":"","ast-featured-img":"","footer-sml-layout":"","ast-disable-related-posts":"","theme-transparent-header-meta":"default","adv-header-id-meta":"","stick-header-meta":"","header-above-stick-meta":"","header-main-stick-meta":"","header-below-stick-meta":"","astra-migrate-meta-layouts":"default","ast-page-background-enabled":"default","ast-page-background-meta":{"desktop":{"background-color":"","background-image":"","background-repeat":"repeat","background-position":"center center","background-size":"auto","background-attachment":"scroll","background-type":"","background-media":"","overlay-type":"","overlay-color":"","overlay-opacity":"","overlay-gradient":""},"tablet":{"background-color":"","background-image":"","background-repeat":"repeat","background-position":"center center","background-size":"auto","background-attachment":"scroll","background-type":"","background-media":"","overlay-type":"","overlay-color":"","overlay-opacity":"","overlay-gradient":""},"mobile":{"background-color":"","background-image":"","background-repeat":"repeat","background-position":"center center","background-size":"auto","background-attachment":"scroll","background-type":"","background-media":"","overlay-type":"","overlay-color":"","overlay-opacity":"","overlay-gradient":""}},"ast-content-background-meta":{"desktop":{"background-color":"var(--ast-global-color-5)","background-image":"","background-repeat":"repeat","background-position":"center center","background-size":"auto","background-attachment":"scroll","background-type":"","background-media":"","overlay-type":"","overlay-color":"","overlay-opacity":"","overlay-gradient":""},"tablet":{"background-color":"var(--ast-global-color-5)","background-image":"","background-repeat":"repeat","background-position":"center center","background-size":"auto","background-attachment":"scroll","background-type":"","background-media":"","overlay-type":"","overlay-color":"","overlay-opacity":"","overlay-gradient":""},"mobile":{"background-color":"var(--ast-global-color-5)","background-image":"","background-repeat":"repeat","background-position":"center center","background-size":"auto","background-attachment":"scroll","background-type":"","background-media":"","overlay-type":"","overlay-color":"","overlay-opacity":"","overlay-gradient":""}}},"product_brand":[],"product_cat":[676,674,671],"product_tag":[],"class_list":{"0":"post-14658","1":"product","2":"type-product","3":"status-publish","4":"has-post-thumbnail","6":"product_cat-audifonos-ecologicos","7":"product_cat-audifonos-urbanos","8":"product_cat-energy-sistem","9":"desktop-align-left","10":"tablet-align-left","11":"mobile-align-left","13":"first","14":"instock","15":"shipping-taxable","16":"purchasable","17":"product-type-simple"},"yoast_head":"<!-- This site is optimized with the Yoast SEO plugin v27.5 - https:\/\/yoast.com\/product\/yoast-seo-wordpress\/ -->\n<title>Nomadic ANC Headphones &#8211; Black - FiaSports Per\u00fa<\/title>\n<meta name=\"robots\" content=\"index, follow, max-snippet:-1, max-image-preview:large, max-video-preview:-1\" \/>\n<link rel=\"canonical\" href=\"https:\/\/fiasportsbrands.com\/peru\/producto\/nomadic-anc-headphones-black\/\" \/>\n<meta property=\"og:locale\" content=\"es_ES\" \/>\n<meta property=\"og:type\" content=\"article\" \/>\n<meta property=\"og:title\" content=\"Nomadic ANC Headphones &#8211; Black - FiaSports Per\u00fa\" \/>\n<meta property=\"og:description\" content=\"Auriculares Bluetooth 5.4 fabricados con pl\u00e1stico reciclado certificado (GRS), tecnolog\u00eda Active Noise Cancelling, certi\ufb01cado FSC, 70 h de duraci\u00f3n de bater\u00eda, cancelaci\u00f3n activa de ruido,\u00a0 almohadillas de espuma viscoel\u00e1stica, conexi\u00f3n multipunto, carga r\u00e1pida: 15 min\/8 h, llamadas HQ, asistente de voz, aislamiento de cuero proteico, baja latencia, plegable.\" \/>\n<meta property=\"og:url\" content=\"https:\/\/fiasportsbrands.com\/peru\/producto\/nomadic-anc-headphones-black\/\" \/>\n<meta property=\"og:site_name\" content=\"FiaSports Per\u00fa\" \/>\n<meta property=\"article:publisher\" content=\"https:\/\/www.facebook.com\/bolleperuu\" \/>\n<meta property=\"og:image\" content=\"https:\/\/fiasportsbrands.com\/peru\/wp-content\/uploads\/sites\/2\/2026\/01\/principal_HD-25.jpg\" \/>\n\t<meta property=\"og:image:width\" content=\"2000\" \/>\n\t<meta property=\"og:image:height\" content=\"2000\" \/>\n\t<meta property=\"og:image:type\" content=\"image\/jpeg\" \/>\n<meta name=\"twitter:card\" content=\"summary_large_image\" \/>\n<meta name=\"twitter:label1\" content=\"Tiempo de lectura\" \/>\n\t<meta name=\"twitter:data1\" content=\"1 minuto\" \/>\n<script type=\"application\/ld+json\" class=\"yoast-schema-graph\">{\"@context\":\"https:\\\/\\\/schema.org\",\"@graph\":[{\"@type\":\"WebPage\",\"@id\":\"https:\\\/\\\/fiasportsbrands.com\\\/peru\\\/producto\\\/nomadic-anc-headphones-black\\\/\",\"url\":\"https:\\\/\\\/fiasportsbrands.com\\\/peru\\\/producto\\\/nomadic-anc-headphones-black\\\/\",\"name\":\"Nomadic ANC Headphones &#8211; Black - FiaSports Per\u00fa\",\"isPartOf\":{\"@id\":\"https:\\\/\\\/fiasportsbrands.com\\\/peru\\\/#website\"},\"primaryImageOfPage\":{\"@id\":\"https:\\\/\\\/fiasportsbrands.com\\\/peru\\\/producto\\\/nomadic-anc-headphones-black\\\/#primaryimage\"},\"image\":{\"@id\":\"https:\\\/\\\/fiasportsbrands.com\\\/peru\\\/producto\\\/nomadic-anc-headphones-black\\\/#primaryimage\"},\"thumbnailUrl\":\"https:\\\/\\\/fiasportsbrands.com\\\/peru\\\/wp-content\\\/uploads\\\/sites\\\/2\\\/2026\\\/01\\\/principal_HD-25.jpg\",\"datePublished\":\"2026-01-12T14:44:14+00:00\",\"breadcrumb\":{\"@id\":\"https:\\\/\\\/fiasportsbrands.com\\\/peru\\\/producto\\\/nomadic-anc-headphones-black\\\/#breadcrumb\"},\"inLanguage\":\"es\",\"potentialAction\":[{\"@type\":\"ReadAction\",\"target\":[\"https:\\\/\\\/fiasportsbrands.com\\\/peru\\\/producto\\\/nomadic-anc-headphones-black\\\/\"]}]},{\"@type\":\"ImageObject\",\"inLanguage\":\"es\",\"@id\":\"https:\\\/\\\/fiasportsbrands.com\\\/peru\\\/producto\\\/nomadic-anc-headphones-black\\\/#primaryimage\",\"url\":\"https:\\\/\\\/fiasportsbrands.com\\\/peru\\\/wp-content\\\/uploads\\\/sites\\\/2\\\/2026\\\/01\\\/principal_HD-25.jpg\",\"contentUrl\":\"https:\\\/\\\/fiasportsbrands.com\\\/peru\\\/wp-content\\\/uploads\\\/sites\\\/2\\\/2026\\\/01\\\/principal_HD-25.jpg\",\"width\":2000,\"height\":2000},{\"@type\":\"BreadcrumbList\",\"@id\":\"https:\\\/\\\/fiasportsbrands.com\\\/peru\\\/producto\\\/nomadic-anc-headphones-black\\\/#breadcrumb\",\"itemListElement\":[{\"@type\":\"ListItem\",\"position\":1,\"name\":\"Portada\",\"item\":\"https:\\\/\\\/fiasportsbrands.com\\\/peru\\\/\"},{\"@type\":\"ListItem\",\"position\":2,\"name\":\"Tienda\",\"item\":\"https:\\\/\\\/fiasportsbrands.com\\\/peru\\\/tienda\\\/\"},{\"@type\":\"ListItem\",\"position\":3,\"name\":\"Nomadic ANC Headphones &#8211; Black\"}]},{\"@type\":\"WebSite\",\"@id\":\"https:\\\/\\\/fiasportsbrands.com\\\/peru\\\/#website\",\"url\":\"https:\\\/\\\/fiasportsbrands.com\\\/peru\\\/\",\"name\":\"FiaSports Per\u00fa\",\"description\":\"Distribuidor oficial de marcas deportivas\",\"publisher\":{\"@id\":\"https:\\\/\\\/fiasportsbrands.com\\\/peru\\\/#organization\"},\"potentialAction\":[{\"@type\":\"SearchAction\",\"target\":{\"@type\":\"EntryPoint\",\"urlTemplate\":\"https:\\\/\\\/fiasportsbrands.com\\\/peru\\\/?s={search_term_string}\"},\"query-input\":{\"@type\":\"PropertyValueSpecification\",\"valueRequired\":true,\"valueName\":\"search_term_string\"}}],\"inLanguage\":\"es\"},{\"@type\":\"Organization\",\"@id\":\"https:\\\/\\\/fiasportsbrands.com\\\/peru\\\/#organization\",\"name\":\"FiaSports Per\u00fa\",\"url\":\"https:\\\/\\\/fiasportsbrands.com\\\/peru\\\/\",\"logo\":{\"@type\":\"ImageObject\",\"inLanguage\":\"es\",\"@id\":\"https:\\\/\\\/fiasportsbrands.com\\\/peru\\\/#\\\/schema\\\/logo\\\/image\\\/\",\"url\":\"https:\\\/\\\/fiasportsbrands.com\\\/peru\\\/wp-content\\\/uploads\\\/sites\\\/2\\\/2023\\\/04\\\/logo_fiasports.png\",\"contentUrl\":\"https:\\\/\\\/fiasportsbrands.com\\\/peru\\\/wp-content\\\/uploads\\\/sites\\\/2\\\/2023\\\/04\\\/logo_fiasports.png\",\"width\":512,\"height\":128,\"caption\":\"FiaSports Per\u00fa\"},\"image\":{\"@id\":\"https:\\\/\\\/fiasportsbrands.com\\\/peru\\\/#\\\/schema\\\/logo\\\/image\\\/\"},\"sameAs\":[\"https:\\\/\\\/www.facebook.com\\\/bolleperuu\",\"https:\\\/\\\/www.instagram.com\\\/bolleperu\\\/\"]}]}<\/script>\n<!-- \/ Yoast SEO plugin. -->","yoast_head_json":{"title":"Nomadic ANC Headphones &#8211; Black - FiaSports Per\u00fa","robots":{"index":"index","follow":"follow","max-snippet":"max-snippet:-1","max-image-preview":"max-image-preview:large","max-video-preview":"max-video-preview:-1"},"canonical":"https:\/\/fiasportsbrands.com\/peru\/producto\/nomadic-anc-headphones-black\/","og_locale":"es_ES","og_type":"article","og_title":"Nomadic ANC Headphones &#8211; Black - FiaSports Per\u00fa","og_description":"Auriculares Bluetooth 5.4 fabricados con pl\u00e1stico reciclado certificado (GRS), tecnolog\u00eda Active Noise Cancelling, certi\ufb01cado FSC, 70 h de duraci\u00f3n de bater\u00eda, cancelaci\u00f3n activa de ruido,\u00a0 almohadillas de espuma viscoel\u00e1stica, conexi\u00f3n multipunto, carga r\u00e1pida: 15 min\/8 h, llamadas HQ, asistente de voz, aislamiento de cuero proteico, baja latencia, plegable.","og_url":"https:\/\/fiasportsbrands.com\/peru\/producto\/nomadic-anc-headphones-black\/","og_site_name":"FiaSports Per\u00fa","article_publisher":"https:\/\/www.facebook.com\/bolleperuu","og_image":[{"width":2000,"height":2000,"url":"https:\/\/fiasportsbrands.com\/peru\/wp-content\/uploads\/sites\/2\/2026\/01\/principal_HD-25.jpg","type":"image\/jpeg"}],"twitter_card":"summary_large_image","twitter_misc":{"Tiempo de lectura":"1 minuto"},"schema":{"@context":"https:\/\/schema.org","@graph":[{"@type":"WebPage","@id":"https:\/\/fiasportsbrands.com\/peru\/producto\/nomadic-anc-headphones-black\/","url":"https:\/\/fiasportsbrands.com\/peru\/producto\/nomadic-anc-headphones-black\/","name":"Nomadic ANC Headphones &#8211; Black - FiaSports Per\u00fa","isPartOf":{"@id":"https:\/\/fiasportsbrands.com\/peru\/#website"},"primaryImageOfPage":{"@id":"https:\/\/fiasportsbrands.com\/peru\/producto\/nomadic-anc-headphones-black\/#primaryimage"},"image":{"@id":"https:\/\/fiasportsbrands.com\/peru\/producto\/nomadic-anc-headphones-black\/#primaryimage"},"thumbnailUrl":"https:\/\/fiasportsbrands.com\/peru\/wp-content\/uploads\/sites\/2\/2026\/01\/principal_HD-25.jpg","datePublished":"2026-01-12T14:44:14+00:00","breadcrumb":{"@id":"https:\/\/fiasportsbrands.com\/peru\/producto\/nomadic-anc-headphones-black\/#breadcrumb"},"inLanguage":"es","potentialAction":[{"@type":"ReadAction","target":["https:\/\/fiasportsbrands.com\/peru\/producto\/nomadic-anc-headphones-black\/"]}]},{"@type":"ImageObject","inLanguage":"es","@id":"https:\/\/fiasportsbrands.com\/peru\/producto\/nomadic-anc-headphones-black\/#primaryimage","url":"https:\/\/fiasportsbrands.com\/peru\/wp-content\/uploads\/sites\/2\/2026\/01\/principal_HD-25.jpg","contentUrl":"https:\/\/fiasportsbrands.com\/peru\/wp-content\/uploads\/sites\/2\/2026\/01\/principal_HD-25.jpg","width":2000,"height":2000},{"@type":"BreadcrumbList","@id":"https:\/\/fiasportsbrands.com\/peru\/producto\/nomadic-anc-headphones-black\/#breadcrumb","itemListElement":[{"@type":"ListItem","position":1,"name":"Portada","item":"https:\/\/fiasportsbrands.com\/peru\/"},{"@type":"ListItem","position":2,"name":"Tienda","item":"https:\/\/fiasportsbrands.com\/peru\/tienda\/"},{"@type":"ListItem","position":3,"name":"Nomadic ANC Headphones &#8211; Black"}]},{"@type":"WebSite","@id":"https:\/\/fiasportsbrands.com\/peru\/#website","url":"https:\/\/fiasportsbrands.com\/peru\/","name":"FiaSports Per\u00fa","description":"Distribuidor oficial de marcas deportivas","publisher":{"@id":"https:\/\/fiasportsbrands.com\/peru\/#organization"},"potentialAction":[{"@type":"SearchAction","target":{"@type":"EntryPoint","urlTemplate":"https:\/\/fiasportsbrands.com\/peru\/?s={search_term_string}"},"query-input":{"@type":"PropertyValueSpecification","valueRequired":true,"valueName":"search_term_string"}}],"inLanguage":"es"},{"@type":"Organization","@id":"https:\/\/fiasportsbrands.com\/peru\/#organization","name":"FiaSports Per\u00fa","url":"https:\/\/fiasportsbrands.com\/peru\/","logo":{"@type":"ImageObject","inLanguage":"es","@id":"https:\/\/fiasportsbrands.com\/peru\/#\/schema\/logo\/image\/","url":"https:\/\/fiasportsbrands.com\/peru\/wp-content\/uploads\/sites\/2\/2023\/04\/logo_fiasports.png","contentUrl":"https:\/\/fiasportsbrands.com\/peru\/wp-content\/uploads\/sites\/2\/2023\/04\/logo_fiasports.png","width":512,"height":128,"caption":"FiaSports Per\u00fa"},"image":{"@id":"https:\/\/fiasportsbrands.com\/peru\/#\/schema\/logo\/image\/"},"sameAs":["https:\/\/www.facebook.com\/bolleperuu","https:\/\/www.instagram.com\/bolleperu\/"]}]}},"_links":{"self":[{"href":"https:\/\/fiasportsbrands.com\/peru\/wp-json\/wp\/v2\/product\/14658","targetHints":{"allow":["GET"]}}],"collection":[{"href":"https:\/\/fiasportsbrands.com\/peru\/wp-json\/wp\/v2\/product"}],"about":[{"href":"https:\/\/fiasportsbrands.com\/peru\/wp-json\/wp\/v2\/types\/product"}],"replies":[{"embeddable":true,"href":"https:\/\/fiasportsbrands.com\/peru\/wp-json\/wp\/v2\/comments?post=14658"}],"version-history":[{"count":1,"href":"https:\/\/fiasportsbrands.com\/peru\/wp-json\/wp\/v2\/product\/14658\/revisions"}],"predecessor-version":[{"id":14678,"href":"https:\/\/fiasportsbrands.com\/peru\/wp-json\/wp\/v2\/product\/14658\/revisions\/14678"}],"wp:featuredmedia":[{"embeddable":true,"href":"https:\/\/fiasportsbrands.com\/peru\/wp-json\/wp\/v2\/media\/14659"}],"wp:attachment":[{"href":"https:\/\/fiasportsbrands.com\/peru\/wp-json\/wp\/v2\/media?parent=14658"}],"wp:term":[{"taxonomy":"product_brand","embeddable":true,"href":"https:\/\/fiasportsbrands.com\/peru\/wp-json\/wp\/v2\/product_brand?post=14658"},{"taxonomy":"product_cat","embeddable":true,"href":"https:\/\/fiasportsbrands.com\/peru\/wp-json\/wp\/v2\/product_cat?post=14658"},{"taxonomy":"product_tag","embeddable":true,"href":"https:\/\/fiasportsbrands.com\/peru\/wp-json\/wp\/v2\/product_tag?post=14658"}],"curies":[{"name":"wp","href":"https:\/\/api.w.org\/{rel}","templated":true}]}}