{"id":14550,"date":"2026-01-09T17:30:26","date_gmt":"2026-01-09T22:30:26","guid":{"rendered":"https:\/\/fiasportsbrands.com\/peru\/?post_type=product&#038;p=14550"},"modified":"2026-02-02T11:12:41","modified_gmt":"2026-02-02T16:12:41","slug":"stylebuds-earphones-rose","status":"publish","type":"product","link":"https:\/\/fiasportsbrands.com\/peru\/producto\/stylebuds-earphones-rose\/","title":{"rendered":"StyleBuds Earphones"},"content":{"rendered":"<div class=\"product-info__block-item\" data-block-id=\"title\" data-block-type=\"title\">\n<p class=\"product-info__subtitle\">25 horas de m\u00fasica sin fin, personaliza cada nota con ESmart Connect.<\/p>\n<p class=\"product-info__subtitle\">Auriculares true wireless fabricados en pl\u00e1stico reciclado con Bluetooth 5.4 y driver de 10 mm para unos graves potente. Disfruta de 25h de autonom\u00eda con carga r\u00e1pida, baja latencia para sincronizaci\u00f3n perfecta, cancelaci\u00f3n de ruido en micr\u00f3fono y resistencia IPX4. Personaliza tu experiencia con ESmart Connect y vive cada nota.<\/p>\n<\/div>\n<div class=\"product-info__block-item\" data-block-id=\"price\" data-block-type=\"price\">\n<div class=\"product-info__price\">\n<div class=\"rating-with-text\"><\/div>\n<\/div>\n<\/div>\n","protected":false},"excerpt":{"rendered":"<p>Auriculares true wireless fabricados en pl\u00e1stico reciclado con Bluetooth 5.4 y driver de 10 mm, 25h de autonom\u00eda con carga r\u00e1pida, baja latencia para sincronizaci\u00f3n perfecta, cancelaci\u00f3n de ruido en micr\u00f3fono y resistencia IPX4.<\/p>\n","protected":false},"featured_media":14551,"comment_status":"open","ping_status":"closed","template":"","meta":{"site-sidebar-layout":"default","site-content-layout":"default","ast-site-content-layout":"default","site-content-style":"default","site-sidebar-style":"default","ast-global-header-display":"","ast-banner-title-visibility":"","ast-main-header-display":"","ast-hfb-above-header-display":"","ast-hfb-below-header-display":"","ast-hfb-mobile-header-display":"","site-post-title":"","ast-breadcrumbs-content":"","ast-featured-img":"","footer-sml-layout":"","ast-disable-related-posts":"","theme-transparent-header-meta":"default","adv-header-id-meta":"","stick-header-meta":"","header-above-stick-meta":"","header-main-stick-meta":"","header-below-stick-meta":"","astra-migrate-meta-layouts":"default","ast-page-background-enabled":"default","ast-page-background-meta":{"desktop":{"background-color":"","background-image":"","background-repeat":"repeat","background-position":"center center","background-size":"auto","background-attachment":"scroll","background-type":"","background-media":"","overlay-type":"","overlay-color":"","overlay-opacity":"","overlay-gradient":""},"tablet":{"background-color":"","background-image":"","background-repeat":"repeat","background-position":"center center","background-size":"auto","background-attachment":"scroll","background-type":"","background-media":"","overlay-type":"","overlay-color":"","overlay-opacity":"","overlay-gradient":""},"mobile":{"background-color":"","background-image":"","background-repeat":"repeat","background-position":"center center","background-size":"auto","background-attachment":"scroll","background-type":"","background-media":"","overlay-type":"","overlay-color":"","overlay-opacity":"","overlay-gradient":""}},"ast-content-background-meta":{"desktop":{"background-color":"var(--ast-global-color-5)","background-image":"","background-repeat":"repeat","background-position":"center center","background-size":"auto","background-attachment":"scroll","background-type":"","background-media":"","overlay-type":"","overlay-color":"","overlay-opacity":"","overlay-gradient":""},"tablet":{"background-color":"var(--ast-global-color-5)","background-image":"","background-repeat":"repeat","background-position":"center center","background-size":"auto","background-attachment":"scroll","background-type":"","background-media":"","overlay-type":"","overlay-color":"","overlay-opacity":"","overlay-gradient":""},"mobile":{"background-color":"var(--ast-global-color-5)","background-image":"","background-repeat":"repeat","background-position":"center center","background-size":"auto","background-attachment":"scroll","background-type":"","background-media":"","overlay-type":"","overlay-color":"","overlay-opacity":"","overlay-gradient":""}}},"product_brand":[],"product_cat":[676,674,671],"product_tag":[],"class_list":{"0":"post-14550","1":"product","2":"type-product","3":"status-publish","4":"has-post-thumbnail","6":"product_cat-audifonos-ecologicos","7":"product_cat-audifonos-urbanos","8":"product_cat-energy-sistem","9":"desktop-align-left","10":"tablet-align-left","11":"mobile-align-left","13":"first","14":"instock","15":"shipping-taxable","16":"purchasable","17":"product-type-variable"},"yoast_head":"<!-- This site is optimized with the Yoast SEO plugin v27.5 - https:\/\/yoast.com\/product\/yoast-seo-wordpress\/ -->\n<title>StyleBuds Earphones - FiaSports Per\u00fa<\/title>\n<meta name=\"robots\" content=\"index, follow, max-snippet:-1, max-image-preview:large, max-video-preview:-1\" \/>\n<link rel=\"canonical\" href=\"https:\/\/fiasportsbrands.com\/peru\/producto\/stylebuds-earphones-rose\/\" \/>\n<meta property=\"og:locale\" content=\"es_ES\" \/>\n<meta property=\"og:type\" content=\"article\" \/>\n<meta property=\"og:title\" content=\"StyleBuds Earphones - FiaSports Per\u00fa\" \/>\n<meta property=\"og:description\" content=\"Auriculares true wireless fabricados en pl\u00e1stico reciclado con Bluetooth 5.4 y driver de 10 mm, 25h de autonom\u00eda con carga r\u00e1pida, baja latencia para sincronizaci\u00f3n perfecta, cancelaci\u00f3n de ruido en micr\u00f3fono y resistencia IPX4.\" \/>\n<meta property=\"og:url\" content=\"https:\/\/fiasportsbrands.com\/peru\/producto\/stylebuds-earphones-rose\/\" \/>\n<meta property=\"og:site_name\" content=\"FiaSports Per\u00fa\" \/>\n<meta property=\"article:publisher\" content=\"https:\/\/www.facebook.com\/bolleperuu\" \/>\n<meta property=\"article:modified_time\" content=\"2026-02-02T16:12:41+00:00\" \/>\n<meta property=\"og:image\" content=\"https:\/\/fiasportsbrands.com\/peru\/wp-content\/uploads\/sites\/2\/2026\/01\/principal_HD-15.jpg\" \/>\n\t<meta property=\"og:image:width\" content=\"2000\" \/>\n\t<meta property=\"og:image:height\" content=\"2000\" \/>\n\t<meta property=\"og:image:type\" content=\"image\/jpeg\" \/>\n<meta name=\"twitter:card\" content=\"summary_large_image\" \/>\n<meta name=\"twitter:label1\" content=\"Tiempo de lectura\" \/>\n\t<meta name=\"twitter:data1\" content=\"1 minuto\" \/>\n<script type=\"application\/ld+json\" class=\"yoast-schema-graph\">{\"@context\":\"https:\\\/\\\/schema.org\",\"@graph\":[{\"@type\":\"WebPage\",\"@id\":\"https:\\\/\\\/fiasportsbrands.com\\\/peru\\\/producto\\\/stylebuds-earphones-rose\\\/\",\"url\":\"https:\\\/\\\/fiasportsbrands.com\\\/peru\\\/producto\\\/stylebuds-earphones-rose\\\/\",\"name\":\"StyleBuds Earphones - FiaSports Per\u00fa\",\"isPartOf\":{\"@id\":\"https:\\\/\\\/fiasportsbrands.com\\\/peru\\\/#website\"},\"primaryImageOfPage\":{\"@id\":\"https:\\\/\\\/fiasportsbrands.com\\\/peru\\\/producto\\\/stylebuds-earphones-rose\\\/#primaryimage\"},\"image\":{\"@id\":\"https:\\\/\\\/fiasportsbrands.com\\\/peru\\\/producto\\\/stylebuds-earphones-rose\\\/#primaryimage\"},\"thumbnailUrl\":\"https:\\\/\\\/fiasportsbrands.com\\\/peru\\\/wp-content\\\/uploads\\\/sites\\\/2\\\/2026\\\/01\\\/principal_HD-15.jpg\",\"datePublished\":\"2026-01-09T22:30:26+00:00\",\"dateModified\":\"2026-02-02T16:12:41+00:00\",\"breadcrumb\":{\"@id\":\"https:\\\/\\\/fiasportsbrands.com\\\/peru\\\/producto\\\/stylebuds-earphones-rose\\\/#breadcrumb\"},\"inLanguage\":\"es\",\"potentialAction\":[{\"@type\":\"ReadAction\",\"target\":[\"https:\\\/\\\/fiasportsbrands.com\\\/peru\\\/producto\\\/stylebuds-earphones-rose\\\/\"]}]},{\"@type\":\"ImageObject\",\"inLanguage\":\"es\",\"@id\":\"https:\\\/\\\/fiasportsbrands.com\\\/peru\\\/producto\\\/stylebuds-earphones-rose\\\/#primaryimage\",\"url\":\"https:\\\/\\\/fiasportsbrands.com\\\/peru\\\/wp-content\\\/uploads\\\/sites\\\/2\\\/2026\\\/01\\\/principal_HD-15.jpg\",\"contentUrl\":\"https:\\\/\\\/fiasportsbrands.com\\\/peru\\\/wp-content\\\/uploads\\\/sites\\\/2\\\/2026\\\/01\\\/principal_HD-15.jpg\",\"width\":2000,\"height\":2000},{\"@type\":\"BreadcrumbList\",\"@id\":\"https:\\\/\\\/fiasportsbrands.com\\\/peru\\\/producto\\\/stylebuds-earphones-rose\\\/#breadcrumb\",\"itemListElement\":[{\"@type\":\"ListItem\",\"position\":1,\"name\":\"Portada\",\"item\":\"https:\\\/\\\/fiasportsbrands.com\\\/peru\\\/\"},{\"@type\":\"ListItem\",\"position\":2,\"name\":\"Tienda\",\"item\":\"https:\\\/\\\/fiasportsbrands.com\\\/peru\\\/tienda\\\/\"},{\"@type\":\"ListItem\",\"position\":3,\"name\":\"StyleBuds Earphones\"}]},{\"@type\":\"WebSite\",\"@id\":\"https:\\\/\\\/fiasportsbrands.com\\\/peru\\\/#website\",\"url\":\"https:\\\/\\\/fiasportsbrands.com\\\/peru\\\/\",\"name\":\"FiaSports Per\u00fa\",\"description\":\"Distribuidor oficial de marcas deportivas\",\"publisher\":{\"@id\":\"https:\\\/\\\/fiasportsbrands.com\\\/peru\\\/#organization\"},\"potentialAction\":[{\"@type\":\"SearchAction\",\"target\":{\"@type\":\"EntryPoint\",\"urlTemplate\":\"https:\\\/\\\/fiasportsbrands.com\\\/peru\\\/?s={search_term_string}\"},\"query-input\":{\"@type\":\"PropertyValueSpecification\",\"valueRequired\":true,\"valueName\":\"search_term_string\"}}],\"inLanguage\":\"es\"},{\"@type\":\"Organization\",\"@id\":\"https:\\\/\\\/fiasportsbrands.com\\\/peru\\\/#organization\",\"name\":\"FiaSports Per\u00fa\",\"url\":\"https:\\\/\\\/fiasportsbrands.com\\\/peru\\\/\",\"logo\":{\"@type\":\"ImageObject\",\"inLanguage\":\"es\",\"@id\":\"https:\\\/\\\/fiasportsbrands.com\\\/peru\\\/#\\\/schema\\\/logo\\\/image\\\/\",\"url\":\"https:\\\/\\\/fiasportsbrands.com\\\/peru\\\/wp-content\\\/uploads\\\/sites\\\/2\\\/2023\\\/04\\\/logo_fiasports.png\",\"contentUrl\":\"https:\\\/\\\/fiasportsbrands.com\\\/peru\\\/wp-content\\\/uploads\\\/sites\\\/2\\\/2023\\\/04\\\/logo_fiasports.png\",\"width\":512,\"height\":128,\"caption\":\"FiaSports Per\u00fa\"},\"image\":{\"@id\":\"https:\\\/\\\/fiasportsbrands.com\\\/peru\\\/#\\\/schema\\\/logo\\\/image\\\/\"},\"sameAs\":[\"https:\\\/\\\/www.facebook.com\\\/bolleperuu\",\"https:\\\/\\\/www.instagram.com\\\/bolleperu\\\/\"]}]}<\/script>\n<!-- \/ Yoast SEO plugin. -->","yoast_head_json":{"title":"StyleBuds Earphones - FiaSports Per\u00fa","robots":{"index":"index","follow":"follow","max-snippet":"max-snippet:-1","max-image-preview":"max-image-preview:large","max-video-preview":"max-video-preview:-1"},"canonical":"https:\/\/fiasportsbrands.com\/peru\/producto\/stylebuds-earphones-rose\/","og_locale":"es_ES","og_type":"article","og_title":"StyleBuds Earphones - FiaSports Per\u00fa","og_description":"Auriculares true wireless fabricados en pl\u00e1stico reciclado con Bluetooth 5.4 y driver de 10 mm, 25h de autonom\u00eda con carga r\u00e1pida, baja latencia para sincronizaci\u00f3n perfecta, cancelaci\u00f3n de ruido en micr\u00f3fono y resistencia IPX4.","og_url":"https:\/\/fiasportsbrands.com\/peru\/producto\/stylebuds-earphones-rose\/","og_site_name":"FiaSports Per\u00fa","article_publisher":"https:\/\/www.facebook.com\/bolleperuu","article_modified_time":"2026-02-02T16:12:41+00:00","og_image":[{"width":2000,"height":2000,"url":"https:\/\/fiasportsbrands.com\/peru\/wp-content\/uploads\/sites\/2\/2026\/01\/principal_HD-15.jpg","type":"image\/jpeg"}],"twitter_card":"summary_large_image","twitter_misc":{"Tiempo de lectura":"1 minuto"},"schema":{"@context":"https:\/\/schema.org","@graph":[{"@type":"WebPage","@id":"https:\/\/fiasportsbrands.com\/peru\/producto\/stylebuds-earphones-rose\/","url":"https:\/\/fiasportsbrands.com\/peru\/producto\/stylebuds-earphones-rose\/","name":"StyleBuds Earphones - FiaSports Per\u00fa","isPartOf":{"@id":"https:\/\/fiasportsbrands.com\/peru\/#website"},"primaryImageOfPage":{"@id":"https:\/\/fiasportsbrands.com\/peru\/producto\/stylebuds-earphones-rose\/#primaryimage"},"image":{"@id":"https:\/\/fiasportsbrands.com\/peru\/producto\/stylebuds-earphones-rose\/#primaryimage"},"thumbnailUrl":"https:\/\/fiasportsbrands.com\/peru\/wp-content\/uploads\/sites\/2\/2026\/01\/principal_HD-15.jpg","datePublished":"2026-01-09T22:30:26+00:00","dateModified":"2026-02-02T16:12:41+00:00","breadcrumb":{"@id":"https:\/\/fiasportsbrands.com\/peru\/producto\/stylebuds-earphones-rose\/#breadcrumb"},"inLanguage":"es","potentialAction":[{"@type":"ReadAction","target":["https:\/\/fiasportsbrands.com\/peru\/producto\/stylebuds-earphones-rose\/"]}]},{"@type":"ImageObject","inLanguage":"es","@id":"https:\/\/fiasportsbrands.com\/peru\/producto\/stylebuds-earphones-rose\/#primaryimage","url":"https:\/\/fiasportsbrands.com\/peru\/wp-content\/uploads\/sites\/2\/2026\/01\/principal_HD-15.jpg","contentUrl":"https:\/\/fiasportsbrands.com\/peru\/wp-content\/uploads\/sites\/2\/2026\/01\/principal_HD-15.jpg","width":2000,"height":2000},{"@type":"BreadcrumbList","@id":"https:\/\/fiasportsbrands.com\/peru\/producto\/stylebuds-earphones-rose\/#breadcrumb","itemListElement":[{"@type":"ListItem","position":1,"name":"Portada","item":"https:\/\/fiasportsbrands.com\/peru\/"},{"@type":"ListItem","position":2,"name":"Tienda","item":"https:\/\/fiasportsbrands.com\/peru\/tienda\/"},{"@type":"ListItem","position":3,"name":"StyleBuds Earphones"}]},{"@type":"WebSite","@id":"https:\/\/fiasportsbrands.com\/peru\/#website","url":"https:\/\/fiasportsbrands.com\/peru\/","name":"FiaSports Per\u00fa","description":"Distribuidor oficial de marcas deportivas","publisher":{"@id":"https:\/\/fiasportsbrands.com\/peru\/#organization"},"potentialAction":[{"@type":"SearchAction","target":{"@type":"EntryPoint","urlTemplate":"https:\/\/fiasportsbrands.com\/peru\/?s={search_term_string}"},"query-input":{"@type":"PropertyValueSpecification","valueRequired":true,"valueName":"search_term_string"}}],"inLanguage":"es"},{"@type":"Organization","@id":"https:\/\/fiasportsbrands.com\/peru\/#organization","name":"FiaSports Per\u00fa","url":"https:\/\/fiasportsbrands.com\/peru\/","logo":{"@type":"ImageObject","inLanguage":"es","@id":"https:\/\/fiasportsbrands.com\/peru\/#\/schema\/logo\/image\/","url":"https:\/\/fiasportsbrands.com\/peru\/wp-content\/uploads\/sites\/2\/2023\/04\/logo_fiasports.png","contentUrl":"https:\/\/fiasportsbrands.com\/peru\/wp-content\/uploads\/sites\/2\/2023\/04\/logo_fiasports.png","width":512,"height":128,"caption":"FiaSports Per\u00fa"},"image":{"@id":"https:\/\/fiasportsbrands.com\/peru\/#\/schema\/logo\/image\/"},"sameAs":["https:\/\/www.facebook.com\/bolleperuu","https:\/\/www.instagram.com\/bolleperu\/"]}]}},"_links":{"self":[{"href":"https:\/\/fiasportsbrands.com\/peru\/wp-json\/wp\/v2\/product\/14550","targetHints":{"allow":["GET"]}}],"collection":[{"href":"https:\/\/fiasportsbrands.com\/peru\/wp-json\/wp\/v2\/product"}],"about":[{"href":"https:\/\/fiasportsbrands.com\/peru\/wp-json\/wp\/v2\/types\/product"}],"replies":[{"embeddable":true,"href":"https:\/\/fiasportsbrands.com\/peru\/wp-json\/wp\/v2\/comments?post=14550"}],"version-history":[{"count":3,"href":"https:\/\/fiasportsbrands.com\/peru\/wp-json\/wp\/v2\/product\/14550\/revisions"}],"predecessor-version":[{"id":14904,"href":"https:\/\/fiasportsbrands.com\/peru\/wp-json\/wp\/v2\/product\/14550\/revisions\/14904"}],"wp:featuredmedia":[{"embeddable":true,"href":"https:\/\/fiasportsbrands.com\/peru\/wp-json\/wp\/v2\/media\/14551"}],"wp:attachment":[{"href":"https:\/\/fiasportsbrands.com\/peru\/wp-json\/wp\/v2\/media?parent=14550"}],"wp:term":[{"taxonomy":"product_brand","embeddable":true,"href":"https:\/\/fiasportsbrands.com\/peru\/wp-json\/wp\/v2\/product_brand?post=14550"},{"taxonomy":"product_cat","embeddable":true,"href":"https:\/\/fiasportsbrands.com\/peru\/wp-json\/wp\/v2\/product_cat?post=14550"},{"taxonomy":"product_tag","embeddable":true,"href":"https:\/\/fiasportsbrands.com\/peru\/wp-json\/wp\/v2\/product_tag?post=14550"}],"curies":[{"name":"wp","href":"https:\/\/api.w.org\/{rel}","templated":true}]}}