{"id":14191,"date":"2024-11-22T16:37:44","date_gmt":"2024-11-22T21:37:44","guid":{"rendered":"https:\/\/fiasportsbrands.com\/peru\/?post_type=product&#038;p=14191"},"modified":"2025-08-29T18:24:32","modified_gmt":"2025-08-29T23:24:32","slug":"lightent-1-pro-tent","status":"publish","type":"product","link":"https:\/\/fiasportsbrands.com\/peru\/producto\/lightent-1-pro-tent\/","title":{"rendered":"LIGHTENT 1 PRO TENT"},"content":{"rendered":"\t\t<div data-elementor-type=\"wp-post\" data-elementor-id=\"14191\" class=\"elementor elementor-14191\">\n\t\t\t\t\t\t<section class=\"elementor-section elementor-top-section elementor-element elementor-element-4b627f56 elementor-section-boxed elementor-section-height-default elementor-section-height-default\" data-id=\"4b627f56\" data-element_type=\"section\" data-e-type=\"section\">\n\t\t\t\t\t\t<div class=\"elementor-container elementor-column-gap-default\">\n\t\t\t\t\t<div class=\"elementor-column elementor-col-50 elementor-top-column elementor-element elementor-element-561ef33c\" data-id=\"561ef33c\" data-element_type=\"column\" data-e-type=\"column\">\n\t\t\t<div class=\"elementor-widget-wrap elementor-element-populated\">\n\t\t\t\t\t\t<div class=\"elementor-element elementor-element-2b76d0a7 elementor-widget elementor-widget-text-editor\" data-id=\"2b76d0a7\" data-element_type=\"widget\" data-e-type=\"widget\" data-widget_type=\"text-editor.default\">\n\t\t\t\t<div class=\"elementor-widget-container\">\n\t\t\t\t\t\t\t\t\t<ul><li><strong>Estructura<\/strong>: Tunnel \u00a0<\/li><li><strong>Materiales<\/strong>: Doble techo 100% Poli\u00e9ster reciclado Ripstop 70D, 85 g\/m2, refuerzo de poliuretano, impermeabilidad 3000 mm, hidr\u00f3fugo, tratado FR |\u00a0Interior con mosquitera, tratado FR | Suelo 100% Poli\u00e9ster reciclado 70D, 95 g\/m2, refuerzo de poliuretano, impermeabilidad 8.000 mm, hidr\u00f3fugo, tratado FR |\u00a0Costuras termoselladas del doble techo y suelo que garantizan la impermeabilidad\u00a0|\u00a0Fabricaci\u00f3n con tres capas para reforzar las esquinas de la tienda \u00a0 \u00a0<\/li><li><strong>Varillas<\/strong>: De aluminio templado 7001 T6 ligera, resistente y flexible\u00a0|\u00a02 varillas de duraluminio previamente unidas\u00a0| Tienda interior suspendida de las varillas con cintas y botones\u00a0|\u00a0Piquetas de aluminio \u00abHexagon\u00bb \u00a0 \u00a0<\/li><li><strong>Entradas y ventilaci\u00f3n<\/strong>:\u00a0Vest\u00edbulo\u00a0|\u00a0Puerta con mosquitera\u00a0|\u00a0Bocas de ventilaci\u00f3n delantera, trasera y en el vest\u00edbulo|\u00a0Sistema de ventilaci\u00f3n \u00abcamera air\u00bb con mosquitera \u00a0<\/li><li><strong>Almacenamiento<\/strong>: Bolsillos interiores portaobjetos \u00a0<\/li><li><strong>Accessorios<\/strong>: Regulaci\u00f3n de los vientos \u00abFast Adjustment\u00bb\u00a0| Gancho portal\u00e1mpara\u00a0| Funda incluida\u00a0| Kit de reparaci\u00f3n incluido\u00a0| Instrucciones video a trav\u00e9s de un c\u00f3digo QR<\/li><li><strong>Se puede montar la tienda sin la habitaci\u00f3n interior con un peso de 1,10 kg<\/strong><\/li><li>\u00a0<\/li><\/ul>\t\t\t\t\t\t\t\t<\/div>\n\t\t\t\t<\/div>\n\t\t\t\t\t<\/div>\n\t\t<\/div>\n\t\t\t\t<div class=\"elementor-column elementor-col-50 elementor-top-column elementor-element elementor-element-7c0c65f\" data-id=\"7c0c65f\" data-element_type=\"column\" data-e-type=\"column\">\n\t\t\t<div class=\"elementor-widget-wrap elementor-element-populated\">\n\t\t\t\t\t\t<div class=\"elementor-element elementor-element-9c8a843 elementor-widget__width-initial elementor-widget elementor-widget-text-editor\" data-id=\"9c8a843\" data-element_type=\"widget\" data-e-type=\"widget\" data-widget_type=\"text-editor.default\">\n\t\t\t\t<div class=\"elementor-widget-container\">\n\t\t\t\t\t\t\t\t\t<div>\u00a0<\/div><div><strong>PESO MIN (Kg)<\/strong>\u00a0 \u00a0 \u00a0 \u00a0 \u00a0 \u00a0 \u00a01.30 kg<\/div><div><strong>PESO MAX (Kg)<\/strong>\u00a0 \u00a0 \u00a0 \u00a0 \u00a0 \u00a0 \u00a01.55 kg<\/div><div><strong>VOLUMEN (m3)\u00a0 \u00a0 \u00a0 \u00a0 \u00a0 <\/strong>0,6 m3<\/div><div><strong>DIMENSIONES (cm)\u00a0 <\/strong>15 x 35 cm<\/div>\t\t\t\t\t\t\t\t<\/div>\n\t\t\t\t<\/div>\n\t\t\t\t\t<\/div>\n\t\t<\/div>\n\t\t\t\t\t<\/div>\n\t\t<\/section>\n\t\t\t\t<\/div>\n\t\t","protected":false},"excerpt":{"rendered":"<p>Lightent 1 Pro es la tienda compacta y ultraligera pensada como refugio para senderistas, excursionistas y ciclistas de monta\u00f1a. El sistema de varillas exteriores permite montar la tienda incluso en caso de condiciones meteorol\u00f3gicas adversas sin mojar la habitaci\u00f3n. La atenci\u00f3n de Ferrino al respeto del medio ambiente se ha centrado siempre en un dise\u00f1o consciente y un servicio de asistencia posventa que garanticen una mayor duraci\u00f3n de sus productos. Ahora, para lograr un desarrollo responsable y sostenible, ofrecemos tiendas fabricadas con tejidos obtenidos de materias primas 100 % recicladas.<\/p>\n","protected":false},"featured_media":14193,"comment_status":"open","ping_status":"closed","template":"","meta":{"site-sidebar-layout":"default","site-content-layout":"default","ast-site-content-layout":"default","site-content-style":"default","site-sidebar-style":"default","ast-global-header-display":"","ast-banner-title-visibility":"","ast-main-header-display":"","ast-hfb-above-header-display":"","ast-hfb-below-header-display":"","ast-hfb-mobile-header-display":"","site-post-title":"","ast-breadcrumbs-content":"","ast-featured-img":"","footer-sml-layout":"","ast-disable-related-posts":"","theme-transparent-header-meta":"default","adv-header-id-meta":"","stick-header-meta":"","header-above-stick-meta":"","header-main-stick-meta":"","header-below-stick-meta":"","astra-migrate-meta-layouts":"default","ast-page-background-enabled":"default","ast-page-background-meta":{"desktop":{"background-color":"","background-image":"","background-repeat":"repeat","background-position":"center center","background-size":"auto","background-attachment":"scroll","background-type":"","background-media":"","overlay-type":"","overlay-color":"","overlay-opacity":"","overlay-gradient":""},"tablet":{"background-color":"","background-image":"","background-repeat":"repeat","background-position":"center center","background-size":"auto","background-attachment":"scroll","background-type":"","background-media":"","overlay-type":"","overlay-color":"","overlay-opacity":"","overlay-gradient":""},"mobile":{"background-color":"","background-image":"","background-repeat":"repeat","background-position":"center center","background-size":"auto","background-attachment":"scroll","background-type":"","background-media":"","overlay-type":"","overlay-color":"","overlay-opacity":"","overlay-gradient":""}},"ast-content-background-meta":{"desktop":{"background-color":"var(--ast-global-color-5)","background-image":"","background-repeat":"repeat","background-position":"center center","background-size":"auto","background-attachment":"scroll","background-type":"","background-media":"","overlay-type":"","overlay-color":"","overlay-opacity":"","overlay-gradient":""},"tablet":{"background-color":"var(--ast-global-color-5)","background-image":"","background-repeat":"repeat","background-position":"center center","background-size":"auto","background-attachment":"scroll","background-type":"","background-media":"","overlay-type":"","overlay-color":"","overlay-opacity":"","overlay-gradient":""},"mobile":{"background-color":"var(--ast-global-color-5)","background-image":"","background-repeat":"repeat","background-position":"center center","background-size":"auto","background-attachment":"scroll","background-type":"","background-media":"","overlay-type":"","overlay-color":"","overlay-opacity":"","overlay-gradient":""}}},"product_brand":[],"product_cat":[529,476],"product_tag":[],"class_list":{"0":"post-14191","1":"product","2":"type-product","3":"status-publish","4":"has-post-thumbnail","6":"product_cat-carpas","7":"product_cat-ferrino","8":"desktop-align-left","9":"tablet-align-left","10":"mobile-align-left","12":"first","13":"outofstock","14":"shipping-taxable","15":"purchasable","16":"product-type-simple"},"yoast_head":"<!-- This site is optimized with the Yoast SEO plugin v27.4 - https:\/\/yoast.com\/product\/yoast-seo-wordpress\/ -->\n<title>LIGHTENT 1 PRO TENT - FiaSports Per\u00fa<\/title>\n<meta name=\"robots\" content=\"index, follow, max-snippet:-1, max-image-preview:large, max-video-preview:-1\" \/>\n<link rel=\"canonical\" href=\"https:\/\/fiasportsbrands.com\/peru\/producto\/lightent-1-pro-tent\/\" \/>\n<meta property=\"og:locale\" content=\"es_ES\" \/>\n<meta property=\"og:type\" content=\"article\" \/>\n<meta property=\"og:title\" content=\"LIGHTENT 1 PRO TENT - FiaSports Per\u00fa\" \/>\n<meta property=\"og:description\" content=\"Lightent 1 Pro es la tienda compacta y ultraligera pensada como refugio para senderistas, excursionistas y ciclistas de monta\u00f1a. El sistema de varillas exteriores permite montar la tienda incluso en caso de condiciones meteorol\u00f3gicas adversas sin mojar la habitaci\u00f3n. La atenci\u00f3n de Ferrino al respeto del medio ambiente se ha centrado siempre en un dise\u00f1o consciente y un servicio de asistencia posventa que garanticen una mayor duraci\u00f3n de sus productos. Ahora, para lograr un desarrollo responsable y sostenible, ofrecemos tiendas fabricadas con tejidos obtenidos de materias primas 100 % recicladas.\" \/>\n<meta property=\"og:url\" content=\"https:\/\/fiasportsbrands.com\/peru\/producto\/lightent-1-pro-tent\/\" \/>\n<meta property=\"og:site_name\" content=\"FiaSports Per\u00fa\" \/>\n<meta property=\"article:publisher\" content=\"https:\/\/www.facebook.com\/bolleperuu\" \/>\n<meta property=\"article:modified_time\" content=\"2025-08-29T23:24:32+00:00\" \/>\n<meta property=\"og:image\" content=\"https:\/\/fiasportsbrands.com\/peru\/wp-content\/uploads\/sites\/2\/2024\/11\/720.png\" \/>\n\t<meta property=\"og:image:width\" content=\"1080\" \/>\n\t<meta property=\"og:image:height\" content=\"1080\" \/>\n\t<meta property=\"og:image:type\" content=\"image\/png\" \/>\n<meta name=\"twitter:card\" content=\"summary_large_image\" \/>\n<meta name=\"twitter:label1\" content=\"Tiempo de lectura\" \/>\n\t<meta name=\"twitter:data1\" content=\"1 minuto\" \/>\n<script type=\"application\/ld+json\" class=\"yoast-schema-graph\">{\"@context\":\"https:\\\/\\\/schema.org\",\"@graph\":[{\"@type\":\"WebPage\",\"@id\":\"https:\\\/\\\/fiasportsbrands.com\\\/peru\\\/producto\\\/lightent-1-pro-tent\\\/\",\"url\":\"https:\\\/\\\/fiasportsbrands.com\\\/peru\\\/producto\\\/lightent-1-pro-tent\\\/\",\"name\":\"LIGHTENT 1 PRO TENT - FiaSports Per\u00fa\",\"isPartOf\":{\"@id\":\"https:\\\/\\\/fiasportsbrands.com\\\/peru\\\/#website\"},\"primaryImageOfPage\":{\"@id\":\"https:\\\/\\\/fiasportsbrands.com\\\/peru\\\/producto\\\/lightent-1-pro-tent\\\/#primaryimage\"},\"image\":{\"@id\":\"https:\\\/\\\/fiasportsbrands.com\\\/peru\\\/producto\\\/lightent-1-pro-tent\\\/#primaryimage\"},\"thumbnailUrl\":\"https:\\\/\\\/fiasportsbrands.com\\\/peru\\\/wp-content\\\/uploads\\\/sites\\\/2\\\/2024\\\/11\\\/720.png\",\"datePublished\":\"2024-11-22T21:37:44+00:00\",\"dateModified\":\"2025-08-29T23:24:32+00:00\",\"breadcrumb\":{\"@id\":\"https:\\\/\\\/fiasportsbrands.com\\\/peru\\\/producto\\\/lightent-1-pro-tent\\\/#breadcrumb\"},\"inLanguage\":\"es\",\"potentialAction\":[{\"@type\":\"ReadAction\",\"target\":[\"https:\\\/\\\/fiasportsbrands.com\\\/peru\\\/producto\\\/lightent-1-pro-tent\\\/\"]}]},{\"@type\":\"ImageObject\",\"inLanguage\":\"es\",\"@id\":\"https:\\\/\\\/fiasportsbrands.com\\\/peru\\\/producto\\\/lightent-1-pro-tent\\\/#primaryimage\",\"url\":\"https:\\\/\\\/fiasportsbrands.com\\\/peru\\\/wp-content\\\/uploads\\\/sites\\\/2\\\/2024\\\/11\\\/720.png\",\"contentUrl\":\"https:\\\/\\\/fiasportsbrands.com\\\/peru\\\/wp-content\\\/uploads\\\/sites\\\/2\\\/2024\\\/11\\\/720.png\",\"width\":1080,\"height\":1080},{\"@type\":\"BreadcrumbList\",\"@id\":\"https:\\\/\\\/fiasportsbrands.com\\\/peru\\\/producto\\\/lightent-1-pro-tent\\\/#breadcrumb\",\"itemListElement\":[{\"@type\":\"ListItem\",\"position\":1,\"name\":\"Portada\",\"item\":\"https:\\\/\\\/fiasportsbrands.com\\\/peru\\\/\"},{\"@type\":\"ListItem\",\"position\":2,\"name\":\"Tienda\",\"item\":\"https:\\\/\\\/fiasportsbrands.com\\\/peru\\\/tienda\\\/\"},{\"@type\":\"ListItem\",\"position\":3,\"name\":\"LIGHTENT 1 PRO TENT\"}]},{\"@type\":\"WebSite\",\"@id\":\"https:\\\/\\\/fiasportsbrands.com\\\/peru\\\/#website\",\"url\":\"https:\\\/\\\/fiasportsbrands.com\\\/peru\\\/\",\"name\":\"FiaSports Per\u00fa\",\"description\":\"Distribuidor oficial de marcas deportivas\",\"publisher\":{\"@id\":\"https:\\\/\\\/fiasportsbrands.com\\\/peru\\\/#organization\"},\"potentialAction\":[{\"@type\":\"SearchAction\",\"target\":{\"@type\":\"EntryPoint\",\"urlTemplate\":\"https:\\\/\\\/fiasportsbrands.com\\\/peru\\\/?s={search_term_string}\"},\"query-input\":{\"@type\":\"PropertyValueSpecification\",\"valueRequired\":true,\"valueName\":\"search_term_string\"}}],\"inLanguage\":\"es\"},{\"@type\":\"Organization\",\"@id\":\"https:\\\/\\\/fiasportsbrands.com\\\/peru\\\/#organization\",\"name\":\"FiaSports Per\u00fa\",\"url\":\"https:\\\/\\\/fiasportsbrands.com\\\/peru\\\/\",\"logo\":{\"@type\":\"ImageObject\",\"inLanguage\":\"es\",\"@id\":\"https:\\\/\\\/fiasportsbrands.com\\\/peru\\\/#\\\/schema\\\/logo\\\/image\\\/\",\"url\":\"https:\\\/\\\/fiasportsbrands.com\\\/peru\\\/wp-content\\\/uploads\\\/sites\\\/2\\\/2023\\\/04\\\/logo_fiasports.png\",\"contentUrl\":\"https:\\\/\\\/fiasportsbrands.com\\\/peru\\\/wp-content\\\/uploads\\\/sites\\\/2\\\/2023\\\/04\\\/logo_fiasports.png\",\"width\":512,\"height\":128,\"caption\":\"FiaSports Per\u00fa\"},\"image\":{\"@id\":\"https:\\\/\\\/fiasportsbrands.com\\\/peru\\\/#\\\/schema\\\/logo\\\/image\\\/\"},\"sameAs\":[\"https:\\\/\\\/www.facebook.com\\\/bolleperuu\",\"https:\\\/\\\/www.instagram.com\\\/bolleperu\\\/\"]}]}<\/script>\n<!-- \/ Yoast SEO plugin. -->","yoast_head_json":{"title":"LIGHTENT 1 PRO TENT - FiaSports Per\u00fa","robots":{"index":"index","follow":"follow","max-snippet":"max-snippet:-1","max-image-preview":"max-image-preview:large","max-video-preview":"max-video-preview:-1"},"canonical":"https:\/\/fiasportsbrands.com\/peru\/producto\/lightent-1-pro-tent\/","og_locale":"es_ES","og_type":"article","og_title":"LIGHTENT 1 PRO TENT - FiaSports Per\u00fa","og_description":"Lightent 1 Pro es la tienda compacta y ultraligera pensada como refugio para senderistas, excursionistas y ciclistas de monta\u00f1a. El sistema de varillas exteriores permite montar la tienda incluso en caso de condiciones meteorol\u00f3gicas adversas sin mojar la habitaci\u00f3n. La atenci\u00f3n de Ferrino al respeto del medio ambiente se ha centrado siempre en un dise\u00f1o consciente y un servicio de asistencia posventa que garanticen una mayor duraci\u00f3n de sus productos. Ahora, para lograr un desarrollo responsable y sostenible, ofrecemos tiendas fabricadas con tejidos obtenidos de materias primas 100 % recicladas.","og_url":"https:\/\/fiasportsbrands.com\/peru\/producto\/lightent-1-pro-tent\/","og_site_name":"FiaSports Per\u00fa","article_publisher":"https:\/\/www.facebook.com\/bolleperuu","article_modified_time":"2025-08-29T23:24:32+00:00","og_image":[{"width":1080,"height":1080,"url":"https:\/\/fiasportsbrands.com\/peru\/wp-content\/uploads\/sites\/2\/2024\/11\/720.png","type":"image\/png"}],"twitter_card":"summary_large_image","twitter_misc":{"Tiempo de lectura":"1 minuto"},"schema":{"@context":"https:\/\/schema.org","@graph":[{"@type":"WebPage","@id":"https:\/\/fiasportsbrands.com\/peru\/producto\/lightent-1-pro-tent\/","url":"https:\/\/fiasportsbrands.com\/peru\/producto\/lightent-1-pro-tent\/","name":"LIGHTENT 1 PRO TENT - FiaSports Per\u00fa","isPartOf":{"@id":"https:\/\/fiasportsbrands.com\/peru\/#website"},"primaryImageOfPage":{"@id":"https:\/\/fiasportsbrands.com\/peru\/producto\/lightent-1-pro-tent\/#primaryimage"},"image":{"@id":"https:\/\/fiasportsbrands.com\/peru\/producto\/lightent-1-pro-tent\/#primaryimage"},"thumbnailUrl":"https:\/\/fiasportsbrands.com\/peru\/wp-content\/uploads\/sites\/2\/2024\/11\/720.png","datePublished":"2024-11-22T21:37:44+00:00","dateModified":"2025-08-29T23:24:32+00:00","breadcrumb":{"@id":"https:\/\/fiasportsbrands.com\/peru\/producto\/lightent-1-pro-tent\/#breadcrumb"},"inLanguage":"es","potentialAction":[{"@type":"ReadAction","target":["https:\/\/fiasportsbrands.com\/peru\/producto\/lightent-1-pro-tent\/"]}]},{"@type":"ImageObject","inLanguage":"es","@id":"https:\/\/fiasportsbrands.com\/peru\/producto\/lightent-1-pro-tent\/#primaryimage","url":"https:\/\/fiasportsbrands.com\/peru\/wp-content\/uploads\/sites\/2\/2024\/11\/720.png","contentUrl":"https:\/\/fiasportsbrands.com\/peru\/wp-content\/uploads\/sites\/2\/2024\/11\/720.png","width":1080,"height":1080},{"@type":"BreadcrumbList","@id":"https:\/\/fiasportsbrands.com\/peru\/producto\/lightent-1-pro-tent\/#breadcrumb","itemListElement":[{"@type":"ListItem","position":1,"name":"Portada","item":"https:\/\/fiasportsbrands.com\/peru\/"},{"@type":"ListItem","position":2,"name":"Tienda","item":"https:\/\/fiasportsbrands.com\/peru\/tienda\/"},{"@type":"ListItem","position":3,"name":"LIGHTENT 1 PRO TENT"}]},{"@type":"WebSite","@id":"https:\/\/fiasportsbrands.com\/peru\/#website","url":"https:\/\/fiasportsbrands.com\/peru\/","name":"FiaSports Per\u00fa","description":"Distribuidor oficial de marcas deportivas","publisher":{"@id":"https:\/\/fiasportsbrands.com\/peru\/#organization"},"potentialAction":[{"@type":"SearchAction","target":{"@type":"EntryPoint","urlTemplate":"https:\/\/fiasportsbrands.com\/peru\/?s={search_term_string}"},"query-input":{"@type":"PropertyValueSpecification","valueRequired":true,"valueName":"search_term_string"}}],"inLanguage":"es"},{"@type":"Organization","@id":"https:\/\/fiasportsbrands.com\/peru\/#organization","name":"FiaSports Per\u00fa","url":"https:\/\/fiasportsbrands.com\/peru\/","logo":{"@type":"ImageObject","inLanguage":"es","@id":"https:\/\/fiasportsbrands.com\/peru\/#\/schema\/logo\/image\/","url":"https:\/\/fiasportsbrands.com\/peru\/wp-content\/uploads\/sites\/2\/2023\/04\/logo_fiasports.png","contentUrl":"https:\/\/fiasportsbrands.com\/peru\/wp-content\/uploads\/sites\/2\/2023\/04\/logo_fiasports.png","width":512,"height":128,"caption":"FiaSports Per\u00fa"},"image":{"@id":"https:\/\/fiasportsbrands.com\/peru\/#\/schema\/logo\/image\/"},"sameAs":["https:\/\/www.facebook.com\/bolleperuu","https:\/\/www.instagram.com\/bolleperu\/"]}]}},"_links":{"self":[{"href":"https:\/\/fiasportsbrands.com\/peru\/wp-json\/wp\/v2\/product\/14191","targetHints":{"allow":["GET"]}}],"collection":[{"href":"https:\/\/fiasportsbrands.com\/peru\/wp-json\/wp\/v2\/product"}],"about":[{"href":"https:\/\/fiasportsbrands.com\/peru\/wp-json\/wp\/v2\/types\/product"}],"replies":[{"embeddable":true,"href":"https:\/\/fiasportsbrands.com\/peru\/wp-json\/wp\/v2\/comments?post=14191"}],"version-history":[{"count":4,"href":"https:\/\/fiasportsbrands.com\/peru\/wp-json\/wp\/v2\/product\/14191\/revisions"}],"predecessor-version":[{"id":14202,"href":"https:\/\/fiasportsbrands.com\/peru\/wp-json\/wp\/v2\/product\/14191\/revisions\/14202"}],"wp:featuredmedia":[{"embeddable":true,"href":"https:\/\/fiasportsbrands.com\/peru\/wp-json\/wp\/v2\/media\/14193"}],"wp:attachment":[{"href":"https:\/\/fiasportsbrands.com\/peru\/wp-json\/wp\/v2\/media?parent=14191"}],"wp:term":[{"taxonomy":"product_brand","embeddable":true,"href":"https:\/\/fiasportsbrands.com\/peru\/wp-json\/wp\/v2\/product_brand?post=14191"},{"taxonomy":"product_cat","embeddable":true,"href":"https:\/\/fiasportsbrands.com\/peru\/wp-json\/wp\/v2\/product_cat?post=14191"},{"taxonomy":"product_tag","embeddable":true,"href":"https:\/\/fiasportsbrands.com\/peru\/wp-json\/wp\/v2\/product_tag?post=14191"}],"curies":[{"name":"wp","href":"https:\/\/api.w.org\/{rel}","templated":true}]}}