{"id":10356,"date":"2023-07-29T18:00:27","date_gmt":"2023-07-29T23:00:27","guid":{"rendered":"https:\/\/fiasportsbrands.com\/peru\/?post_type=product&#038;p=10356"},"modified":"2026-01-12T16:16:14","modified_gmt":"2026-01-12T21:16:14","slug":"radiant","status":"publish","type":"product","link":"https:\/\/fiasportsbrands.com\/peru\/producto\/radiant\/","title":{"rendered":"Radiant"},"content":{"rendered":"<div class=\"container-no-gutters\">\n<div class=\"container content-section collapsible-section my-3 pdp-content-section-fit-guide-85273-RADIANT\">\n<div id=\"collapsibleContentSection1\" class=\"row justify-content-center mb-5 collapse\">\n<div class=\"col-sm-12 col-lg-6\"><img fetchpriority=\"high\" decoding=\"async\" class=\"highlight-image\" title=\"FitGuide 1\" src=\"https:\/\/www.bolle.com\/on\/demandware.static\/-\/Library-Sites-BolleEUSharedLibrary\/default\/dwe63540c6\/pdp\/fit_guide\/RADIANT_1.jpg\" alt=\"FitGuide 1\" width=\"593\" height=\"318\" \/><img decoding=\"async\" class=\"highlight-image\" title=\"FitGuide 2\" src=\"https:\/\/www.bolle.com\/on\/demandware.static\/-\/Library-Sites-BolleEUSharedLibrary\/default\/dwf1534ac2\/pdp\/fit_guide\/RADIANT_2.jpg\" alt=\"FitGuide 2\" width=\"582\" height=\"312\" \/><\/div>\n<\/div>\n<\/div>\n<\/div>\n<div class=\"container-no-gutters\">\n<div class=\"container content-section collapsible-section my-3 pdp-video-radiant\">\n<div class=\"row content-section-row\">\n<div class=\"col-12\"><\/div>\n<\/div>\n<div id=\"collapsibleContentSection2\" class=\"row justify-content-center mb-5 collapse\"><\/div>\n<\/div>\n<\/div>\n<div class=\"container-no-gutters\">\n<div class=\"container content-section collapsible-section my-3 pdp-content-section-volt-sunglasses\">\n<div class=\"row content-section-row\">\n<div class=\"col-12\"><\/div>\n<\/div>\n<div id=\"collapsibleContentSection3\" class=\"row justify-content-center mb-5 collapse\">\n<div id=\"volt_sunglass\" class=\"row align-items-lg-center\">\n<div class=\"col-12 col-lg-5 col-xl-6 h-100 order-2 order-lg-1\">\n<div class=\"d-flex justify-content-center align-items-xl-center\">\n<div class=\"mt-4 mt-md-0 text-left text-lg-right\">\n<h2 class=\"text-uppercase mb-4\">+ REDISCOVER EARTH WITH VOLT+<\/h2>\n<p class=\"mb-0\">Volt + de Boll\u00e9 es el primer vidrio solar desarrollado con ayuda de la inteligencia artificial. Boll\u00e9 ha probado m\u00e1s de 20 millones de combinaciones para desarrollar una soluci\u00f3n patentada que ofrezca una experiencia de color m\u00e1s rica de lo que el ser humano es capaz de crear. Esta tecnolog\u00eda Volt + ofrece una mejora de los colores superior al 30 % para poder ver los colores como nunca antes se hab\u00edan visto manteniendo el balance de blancos. Adem\u00e1s de mejorar todos los colores, Volt + ofrece una visi\u00f3n con alto contraste, una mejor percepci\u00f3n de la profundidad y una polarizaci\u00f3n de altas prestaciones.<\/p>\n<\/div>\n<\/div>\n<\/div>\n<\/div>\n<\/div>\n<\/div>\n<\/div>\n<div class=\"container-no-gutters\">\n<div class=\"container content-section collapsible-section my-3 pdp-content-section-thermogrip-sunglasses\">\n<div class=\"row content-section-row\">\n<div class=\"col-12\"><\/div>\n<\/div>\n<div id=\"collapsibleContentSection4\" class=\"row justify-content-center mb-5 collapse\">\n<div class=\"row align-items-lg-center\">\n<div class=\"col-12 col-lg-6 col-xl-6 order-1 order-lg-2\">\n<div class=\"img-wrapper mw-100 text-center\">\n<div class=\"video-wrapper\"><\/div>\n<\/div>\n<\/div>\n<div class=\"col-12 col-lg-6 col-xl-6 h-100 order-2 order-lg-1\">\n<div class=\"d-flex justify-content-center align-items-md-center px-3 px-md-0\">\n<div class=\"mt-4 mt-md-0 text-left text-lg-right\">\n<h2><\/h2>\n<h2 class=\"text-uppercase mb-4\">+ TECNOLOG\u00cdA THERMOGRIP<sup>\u00ae<\/sup><\/h2>\n<p class=\"mb-0\">La goma termopl\u00e1stica Thermogrip<sup>\u00ae<\/sup>\u00a0est\u00e1 especialmente dise\u00f1ada para que sus cualidades de adherencia mejoren en contacto con el agua y el sudor. Insertada en zonas de contacto estrat\u00e9gicas de las monturas como las patillas y las plaquetas, garantiza una sujeci\u00f3n perfecta independientemente de la intensidad de la actividad.<\/p>\n<\/div>\n<\/div>\n<\/div>\n<\/div>\n<\/div>\n<\/div>\n<\/div>\n","protected":false},"excerpt":{"rendered":"<p>Modernas y atrevidas, las RADIANT son la versi\u00f3n met\u00e1lica de Boll\u00e9 de la silueta Pantos cl\u00e1sica. Se caracterizan por sus patillas curvadas en S y su bisagra integrada, este modelo es perfectamente adecuado para un estilo de vida activo gracias a sus patillas Thermogrip\u00ae y su almohadilla nasal de silicona, que garantizan un confort y una estabilidad inigualables. Disponibles con las Volt+, las revolucionarias lentes de alto contraste y polarizadas de Boll\u00e9.<\/p>\n","protected":false},"featured_media":9415,"comment_status":"open","ping_status":"closed","template":"","meta":{"site-sidebar-layout":"default","site-content-layout":"default","ast-site-content-layout":"default","site-content-style":"default","site-sidebar-style":"default","ast-global-header-display":"","ast-banner-title-visibility":"","ast-main-header-display":"","ast-hfb-above-header-display":"","ast-hfb-below-header-display":"","ast-hfb-mobile-header-display":"","site-post-title":"","ast-breadcrumbs-content":"","ast-featured-img":"","footer-sml-layout":"","ast-disable-related-posts":"","theme-transparent-header-meta":"default","adv-header-id-meta":"","stick-header-meta":"","header-above-stick-meta":"","header-main-stick-meta":"","header-below-stick-meta":"","astra-migrate-meta-layouts":"default","ast-page-background-enabled":"default","ast-page-background-meta":{"desktop":{"background-color":"","background-image":"","background-repeat":"repeat","background-position":"center center","background-size":"auto","background-attachment":"scroll","background-type":"","background-media":"","overlay-type":"","overlay-color":"","overlay-opacity":"","overlay-gradient":""},"tablet":{"background-color":"","background-image":"","background-repeat":"repeat","background-position":"center center","background-size":"auto","background-attachment":"scroll","background-type":"","background-media":"","overlay-type":"","overlay-color":"","overlay-opacity":"","overlay-gradient":""},"mobile":{"background-color":"","background-image":"","background-repeat":"repeat","background-position":"center center","background-size":"auto","background-attachment":"scroll","background-type":"","background-media":"","overlay-type":"","overlay-color":"","overlay-opacity":"","overlay-gradient":""}},"ast-content-background-meta":{"desktop":{"background-color":"var(--ast-global-color-5)","background-image":"","background-repeat":"repeat","background-position":"center center","background-size":"auto","background-attachment":"scroll","background-type":"","background-media":"","overlay-type":"","overlay-color":"","overlay-opacity":"","overlay-gradient":""},"tablet":{"background-color":"var(--ast-global-color-5)","background-image":"","background-repeat":"repeat","background-position":"center center","background-size":"auto","background-attachment":"scroll","background-type":"","background-media":"","overlay-type":"","overlay-color":"","overlay-opacity":"","overlay-gradient":""},"mobile":{"background-color":"var(--ast-global-color-5)","background-image":"","background-repeat":"repeat","background-position":"center center","background-size":"auto","background-attachment":"scroll","background-type":"","background-media":"","overlay-type":"","overlay-color":"","overlay-opacity":"","overlay-gradient":""}}},"product_brand":[],"product_cat":[460,540],"product_tag":[],"class_list":{"0":"post-10356","1":"product","2":"type-product","3":"status-publish","4":"has-post-thumbnail","6":"product_cat-bolle","7":"product_cat-lentes-lifestyle","8":"desktop-align-left","9":"tablet-align-left","10":"mobile-align-left","12":"first","13":"instock","14":"shipping-taxable","15":"purchasable","16":"product-type-variable"},"yoast_head":"<!-- This site is optimized with the Yoast SEO plugin v27.5 - https:\/\/yoast.com\/product\/yoast-seo-wordpress\/ -->\n<title>Radiant - FiaSports Per\u00fa<\/title>\n<meta name=\"robots\" content=\"index, follow, max-snippet:-1, max-image-preview:large, max-video-preview:-1\" \/>\n<link rel=\"canonical\" href=\"https:\/\/fiasportsbrands.com\/peru\/producto\/radiant\/\" \/>\n<meta property=\"og:locale\" content=\"es_ES\" \/>\n<meta property=\"og:type\" content=\"article\" \/>\n<meta property=\"og:title\" content=\"Radiant - FiaSports Per\u00fa\" \/>\n<meta property=\"og:description\" content=\"Modernas y atrevidas, las RADIANT son la versi\u00f3n met\u00e1lica de Boll\u00e9 de la silueta Pantos cl\u00e1sica. Se caracterizan por sus patillas curvadas en S y su bisagra integrada, este modelo es perfectamente adecuado para un estilo de vida activo gracias a sus patillas Thermogrip\u00ae y su almohadilla nasal de silicona, que garantizan un confort y una estabilidad inigualables. Disponibles con las Volt+, las revolucionarias lentes de alto contraste y polarizadas de Boll\u00e9.\" \/>\n<meta property=\"og:url\" content=\"https:\/\/fiasportsbrands.com\/peru\/producto\/radiant\/\" \/>\n<meta property=\"og:site_name\" content=\"FiaSports Per\u00fa\" \/>\n<meta property=\"article:publisher\" content=\"https:\/\/www.facebook.com\/bolleperuu\" \/>\n<meta property=\"article:modified_time\" content=\"2026-01-12T21:16:14+00:00\" \/>\n<meta property=\"og:image\" content=\"https:\/\/fiasportsbrands.com\/peru\/wp-content\/uploads\/sites\/2\/2023\/07\/BS145003-Radiant_Blue-Rose-Matte-HD-Polarized-Brown-Pink-010.jpg\" \/>\n\t<meta property=\"og:image:width\" content=\"600\" \/>\n\t<meta property=\"og:image:height\" content=\"600\" \/>\n\t<meta property=\"og:image:type\" content=\"image\/jpeg\" \/>\n<meta name=\"twitter:card\" content=\"summary_large_image\" \/>\n<meta name=\"twitter:label1\" content=\"Tiempo de lectura\" \/>\n\t<meta name=\"twitter:data1\" content=\"2 minutos\" \/>\n<script type=\"application\/ld+json\" class=\"yoast-schema-graph\">{\"@context\":\"https:\\\/\\\/schema.org\",\"@graph\":[{\"@type\":\"WebPage\",\"@id\":\"https:\\\/\\\/fiasportsbrands.com\\\/peru\\\/producto\\\/radiant\\\/\",\"url\":\"https:\\\/\\\/fiasportsbrands.com\\\/peru\\\/producto\\\/radiant\\\/\",\"name\":\"Radiant - FiaSports Per\u00fa\",\"isPartOf\":{\"@id\":\"https:\\\/\\\/fiasportsbrands.com\\\/peru\\\/#website\"},\"primaryImageOfPage\":{\"@id\":\"https:\\\/\\\/fiasportsbrands.com\\\/peru\\\/producto\\\/radiant\\\/#primaryimage\"},\"image\":{\"@id\":\"https:\\\/\\\/fiasportsbrands.com\\\/peru\\\/producto\\\/radiant\\\/#primaryimage\"},\"thumbnailUrl\":\"https:\\\/\\\/fiasportsbrands.com\\\/peru\\\/wp-content\\\/uploads\\\/sites\\\/2\\\/2023\\\/07\\\/BS145003-Radiant_Blue-Rose-Matte-HD-Polarized-Brown-Pink-010.jpg\",\"datePublished\":\"2023-07-29T23:00:27+00:00\",\"dateModified\":\"2026-01-12T21:16:14+00:00\",\"breadcrumb\":{\"@id\":\"https:\\\/\\\/fiasportsbrands.com\\\/peru\\\/producto\\\/radiant\\\/#breadcrumb\"},\"inLanguage\":\"es\",\"potentialAction\":[{\"@type\":\"ReadAction\",\"target\":[\"https:\\\/\\\/fiasportsbrands.com\\\/peru\\\/producto\\\/radiant\\\/\"]}]},{\"@type\":\"ImageObject\",\"inLanguage\":\"es\",\"@id\":\"https:\\\/\\\/fiasportsbrands.com\\\/peru\\\/producto\\\/radiant\\\/#primaryimage\",\"url\":\"https:\\\/\\\/fiasportsbrands.com\\\/peru\\\/wp-content\\\/uploads\\\/sites\\\/2\\\/2023\\\/07\\\/BS145003-Radiant_Blue-Rose-Matte-HD-Polarized-Brown-Pink-010.jpg\",\"contentUrl\":\"https:\\\/\\\/fiasportsbrands.com\\\/peru\\\/wp-content\\\/uploads\\\/sites\\\/2\\\/2023\\\/07\\\/BS145003-Radiant_Blue-Rose-Matte-HD-Polarized-Brown-Pink-010.jpg\",\"width\":600,\"height\":600},{\"@type\":\"BreadcrumbList\",\"@id\":\"https:\\\/\\\/fiasportsbrands.com\\\/peru\\\/producto\\\/radiant\\\/#breadcrumb\",\"itemListElement\":[{\"@type\":\"ListItem\",\"position\":1,\"name\":\"Portada\",\"item\":\"https:\\\/\\\/fiasportsbrands.com\\\/peru\\\/\"},{\"@type\":\"ListItem\",\"position\":2,\"name\":\"Tienda\",\"item\":\"https:\\\/\\\/fiasportsbrands.com\\\/peru\\\/tienda\\\/\"},{\"@type\":\"ListItem\",\"position\":3,\"name\":\"Radiant\"}]},{\"@type\":\"WebSite\",\"@id\":\"https:\\\/\\\/fiasportsbrands.com\\\/peru\\\/#website\",\"url\":\"https:\\\/\\\/fiasportsbrands.com\\\/peru\\\/\",\"name\":\"FiaSports Per\u00fa\",\"description\":\"Distribuidor oficial de marcas deportivas\",\"publisher\":{\"@id\":\"https:\\\/\\\/fiasportsbrands.com\\\/peru\\\/#organization\"},\"potentialAction\":[{\"@type\":\"SearchAction\",\"target\":{\"@type\":\"EntryPoint\",\"urlTemplate\":\"https:\\\/\\\/fiasportsbrands.com\\\/peru\\\/?s={search_term_string}\"},\"query-input\":{\"@type\":\"PropertyValueSpecification\",\"valueRequired\":true,\"valueName\":\"search_term_string\"}}],\"inLanguage\":\"es\"},{\"@type\":\"Organization\",\"@id\":\"https:\\\/\\\/fiasportsbrands.com\\\/peru\\\/#organization\",\"name\":\"FiaSports Per\u00fa\",\"url\":\"https:\\\/\\\/fiasportsbrands.com\\\/peru\\\/\",\"logo\":{\"@type\":\"ImageObject\",\"inLanguage\":\"es\",\"@id\":\"https:\\\/\\\/fiasportsbrands.com\\\/peru\\\/#\\\/schema\\\/logo\\\/image\\\/\",\"url\":\"https:\\\/\\\/fiasportsbrands.com\\\/peru\\\/wp-content\\\/uploads\\\/sites\\\/2\\\/2023\\\/04\\\/logo_fiasports.png\",\"contentUrl\":\"https:\\\/\\\/fiasportsbrands.com\\\/peru\\\/wp-content\\\/uploads\\\/sites\\\/2\\\/2023\\\/04\\\/logo_fiasports.png\",\"width\":512,\"height\":128,\"caption\":\"FiaSports Per\u00fa\"},\"image\":{\"@id\":\"https:\\\/\\\/fiasportsbrands.com\\\/peru\\\/#\\\/schema\\\/logo\\\/image\\\/\"},\"sameAs\":[\"https:\\\/\\\/www.facebook.com\\\/bolleperuu\",\"https:\\\/\\\/www.instagram.com\\\/bolleperu\\\/\"]}]}<\/script>\n<!-- \/ Yoast SEO plugin. -->","yoast_head_json":{"title":"Radiant - FiaSports Per\u00fa","robots":{"index":"index","follow":"follow","max-snippet":"max-snippet:-1","max-image-preview":"max-image-preview:large","max-video-preview":"max-video-preview:-1"},"canonical":"https:\/\/fiasportsbrands.com\/peru\/producto\/radiant\/","og_locale":"es_ES","og_type":"article","og_title":"Radiant - FiaSports Per\u00fa","og_description":"Modernas y atrevidas, las RADIANT son la versi\u00f3n met\u00e1lica de Boll\u00e9 de la silueta Pantos cl\u00e1sica. Se caracterizan por sus patillas curvadas en S y su bisagra integrada, este modelo es perfectamente adecuado para un estilo de vida activo gracias a sus patillas Thermogrip\u00ae y su almohadilla nasal de silicona, que garantizan un confort y una estabilidad inigualables. Disponibles con las Volt+, las revolucionarias lentes de alto contraste y polarizadas de Boll\u00e9.","og_url":"https:\/\/fiasportsbrands.com\/peru\/producto\/radiant\/","og_site_name":"FiaSports Per\u00fa","article_publisher":"https:\/\/www.facebook.com\/bolleperuu","article_modified_time":"2026-01-12T21:16:14+00:00","og_image":[{"width":600,"height":600,"url":"https:\/\/fiasportsbrands.com\/peru\/wp-content\/uploads\/sites\/2\/2023\/07\/BS145003-Radiant_Blue-Rose-Matte-HD-Polarized-Brown-Pink-010.jpg","type":"image\/jpeg"}],"twitter_card":"summary_large_image","twitter_misc":{"Tiempo de lectura":"2 minutos"},"schema":{"@context":"https:\/\/schema.org","@graph":[{"@type":"WebPage","@id":"https:\/\/fiasportsbrands.com\/peru\/producto\/radiant\/","url":"https:\/\/fiasportsbrands.com\/peru\/producto\/radiant\/","name":"Radiant - FiaSports Per\u00fa","isPartOf":{"@id":"https:\/\/fiasportsbrands.com\/peru\/#website"},"primaryImageOfPage":{"@id":"https:\/\/fiasportsbrands.com\/peru\/producto\/radiant\/#primaryimage"},"image":{"@id":"https:\/\/fiasportsbrands.com\/peru\/producto\/radiant\/#primaryimage"},"thumbnailUrl":"https:\/\/fiasportsbrands.com\/peru\/wp-content\/uploads\/sites\/2\/2023\/07\/BS145003-Radiant_Blue-Rose-Matte-HD-Polarized-Brown-Pink-010.jpg","datePublished":"2023-07-29T23:00:27+00:00","dateModified":"2026-01-12T21:16:14+00:00","breadcrumb":{"@id":"https:\/\/fiasportsbrands.com\/peru\/producto\/radiant\/#breadcrumb"},"inLanguage":"es","potentialAction":[{"@type":"ReadAction","target":["https:\/\/fiasportsbrands.com\/peru\/producto\/radiant\/"]}]},{"@type":"ImageObject","inLanguage":"es","@id":"https:\/\/fiasportsbrands.com\/peru\/producto\/radiant\/#primaryimage","url":"https:\/\/fiasportsbrands.com\/peru\/wp-content\/uploads\/sites\/2\/2023\/07\/BS145003-Radiant_Blue-Rose-Matte-HD-Polarized-Brown-Pink-010.jpg","contentUrl":"https:\/\/fiasportsbrands.com\/peru\/wp-content\/uploads\/sites\/2\/2023\/07\/BS145003-Radiant_Blue-Rose-Matte-HD-Polarized-Brown-Pink-010.jpg","width":600,"height":600},{"@type":"BreadcrumbList","@id":"https:\/\/fiasportsbrands.com\/peru\/producto\/radiant\/#breadcrumb","itemListElement":[{"@type":"ListItem","position":1,"name":"Portada","item":"https:\/\/fiasportsbrands.com\/peru\/"},{"@type":"ListItem","position":2,"name":"Tienda","item":"https:\/\/fiasportsbrands.com\/peru\/tienda\/"},{"@type":"ListItem","position":3,"name":"Radiant"}]},{"@type":"WebSite","@id":"https:\/\/fiasportsbrands.com\/peru\/#website","url":"https:\/\/fiasportsbrands.com\/peru\/","name":"FiaSports Per\u00fa","description":"Distribuidor oficial de marcas deportivas","publisher":{"@id":"https:\/\/fiasportsbrands.com\/peru\/#organization"},"potentialAction":[{"@type":"SearchAction","target":{"@type":"EntryPoint","urlTemplate":"https:\/\/fiasportsbrands.com\/peru\/?s={search_term_string}"},"query-input":{"@type":"PropertyValueSpecification","valueRequired":true,"valueName":"search_term_string"}}],"inLanguage":"es"},{"@type":"Organization","@id":"https:\/\/fiasportsbrands.com\/peru\/#organization","name":"FiaSports Per\u00fa","url":"https:\/\/fiasportsbrands.com\/peru\/","logo":{"@type":"ImageObject","inLanguage":"es","@id":"https:\/\/fiasportsbrands.com\/peru\/#\/schema\/logo\/image\/","url":"https:\/\/fiasportsbrands.com\/peru\/wp-content\/uploads\/sites\/2\/2023\/04\/logo_fiasports.png","contentUrl":"https:\/\/fiasportsbrands.com\/peru\/wp-content\/uploads\/sites\/2\/2023\/04\/logo_fiasports.png","width":512,"height":128,"caption":"FiaSports Per\u00fa"},"image":{"@id":"https:\/\/fiasportsbrands.com\/peru\/#\/schema\/logo\/image\/"},"sameAs":["https:\/\/www.facebook.com\/bolleperuu","https:\/\/www.instagram.com\/bolleperu\/"]}]}},"_links":{"self":[{"href":"https:\/\/fiasportsbrands.com\/peru\/wp-json\/wp\/v2\/product\/10356","targetHints":{"allow":["GET"]}}],"collection":[{"href":"https:\/\/fiasportsbrands.com\/peru\/wp-json\/wp\/v2\/product"}],"about":[{"href":"https:\/\/fiasportsbrands.com\/peru\/wp-json\/wp\/v2\/types\/product"}],"replies":[{"embeddable":true,"href":"https:\/\/fiasportsbrands.com\/peru\/wp-json\/wp\/v2\/comments?post=10356"}],"version-history":[{"count":4,"href":"https:\/\/fiasportsbrands.com\/peru\/wp-json\/wp\/v2\/product\/10356\/revisions"}],"predecessor-version":[{"id":14328,"href":"https:\/\/fiasportsbrands.com\/peru\/wp-json\/wp\/v2\/product\/10356\/revisions\/14328"}],"wp:featuredmedia":[{"embeddable":true,"href":"https:\/\/fiasportsbrands.com\/peru\/wp-json\/wp\/v2\/media\/9415"}],"wp:attachment":[{"href":"https:\/\/fiasportsbrands.com\/peru\/wp-json\/wp\/v2\/media?parent=10356"}],"wp:term":[{"taxonomy":"product_brand","embeddable":true,"href":"https:\/\/fiasportsbrands.com\/peru\/wp-json\/wp\/v2\/product_brand?post=10356"},{"taxonomy":"product_cat","embeddable":true,"href":"https:\/\/fiasportsbrands.com\/peru\/wp-json\/wp\/v2\/product_cat?post=10356"},{"taxonomy":"product_tag","embeddable":true,"href":"https:\/\/fiasportsbrands.com\/peru\/wp-json\/wp\/v2\/product_tag?post=10356"}],"curies":[{"name":"wp","href":"https:\/\/api.w.org\/{rel}","templated":true}]}}